{"id":37964,"date":"2023-12-22T20:46:01","date_gmt":"2023-12-22T20:46:01","guid":{"rendered":"https:\/\/e.kosmolat.eu\/product\/i_ht-total-reconstruction-sampuns-bez-sulfatiem-sausiem-un-bojatiem-matiem-500-ml\/"},"modified":"2025-09-19T23:31:38","modified_gmt":"2025-09-19T23:31:38","slug":"i_ht-total-reconstruction-sampuns-bez-sulfatiem-sausiem-un-bojatiem-matiem-500-ml","status":"publish","type":"product","link":"https:\/\/e.kosmolat.eu\/lv\/product\/i_ht-total-reconstruction-sampuns-bez-sulfatiem-sausiem-un-bojatiem-matiem-500-ml\/","title":{"rendered":"I_HT Total Reconstruction Sampuns bez sulfatiem sausiem un bojatiem matiem, 500 ml"},"content":{"rendered":"<p>Total Reconstruction &Scaron;amp\u016bns bez sulf\u0101tiem sausiem un boj\u0101tiem matiem<\/p>\n<p>Matu strukt\u016bras un sp\u012bduma atjauno\u0161ana vis\u0101 garum\u0101.<br \/>\nAizsardz\u012bba pret cietu \u016bdeni. Kokosriekstu e\u013c\u013cas atvasin\u0101jums. M\u012bksta formula uz micel\u0101r\u0101 \u016bdens.<br \/>\nBez SLS parab\u0113niem, silikoniem, kr\u0101sviel\u0101m.<br \/>\n100% dab\u012bgas akt\u012bv\u0101s sast\u0101vda\u013cas.<br \/>\nAkt\u012bv\u0101s sast\u0101vda\u013cas: r\u012bsu kliju, kvie\u0161u d\u012bg\u013cu, ol\u012bvu, argana un \u0161\u012b e\u013c\u013cu fitokomplekss<br \/>\n&Scaron;amp\u016bns nodro\u0161ina dzi\u013cu baro\u0161anu un pal\u012bdz atjaunot boj\u0101tu matu strukt\u016bru. Kvie\u0161u asnu e\u013c\u013ca bag\u0101t\u012bg\u0101 \u0161amp\u016bna formul\u0101 mitrina sausos matu galus. Ol\u012bve\u013c\u013cai piem\u012bt gluduma un dab\u012bg\u0101 sp\u012bduma efekts. Argana e\u013c\u013ca aizsarg\u0101 matus no temperat\u016bras izmai\u0146u negat\u012bv\u0101s ietekmes. R\u012bsu klijas un \u0161\u012b e\u013c\u013cas veicina matu aug\u0161anu. &Scaron;veices formula, kas izstr\u0101d\u0101ta kop\u0101 ar farmaceitu, kuras pamat\u0101 ir viegla virsmakt\u012bv\u0101 viela no kokosriekstu e\u013c\u013cas tauksk\u0101b\u0113m.<br \/>\nLieto\u0161ana: Uzkl\u0101jiet ar maig\u0101m mas\u0101\u017eas kust\u012bb\u0101m mitros matos, saputojiet un r\u016bp\u012bgi izskalojiet ar \u016bdeni. Ja nepiecie\u0161ams, atk\u0101rtojiet. Uzman\u012bbu: Tikai \u0101r\u0113jai lieto\u0161anai, ja nok\u013c\u016bst ac\u012bs, r\u016bp\u012bgi izskalojiet ar lielu daudzumu teko\u0161a \u016bdens. Kontrindik\u0101cijas: individu\u0101la \u0161amp\u016bnu sast\u0101vda\u013cu nepanesam\u012bba.<\/p>\n<p>Br\u012bdin\u0101jumi: Ja nok\u013c\u016bst ac\u012bs, izskalot ar lielu daudzumu \u016bdeni.<br \/>\nKontrindik\u0101cijas: individu\u0101la jut\u012bba pret produkta sast\u0101vda\u013c\u0101m.<br \/>\nUzglab\u0101t temperat\u016br\u0101 no + 5C l\u012bdz + 25C un 55 l\u012bdz 70% relat\u012bv\u0101 mitruma, sarg\u0101jot no tie\u0161iem saules stariem vismaz 1 m att\u0101lum\u0101 no paaugstin\u0101tas temperat\u016bras avotiem.<br \/>\nDer\u012bguma termi\u0146\u0161 36 m\u0113ne\u0161i no izgatavo\u0161anas datuma, kas nor\u0101d\u012bts uz iepakojuma. Izlietot 12 m\u0113ne\u0161u laik\u0101 p\u0113c atv\u0113r\u0161anas, \u0146emot v\u0113r\u0101 uz iepakojuma nor\u0101d\u012bto der\u012bguma termi\u0146u. Partijas numurs atbilst ra\u017eo\u0161anas datumam.<br \/>\n&nbsp;<\/p>\n","protected":false},"excerpt":{"rendered":"<p>Total Reconstruction &Scaron;amp\u016bns bez sulf\u0101tiem sausiem un boj\u0101tiem matiem Matu strukt\u016bras un sp\u012bduma atjauno\u0161ana vis\u0101 garum\u0101. Aizsardz\u012bba pret cietu \u016bdeni. Kokosriekstu e\u013c\u013cas atvasin\u0101jums. M\u012bksta formula uz micel\u0101r\u0101 \u016bdens. Bez SLS parab\u0113niem, silikoniem, kr\u0101sviel\u0101m. 100% dab\u012bgas akt\u012bv\u0101s sast\u0101vda\u013cas. Akt\u012bv\u0101s sast\u0101vda\u013cas: r\u012bsu kliju, kvie\u0161u d\u012bg\u013cu, ol\u012bvu, argana un \u0161\u012b e\u013c\u013cu fitokomplekss &Scaron;amp\u016bns nodro\u0161ina dzi\u013cu baro\u0161anu un pal\u012bdz [&#8230;]\n","protected":false},"featured_media":87134,"template":"","meta":[],"product_cat":[1248],"product_tag":[],"class_list":{"0":"post-37964","1":"product","2":"type-product","3":"status-publish","4":"has-post-thumbnail","6":"product_brand-naturpro_ua","7":"product_cat-sampuni","9":"first","10":"outofstock","11":"taxable","12":"shipping-taxable","13":"product-type-simple"},"_links":{"self":[{"href":"https:\/\/e.kosmolat.eu\/lv\/wp-json\/wp\/v2\/product\/37964","targetHints":{"allow":["GET"]}}],"collection":[{"href":"https:\/\/e.kosmolat.eu\/lv\/wp-json\/wp\/v2\/product"}],"about":[{"href":"https:\/\/e.kosmolat.eu\/lv\/wp-json\/wp\/v2\/types\/product"}],"wp:featuredmedia":[{"embeddable":true,"href":"https:\/\/e.kosmolat.eu\/lv\/wp-json\/wp\/v2\/media\/87134"}],"wp:attachment":[{"href":"https:\/\/e.kosmolat.eu\/lv\/wp-json\/wp\/v2\/media?parent=37964"}],"wp:term":[{"taxonomy":"product_cat","embeddable":true,"href":"https:\/\/e.kosmolat.eu\/lv\/wp-json\/wp\/v2\/product_cat?post=37964"},{"taxonomy":"product_tag","embeddable":true,"href":"https:\/\/e.kosmolat.eu\/lv\/wp-json\/wp\/v2\/product_tag?post=37964"}],"curies":[{"name":"wp","href":"https:\/\/api.w.org\/{rel}","templated":true}]}}