{"id":37960,"date":"2023-12-22T20:45:29","date_gmt":"2023-12-22T20:45:29","guid":{"rendered":"https:\/\/e.kosmolat.eu\/product\/i_ht-maska-krasotiem-matiem-color-protection-15-ml\/"},"modified":"2025-09-19T23:31:23","modified_gmt":"2025-09-19T23:31:23","slug":"i_ht-maska-krasotiem-matiem-color-protection-15-ml","status":"publish","type":"product","link":"https:\/\/e.kosmolat.eu\/lv\/product\/i_ht-maska-krasotiem-matiem-color-protection-15-ml\/","title":{"rendered":"I_HT Maska kr\u0101sotiem matiem &#8220;Color Protection&#8221;, 15 ml"},"content":{"rendered":"<p><strong>Termisk\u0101<\/strong> maska pal\u012bdz atjaunot kr\u0101sotu matu boj\u0101to strukt\u016bru un saglab\u0101t kr\u0101sas intensit\u0101ti. Bag\u0101t\u012bg\u0101 maskas formula nodro\u0161ina matu mitrin\u0101\u0161anu un baro\u0161anu.<br \/>\n<strong>Dabisko ekstraktu<\/strong> (ave\u0146u, upe\u0146u, gran\u0101t\u0101bolu s\u0113klu un bezkr\u0101sain\u0101s hennas)<strong> fitokomplekss<\/strong> kombin\u0101cij\u0101 ar katjonu polim\u0113ru veido uz matu virsmas aizsargpl\u0113vi, lai aizsarg\u0101tu kr\u0101su, pie\u0161\u0137ir matiem sp\u012bdumu un z\u012bdainumu.<br \/>\n<strong>&Scaron;veices formula<\/strong> tika izstr\u0101d\u0101ta ar farmaceita pal\u012bdz\u012bbu, pamatojoties uz ecohybrids* emulgatoru &#8211; komponentu, kas atbilst starptautiskajam standartam ISO 16128-1 un ir balst\u012bts uz dabiskiem un atjaunojamiem avotiem.<br \/>\n<strong>Lieto\u0161anas veids: <\/strong>uzkl\u0101t uz mitriem matiem, \u012bpa\u0161u uzman\u012bbu piev\u0113r\u0161ot matu galiem, iet\u012bt matus dviel\u012b vai uzvilkt vienreiz\u0113j\u0101s lieto\u0161anas cepur\u012bti un atst\u0101t uz 30-40 min\u016bt\u0113m, p\u0113c tam r\u016bp\u012bgi izskalot ar \u016bdeni.<br \/>\n<strong>Uzman\u012bbu<\/strong>: Tikai \u0101r\u012bgai lieto\u0161anai. Ja nok\u013c\u016bst ac\u012bs, r\u016bp\u012bgi izskalot ar lielu daudzumu teko\u0161a \u016bdens.<br \/>\n<strong>Kontrindik\u0101cijas:<\/strong> individu\u0101la neieciet\u012bba pret maskas sast\u0101vda\u013c\u0101m. Uzglab\u0101t temperat\u016br\u0101 no +5&deg;C l\u012bdz +25&deg;C un relat\u012bvaj\u0101 mitrum\u0101 55-70% viet\u0101 aizsarg\u0101t\u0101 no tie\u0161iem saules stariem vismaz viena metra att\u0101lum\u0101 no augstas temperat\u016bras avotiem.<br \/>\n&nbsp;<\/p>\n","protected":false},"excerpt":{"rendered":"<p>Termisk\u0101 maska pal\u012bdz atjaunot kr\u0101sotu matu boj\u0101to strukt\u016bru un saglab\u0101t kr\u0101sas intensit\u0101ti. Bag\u0101t\u012bg\u0101 maskas formula nodro\u0161ina matu mitrin\u0101\u0161anu un baro\u0161anu. Dabisko ekstraktu (ave\u0146u, upe\u0146u, gran\u0101t\u0101bolu s\u0113klu un bezkr\u0101sain\u0101s hennas) fitokomplekss kombin\u0101cij\u0101 ar katjonu polim\u0113ru veido uz matu virsmas aizsargpl\u0113vi, lai aizsarg\u0101tu kr\u0101su, pie\u0161\u0137ir matiem sp\u012bdumu un z\u012bdainumu. &Scaron;veices formula tika izstr\u0101d\u0101ta ar farmaceita pal\u012bdz\u012bbu, pamatojoties [&#8230;]\n","protected":false},"featured_media":87130,"template":"","meta":[],"product_cat":[1254],"product_tag":[],"class_list":{"0":"post-37960","1":"product","2":"type-product","3":"status-publish","4":"has-post-thumbnail","6":"product_brand-naturpro_ua","7":"product_cat-maskas-matiem","9":"first","10":"outofstock","11":"taxable","12":"shipping-taxable","13":"product-type-simple"},"_links":{"self":[{"href":"https:\/\/e.kosmolat.eu\/lv\/wp-json\/wp\/v2\/product\/37960","targetHints":{"allow":["GET"]}}],"collection":[{"href":"https:\/\/e.kosmolat.eu\/lv\/wp-json\/wp\/v2\/product"}],"about":[{"href":"https:\/\/e.kosmolat.eu\/lv\/wp-json\/wp\/v2\/types\/product"}],"wp:featuredmedia":[{"embeddable":true,"href":"https:\/\/e.kosmolat.eu\/lv\/wp-json\/wp\/v2\/media\/87130"}],"wp:attachment":[{"href":"https:\/\/e.kosmolat.eu\/lv\/wp-json\/wp\/v2\/media?parent=37960"}],"wp:term":[{"taxonomy":"product_cat","embeddable":true,"href":"https:\/\/e.kosmolat.eu\/lv\/wp-json\/wp\/v2\/product_cat?post=37960"},{"taxonomy":"product_tag","embeddable":true,"href":"https:\/\/e.kosmolat.eu\/lv\/wp-json\/wp\/v2\/product_tag?post=37960"}],"curies":[{"name":"wp","href":"https:\/\/api.w.org\/{rel}","templated":true}]}}