{"id":37956,"date":"2023-12-22T20:45:00","date_gmt":"2023-12-22T20:45:00","guid":{"rendered":"https:\/\/e.kosmolat.eu\/product\/i_ht-maska-sausiem-un-bojatiem-matiem-total-reconstruction-15-ml\/"},"modified":"2025-09-19T23:37:58","modified_gmt":"2025-09-19T23:37:58","slug":"i_ht-maska-sausiem-un-bojatiem-matiem-total-reconstruction-15-ml","status":"publish","type":"product","link":"https:\/\/e.kosmolat.eu\/lv\/product\/i_ht-maska-sausiem-un-bojatiem-matiem-total-reconstruction-15-ml\/","title":{"rendered":"I_HT Maska sausiem un boj\u0101tiem matiem &#8220;Total Reconstruction&#8221;, 15 ml"},"content":{"rendered":"<p><strong>Termisk\u0101 maska<\/strong> nodro\u0161ina dzi\u013cu baro\u0161anu un pal\u012bdz atjaunot boj\u0101to matu strukt\u016bru.<br \/>\n<strong>Kvie\u0161u asnu e\u013c\u013ca<\/strong> bag\u0101t\u012bg\u0101 maskas formul\u0101 mitrina sausos matu \u0161\u0137ipsnu galus.<br \/>\n<strong>Ol\u012bve\u013c\u013ca <\/strong>pie\u0161\u0137ir gluduma un dab\u012bg\u0101 sp\u012bduma efektu.<br \/>\n<strong>Arg\u0101na e\u013c\u013ca<\/strong> aizsarg\u0101 matus no temperat\u016bras izmai\u0146u negat\u012bv\u0101s ietekmes.<br \/>\n<strong>R\u012bsu kliju un &Scaron;\u012b e\u013c\u013cas<\/strong> veicina matu aug\u0161anu.<br \/>\n<strong>&Scaron;veices formula<\/strong> tika izstr\u0101d\u0101ta, ar farmaceita pal\u012bdz\u012bbu, pamatojoties uz ecohybrids* emulgatoru &#8211; komponentu, kas atbilst starptautiskajam standartam ISO 16128-1 un ir balst\u012bts uz dabiskiem un atjaunojamiem avotiem.<br \/>\n<strong>Lieto\u0161anas veids: <\/strong>uzkl\u0101t uz mitriem matiem, \u012bpa\u0161u uzman\u012bbu piev\u0113r\u0161ot matu galiem, iet\u012bt matus dviel\u012b vai uzvilkt vienreiz\u0113j\u0101s lieto\u0161anas cepur\u012bti un atst\u0101t uz 30-40 min\u016bt\u0113m, p\u0113c tam r\u016bp\u012bgi izskalot ar \u016bdeni.<br \/>\n<strong>Uzman\u012bbu: <\/strong>Tikai \u0101r\u012bgai lieto\u0161anai. Ja nok\u013c\u016bst ac\u012bs, r\u016bp\u012bgi izskalot ar lielu daudzumu teko\u0161a \u016bdens.<br \/>\n<strong>Kontrindik\u0101cijas:<\/strong> individu\u0101la neieciet\u012bba pret maskas sast\u0101vda\u013c\u0101m. Uzglab\u0101t temperat\u016br\u0101 no +5&deg;C l\u012bdz +25&deg;C un relat\u012bvaj\u0101 mitrum\u0101 55-70% viet\u0101 aizsarg\u0101t\u0101 no tie\u0161iem saules stariem vismaz viena metra att\u0101lum\u0101 no augstas temperat\u016bras avotiem.<br \/>\n&nbsp;<\/p>\n","protected":false},"excerpt":{"rendered":"<p>Termisk\u0101 maska nodro\u0161ina dzi\u013cu baro\u0161anu un pal\u012bdz atjaunot boj\u0101to matu strukt\u016bru. Kvie\u0161u asnu e\u013c\u013ca bag\u0101t\u012bg\u0101 maskas formul\u0101 mitrina sausos matu \u0161\u0137ipsnu galus. Ol\u012bve\u013c\u013ca pie\u0161\u0137ir gluduma un dab\u012bg\u0101 sp\u012bduma efektu. Arg\u0101na e\u013c\u013ca aizsarg\u0101 matus no temperat\u016bras izmai\u0146u negat\u012bv\u0101s ietekmes. R\u012bsu kliju un &Scaron;\u012b e\u013c\u013cas veicina matu aug\u0161anu. &Scaron;veices formula tika izstr\u0101d\u0101ta, ar farmaceita pal\u012bdz\u012bbu, pamatojoties uz [&#8230;]\n","protected":false},"featured_media":87242,"template":"","meta":[],"product_cat":[1254],"product_tag":[],"class_list":{"0":"post-37956","1":"product","2":"type-product","3":"status-publish","4":"has-post-thumbnail","6":"product_brand-naturpro_ua","7":"product_cat-maskas-matiem","9":"first","10":"outofstock","11":"taxable","12":"shipping-taxable","13":"product-type-simple"},"_links":{"self":[{"href":"https:\/\/e.kosmolat.eu\/lv\/wp-json\/wp\/v2\/product\/37956","targetHints":{"allow":["GET"]}}],"collection":[{"href":"https:\/\/e.kosmolat.eu\/lv\/wp-json\/wp\/v2\/product"}],"about":[{"href":"https:\/\/e.kosmolat.eu\/lv\/wp-json\/wp\/v2\/types\/product"}],"wp:featuredmedia":[{"embeddable":true,"href":"https:\/\/e.kosmolat.eu\/lv\/wp-json\/wp\/v2\/media\/87242"}],"wp:attachment":[{"href":"https:\/\/e.kosmolat.eu\/lv\/wp-json\/wp\/v2\/media?parent=37956"}],"wp:term":[{"taxonomy":"product_cat","embeddable":true,"href":"https:\/\/e.kosmolat.eu\/lv\/wp-json\/wp\/v2\/product_cat?post=37956"},{"taxonomy":"product_tag","embeddable":true,"href":"https:\/\/e.kosmolat.eu\/lv\/wp-json\/wp\/v2\/product_tag?post=37956"}],"curies":[{"name":"wp","href":"https:\/\/api.w.org\/{rel}","templated":true}]}}