{"id":37952,"date":"2023-12-22T20:44:28","date_gmt":"2023-12-22T20:44:28","guid":{"rendered":"https:\/\/e.kosmolat.eu\/product\/htthermal-protection-divfazu-kondicionieris-200-ml\/"},"modified":"2026-04-14T10:07:31","modified_gmt":"2026-04-14T10:07:31","slug":"htthermal-protection-divfazu-kondicionieris-200-ml","status":"publish","type":"product","link":"https:\/\/e.kosmolat.eu\/lv\/product\/htthermal-protection-divfazu-kondicionieris-200-ml\/","title":{"rendered":"HTThermal protection Divfazu kondicionieris, 200 ml"},"content":{"rendered":"<p>Thermal protection Divf\u0101\u017eu kondicionieris<\/p>\n<p>Termoaizsardz\u012bbas divf\u0101zu kondicionieris efekt\u012bvai matu aizsardz\u012bbai no termisk\u0101s iedarb\u012bbas \u017e\u0101v\u0113\u0161anas, veido\u0161anas un temperat\u016bras un klimata izmai\u0146u laik\u0101. T\u0101 ir garantija aizsardz\u012bbai pret p\u0101r\u017e\u016b\u0161anu, matu galu \u0161\u0137el\u0161an\u0101s nov\u0113r\u0161anai, matu m\u012bkstumam. Gludi z\u012bdaini mati, pateicoties sast\u0101vam: hohobas e\u013c\u013cu un kvie\u0161u d\u012bg\u013cu kombin\u0101cija, kas veido neredzamu aizsargapvalku ap katru matu, it k\u0101 aptverot matus ar barojo\u0161u aizsargk\u0101rtu, kas nov\u0113r\u0161 matu boj\u0101jumus termisk\u0101s iedarb\u012bbas laik\u0101.<\/p>\n<p>Lieto\u0161ana: Uzkl\u0101jiet uz iepriek\u0161 izmazg\u0101tiem mitriem matiem vis\u0101 garum\u0101; Uzkl\u0101jiet uz sausiem matiem ar 2-3 dozatora spiedieniem, ja nepiecie\u0161ams, iz\u0137emm\u0113jiet matus. Neskalot.<\/p>\n<p>Uzman\u012bbu: Ja nok\u013c\u016bst ac\u012bs, skalot ar lielu daudzumu teko\u0161a \u016bdens. Kontrindik\u0101cijas: individu\u0101la produkta sast\u0101vda\u013cu nepanesam\u012bba.<\/p>\n<p>Uzglab\u0101t temperat\u016br\u0101 no 5C l\u012bdz 25C un relat\u012bvaj\u0101 mitrum\u0101 55-70%, sarg\u0101jot no tie\u0161iem saules stariem. Produktu nav at\u013cauts uzglab\u0101t maz\u0101k nek\u0101 1 m att\u0101lum\u0101 no str\u0101d\u0101jo\u0161\u0101m apkures ier\u012bc\u0113m. Der\u012bguma termi\u0146\u0161 24 m\u0113ne\u0161i no izgatavo\u0161anas datuma. P\u0113c atv\u0113r\u0161anas izlietot 12 m\u0113ne\u0161u laik\u0101.&nbsp;<br \/>\n&nbsp;<\/p>\n","protected":false},"excerpt":{"rendered":"<p>Thermal protection Divf\u0101\u017eu kondicionieris Termoaizsardz\u012bbas divf\u0101zu kondicionieris efekt\u012bvai matu aizsardz\u012bbai no termisk\u0101s iedarb\u012bbas \u017e\u0101v\u0113\u0161anas, veido\u0161anas un temperat\u016bras un klimata izmai\u0146u laik\u0101. T\u0101 ir garantija aizsardz\u012bbai pret p\u0101r\u017e\u016b\u0161anu, matu galu \u0161\u0137el\u0161an\u0101s nov\u0113r\u0161anai, matu m\u012bkstumam. Gludi z\u012bdaini mati, pateicoties sast\u0101vam: hohobas e\u013c\u013cu un kvie\u0161u d\u012bg\u013cu kombin\u0101cija, kas veido neredzamu aizsargapvalku ap katru matu, it k\u0101 aptverot matus [&#8230;]\n","protected":false},"featured_media":87126,"template":"","meta":[],"product_cat":[1638],"product_tag":[],"class_list":{"0":"post-37952","1":"product","2":"type-product","3":"status-publish","4":"has-post-thumbnail","6":"product_brand-naturpro_ua","7":"product_cat-balzami","9":"first","10":"outofstock","11":"taxable","12":"shipping-taxable","13":"product-type-simple"},"_links":{"self":[{"href":"https:\/\/e.kosmolat.eu\/lv\/wp-json\/wp\/v2\/product\/37952","targetHints":{"allow":["GET"]}}],"collection":[{"href":"https:\/\/e.kosmolat.eu\/lv\/wp-json\/wp\/v2\/product"}],"about":[{"href":"https:\/\/e.kosmolat.eu\/lv\/wp-json\/wp\/v2\/types\/product"}],"wp:featuredmedia":[{"embeddable":true,"href":"https:\/\/e.kosmolat.eu\/lv\/wp-json\/wp\/v2\/media\/87126"}],"wp:attachment":[{"href":"https:\/\/e.kosmolat.eu\/lv\/wp-json\/wp\/v2\/media?parent=37952"}],"wp:term":[{"taxonomy":"product_cat","embeddable":true,"href":"https:\/\/e.kosmolat.eu\/lv\/wp-json\/wp\/v2\/product_cat?post=37952"},{"taxonomy":"product_tag","embeddable":true,"href":"https:\/\/e.kosmolat.eu\/lv\/wp-json\/wp\/v2\/product_tag?post=37952"}],"curies":[{"name":"wp","href":"https:\/\/api.w.org\/{rel}","templated":true}]}}