{"id":37948,"date":"2023-12-22T20:43:58","date_gmt":"2023-12-22T20:43:58","guid":{"rendered":"https:\/\/e.kosmolat.eu\/product\/ht-gold-argana-divfazu-kondicionieris-200-ml\/"},"modified":"2026-04-15T10:54:58","modified_gmt":"2026-04-15T10:54:58","slug":"ht-gold-argana-divfazu-kondicionieris-200-ml","status":"publish","type":"product","link":"https:\/\/e.kosmolat.eu\/lv\/product\/ht-gold-argana-divfazu-kondicionieris-200-ml\/","title":{"rendered":"HT Gold Argana Divfazu kondicionieris, 200 ml"},"content":{"rendered":"<p>Gold Argana Divf\u0101\u017eu kondicionieris<\/p>\n<p>Divf\u0101\u017eu kondicionieris Gold Argana visu veidu matu dzi\u013cai atjauno\u0161anai. &Scaron;\u012b ir ikdienas atjauno\u0161ana, maigums, elast\u012bgs apjoms un gludi z\u012bdaini mati. Argana e\u013c\u013cu akt\u012bvi izmanto, lai atjaunotu boj\u0101tus sausus matus, atbr\u012bvotos no \u0161\u0137eltiem galiem un nov\u0113rstu matu l\u016b\u0161anu. Kerat\u012bns, kas ir matu stipr\u012bbas pamat\u0101, atjauno boj\u0101t\u0101s matu vietas un atjauno to dabisko strukt\u016bru no iek\u0161puses.<\/p>\n<p>Lieto\u0161ana: Uzkl\u0101jiet uz iepriek\u0161 izmazg\u0101tiem mitriem matiem vis\u0101 garum\u0101; Uzkl\u0101jiet uz sausiem matiem ar 2-3 dozatora spiedieniem, ja nepiecie\u0161ams, iz\u0137emm\u0113jiet matus. Neskalot.<\/p>\n<p>Uzman\u012bbu: Ja nok\u013c\u016bst ac\u012bs, skalot ar lielu daudzumu teko\u0161a \u016bdens. Kontrindik\u0101cijas: individu\u0101la produkta sast\u0101vda\u013cu nepanesam\u012bba.<\/p>\n<p>Uzglab\u0101t temperat\u016br\u0101 no 5C l\u012bdz 25C un relat\u012bvaj\u0101 mitrum\u0101 55-70%, sarg\u0101jot no tie\u0161iem saules stariem. Produktu nav at\u013cauts uzglab\u0101t maz\u0101k nek\u0101 1 m att\u0101lum\u0101 no str\u0101d\u0101jo\u0161\u0101m apkures ier\u012bc\u0113m. Der\u012bguma termi\u0146\u0161 36 m\u0113ne\u0161i no izgatavo\u0161anas datuma. P\u0113c atv\u0113r\u0161anas izlietot 12 m\u0113ne\u0161u laik\u0101.&nbsp;<br \/>\n&nbsp;<\/p>\n","protected":false},"excerpt":{"rendered":"<p>Gold Argana Divf\u0101\u017eu kondicionieris Divf\u0101\u017eu kondicionieris Gold Argana visu veidu matu dzi\u013cai atjauno\u0161anai. &Scaron;\u012b ir ikdienas atjauno\u0161ana, maigums, elast\u012bgs apjoms un gludi z\u012bdaini mati. Argana e\u013c\u013cu akt\u012bvi izmanto, lai atjaunotu boj\u0101tus sausus matus, atbr\u012bvotos no \u0161\u0137eltiem galiem un nov\u0113rstu matu l\u016b\u0161anu. Kerat\u012bns, kas ir matu stipr\u012bbas pamat\u0101, atjauno boj\u0101t\u0101s matu vietas un atjauno to dabisko [&#8230;]\n","protected":false},"featured_media":87122,"template":"","meta":[],"product_cat":[1638],"product_tag":[],"class_list":{"0":"post-37948","1":"product","2":"type-product","3":"status-publish","4":"has-post-thumbnail","6":"product_brand-naturpro_ua","7":"product_cat-balzami","9":"first","10":"outofstock","11":"taxable","12":"shipping-taxable","13":"product-type-simple"},"_links":{"self":[{"href":"https:\/\/e.kosmolat.eu\/lv\/wp-json\/wp\/v2\/product\/37948","targetHints":{"allow":["GET"]}}],"collection":[{"href":"https:\/\/e.kosmolat.eu\/lv\/wp-json\/wp\/v2\/product"}],"about":[{"href":"https:\/\/e.kosmolat.eu\/lv\/wp-json\/wp\/v2\/types\/product"}],"wp:featuredmedia":[{"embeddable":true,"href":"https:\/\/e.kosmolat.eu\/lv\/wp-json\/wp\/v2\/media\/87122"}],"wp:attachment":[{"href":"https:\/\/e.kosmolat.eu\/lv\/wp-json\/wp\/v2\/media?parent=37948"}],"wp:term":[{"taxonomy":"product_cat","embeddable":true,"href":"https:\/\/e.kosmolat.eu\/lv\/wp-json\/wp\/v2\/product_cat?post=37948"},{"taxonomy":"product_tag","embeddable":true,"href":"https:\/\/e.kosmolat.eu\/lv\/wp-json\/wp\/v2\/product_tag?post=37948"}],"curies":[{"name":"wp","href":"https:\/\/api.w.org\/{rel}","templated":true}]}}