{"id":37928,"date":"2023-12-22T20:42:30","date_gmt":"2023-12-22T20:42:30","guid":{"rendered":"https:\/\/e.kosmolat.eu\/product\/dr-sante-aloe-vera-maska-rekonstrukcija-1-l\/"},"modified":"2026-03-30T16:10:48","modified_gmt":"2026-03-30T16:10:48","slug":"dr-sante-aloe-vera-maska-rekonstrukcija-1-l","status":"publish","type":"product","link":"https:\/\/e.kosmolat.eu\/lv\/product\/dr-sante-aloe-vera-maska-rekonstrukcija-1-l\/","title":{"rendered":"&#8220;Dr.Sante Aloe Vera&#8221; Maska &#8220;Rekonstrukcija&#8221;, 1 l"},"content":{"rendered":"<p>Intens\u012bva atjauno\u0161ana. Visiem matu tipiem. Maska lieliski piem\u0113rota boj\u0101tu matu rekonstrukcijai. Akt\u012bv\u0101s sast\u0101vda\u013cas maskas sast\u0101v\u0101 efekt\u012bvi atjauno matu strukt\u016bru vis\u0101 to garum\u0101, d\u0101v\u0101jot matiem dz\u012bv\u012bbas sp\u0113ku, padarot tos iztur\u012bgus, gludus un m\u012bkstus. Ide\u0101ls l\u012bdzeklis garu matu kop\u0161anai ar p\u0101rm\u0113r\u012bgi sausiem, \u0161\u0137eltiem matu gali\u0146iem.<\/p>\n<ul>\n<li>Satur alvejas sulu. 100% mitrin\u0101\u0161ana un baro\u0161ana.<\/li>\n<li>&Scaron;\u012b sviests, avokado un ol\u012bve\u013c\u013ca baro matus ar v\u0113rt\u012bg\u0101m viel\u0101m, nov\u0113r\u0161 matu gali\u0146u \u0161\u0137el\u0161anos.<\/li>\n<li>Kerat\u012bns atjauno boj\u0101to matu strukt\u016bru.<\/li>\n<li>Augu keram\u012bdi aizsarg\u0101 mata virsmu no boj\u0101jumiem, pie\u0161\u0137irot iztur\u012bbu un sp\u012bdumu.<\/li>\n<\/ul>\n<p>Regul\u0101ri lietojot masku, mati k\u013c\u016bst gludi, elast\u012bgi, vesel\u012bgi un m\u012bksti.&nbsp;<\/p>\n<p><strong>Lieto\u0161ana:<\/strong> uzkl\u0101t uz t\u012briem mitriem matiem. Atst\u0101t uz 3-5 min\u016bt\u0113m. R\u016bp\u012bgi izskalot ar \u016bdeni.&nbsp;<\/p>\n<p><strong>Piesardz\u012bbas pas\u0101kumi: <\/strong>ja iek\u013c\u016bst ac\u012bs, izskalot ar \u016bdeni. Iesp\u0113jama paaugstin\u0101ta individu\u0101la jut\u012bba pret atsevi\u0161\u0137\u0101m sast\u0101vda\u013c\u0101m.&nbsp;<\/p>\n<p>Uzglab\u0101t temperat\u016br\u0101 no +5 &deg;\u0421 l\u012bdz +25 &deg;\u0421.<br \/>\n&nbsp;<\/p>\n","protected":false},"excerpt":{"rendered":"<p>Intens\u012bva atjauno\u0161ana. Visiem matu tipiem. Maska lieliski piem\u0113rota boj\u0101tu matu rekonstrukcijai. Akt\u012bv\u0101s sast\u0101vda\u013cas maskas sast\u0101v\u0101 efekt\u012bvi atjauno matu strukt\u016bru vis\u0101 to garum\u0101, d\u0101v\u0101jot matiem dz\u012bv\u012bbas sp\u0113ku, padarot tos iztur\u012bgus, gludus un m\u012bkstus. Ide\u0101ls l\u012bdzeklis garu matu kop\u0161anai ar p\u0101rm\u0113r\u012bgi sausiem, \u0161\u0137eltiem matu gali\u0146iem. Satur alvejas sulu. 100% mitrin\u0101\u0161ana un baro\u0161ana. &Scaron;\u012b sviests, avokado un ol\u012bve\u013c\u013ca [&#8230;]\n","protected":false},"featured_media":97157,"template":"","meta":[],"product_cat":[1254],"product_tag":[],"class_list":{"0":"post-37928","1":"product","2":"type-product","3":"status-publish","4":"has-post-thumbnail","6":"product_brand-elfa_ua","7":"product_cat-maskas-matiem","9":"first","10":"outofstock","11":"taxable","12":"shipping-taxable","13":"product-type-simple"},"_links":{"self":[{"href":"https:\/\/e.kosmolat.eu\/lv\/wp-json\/wp\/v2\/product\/37928","targetHints":{"allow":["GET"]}}],"collection":[{"href":"https:\/\/e.kosmolat.eu\/lv\/wp-json\/wp\/v2\/product"}],"about":[{"href":"https:\/\/e.kosmolat.eu\/lv\/wp-json\/wp\/v2\/types\/product"}],"wp:featuredmedia":[{"embeddable":true,"href":"https:\/\/e.kosmolat.eu\/lv\/wp-json\/wp\/v2\/media\/97157"}],"wp:attachment":[{"href":"https:\/\/e.kosmolat.eu\/lv\/wp-json\/wp\/v2\/media?parent=37928"}],"wp:term":[{"taxonomy":"product_cat","embeddable":true,"href":"https:\/\/e.kosmolat.eu\/lv\/wp-json\/wp\/v2\/product_cat?post=37928"},{"taxonomy":"product_tag","embeddable":true,"href":"https:\/\/e.kosmolat.eu\/lv\/wp-json\/wp\/v2\/product_tag?post=37928"}],"curies":[{"name":"wp","href":"https:\/\/api.w.org\/{rel}","templated":true}]}}