{"id":37916,"date":"2023-12-22T20:41:03","date_gmt":"2023-12-22T20:41:03","guid":{"rendered":"https:\/\/e.kosmolat.eu\/product\/derma-int-after-bite-gel-30-ml\/"},"modified":"2025-03-25T12:51:33","modified_gmt":"2025-03-25T12:51:33","slug":"derma-int-after-bite-gel-30-ml","status":"publish","type":"product","link":"https:\/\/e.kosmolat.eu\/lv\/product\/derma-int-after-bite-gel-30-ml\/","title":{"rendered":"Derma Int+ After Bite Gel 30 ml"},"content":{"rendered":"<p>Atvieglo niezi un nomierina \u0101du.<\/p>\n<p>Akt\u012bv\u0101s dabisk\u0101s sast\u0101vda\u013cas:<br \/>\n&bull; Arnika &ndash; aizsarg\u0101 boj\u0101tu \u0101du, pa\u0101trina t\u0101s dz\u012b\u0161anu<br \/>\n&bull; Asinsz\u0101le (Hypericum perforatum) &ndash; atvieglo virspus\u0113jas \u0101das traumas<br \/>\n&bull; Dzeltenais saldais \u0101boli\u0146\u0161 (Melilotus officinalis) &ndash; pal\u012bdz mazin\u0101t t\u016bsku<\/p>\n<p><strong>Lieto\u0161ana:<\/strong> uzkl\u0101jiet uz skart\u0101s vietas 3-4 reizes dien\u0101 un, ja nepiecie\u0161ams, bie\u017e\u0101k. P\u0113c lieto\u0161anas nomazg\u0101jiet rokas ar \u016bdeni! Ja nieze nep\u0101riet 7 dienu laik\u0101, konsult\u0113jieties ar dermatologu<br \/>\n&nbsp;<\/p>\n","protected":false},"excerpt":{"rendered":"<p>Atvieglo niezi un nomierina \u0101du. Akt\u012bv\u0101s dabisk\u0101s sast\u0101vda\u013cas: &bull; Arnika &ndash; aizsarg\u0101 boj\u0101tu \u0101du, pa\u0101trina t\u0101s dz\u012b\u0161anu &bull; Asinsz\u0101le (Hypericum perforatum) &ndash; atvieglo virspus\u0113jas \u0101das traumas &bull; Dzeltenais saldais \u0101boli\u0146\u0161 (Melilotus officinalis) &ndash; pal\u012bdz mazin\u0101t t\u016bsku Lieto\u0161ana: uzkl\u0101jiet uz skart\u0101s vietas 3-4 reizes dien\u0101 un, ja nepiecie\u0161ams, bie\u017e\u0101k. P\u0113c lieto\u0161anas nomazg\u0101jiet rokas ar \u016bdeni! Ja [&#8230;]\n","protected":false},"featured_media":16313,"template":"","meta":[],"product_cat":[1999],"product_tag":[],"class_list":{"0":"post-37916","1":"product","2":"type-product","3":"status-publish","4":"has-post-thumbnail","6":"product_brand-rubella-bg","7":"product_cat-bez-kategorijas","9":"first","10":"outofstock","11":"taxable","12":"shipping-taxable","13":"product-type-simple"},"_links":{"self":[{"href":"https:\/\/e.kosmolat.eu\/lv\/wp-json\/wp\/v2\/product\/37916","targetHints":{"allow":["GET"]}}],"collection":[{"href":"https:\/\/e.kosmolat.eu\/lv\/wp-json\/wp\/v2\/product"}],"about":[{"href":"https:\/\/e.kosmolat.eu\/lv\/wp-json\/wp\/v2\/types\/product"}],"wp:featuredmedia":[{"embeddable":true,"href":"https:\/\/e.kosmolat.eu\/lv\/wp-json\/wp\/v2\/media\/16313"}],"wp:attachment":[{"href":"https:\/\/e.kosmolat.eu\/lv\/wp-json\/wp\/v2\/media?parent=37916"}],"wp:term":[{"taxonomy":"product_cat","embeddable":true,"href":"https:\/\/e.kosmolat.eu\/lv\/wp-json\/wp\/v2\/product_cat?post=37916"},{"taxonomy":"product_tag","embeddable":true,"href":"https:\/\/e.kosmolat.eu\/lv\/wp-json\/wp\/v2\/product_tag?post=37916"}],"curies":[{"name":"wp","href":"https:\/\/api.w.org\/{rel}","templated":true}]}}