{"id":37911,"date":"2023-12-22T20:40:31","date_gmt":"2023-12-22T20:40:31","guid":{"rendered":"https:\/\/e.kosmolat.eu\/product\/derma-int-max-care-mosquito-and-tick-repellent-lotion-50%d0%bce\/"},"modified":"2024-07-15T05:06:12","modified_gmt":"2024-07-15T05:06:12","slug":"derma-int-max-care-mosquito-and-tick-repellent-lotion-50%d0%bce","status":"publish","type":"product","link":"https:\/\/e.kosmolat.eu\/lv\/product\/derma-int-max-care-mosquito-and-tick-repellent-lotion-50%d0%bce\/","title":{"rendered":"Derma Int+ Max Care Mosquito and Tick Repellent Lotion 50\u043c\u0117"},"content":{"rendered":"<p>Efekt\u012bva odu un \u0113r\u010du atbaid\u012b&scaron;anai l\u012bdz 8 stund\u0101m.<\/p>\n<p><strong>Lieto&scaron;ana:<\/strong> Bioc\u012bds ir lieto&scaron;anai gatavs losjons. Turiet 15 cm att\u0101lum\u0101 no izsmidzin\u0101m\u0101s virsmas un uzkl\u0101jiet pl\u0101nu k\u0101rtu uz kodumiem pak\u013cautaj\u0101m \u0101das viet\u0101m. Uzkl\u0101jiet tikai uz atkl\u0101taj\u0101m \u0137erme\u0146a da\u013c\u0101m (sejas, kakla, rok\u0101m, k\u0101j\u0101m) minim\u0101laj\u0101 daudzum\u0101, kas nepiecie&scaron;ams, lai to samitrin\u0101tu. Nelietojiet produktu tie&scaron;i uz sejas &ndash; vispirms izsmidziniet to uz rokas un p\u0113c tam uzman\u012bgi uzkl\u0101jiet, izvairoties no ac\u012bm un mutes. B\u0113rniem \u0101da j\u0101\u0101rst\u0113 pieaugu&scaron;ajam, kur&scaron; uzkl\u0101j bioc\u012bdu uz plaukst\u0101m un berz\u0113 b\u0113rna \u0101du. Piesakies b\u0113rniem, kas vec\u0101ki par 12 gadiem. Gr\u016btniec\u0113m un sieviet\u0113m, kas baro b\u0113rnu ar kr\u016bti, nav ieteicams lietot bioc\u012bdus. Ja bioc\u012bds tiek izsmidzin\u0101ts telp\u0101s, j\u0101nodro&scaron;ina laba ventil\u0101cija un aerosolu nedr\u012bkst ieelpot. Kad vairs nav kontakta ar kukai\u0146iem, nomazg\u0101jiet \u0101das laukumu, uz kura ir uzkl\u0101ts bioc\u012bds, ar lielu daudzumu ziepju un \u016bdens.<\/p>\n<p>Pat\u0113ri\u0146a norma: l\u012bdz \u0101da k\u013c\u016bst mitra. Atbaid\u012b&scaron;anas iedarb\u012bbas ilgums: Odi un \u0113rces &#8211; l\u012bdz 8 stund\u0101m. Interv\u0101ls starp proced\u016br\u0101m: Ja nepiecie&scaron;ams, uzkl\u0101&scaron;anu var atk\u0101rtot.<br \/>\nUzkl\u0101jiet maz\u0101ko daudzumu, tikai tik daudz, lai samitrin\u0101tu aizsarg\u0101jam\u0101s \u0101das vietas.<\/p>\n<p>Akt\u012bv\u0101 sast\u0101vda\u013ca: N,N-dietil-meta-toluam\u012bds (DEET) &#8211; 30 g \/ 100 g, Eikalipta citriodora e\u013c\u013ca, hidrat\u0113ta, cikliz\u0113ta &#8211; 0,2 g \/ 100 g.<\/p>\n<p>B\u012bstami. \u013boti viegli uzliesmojo&scaron;s &scaron;\u0137idrums un tvaiki. Kait\u012bgs ieelpojot. Kairina \u0101du. Izraisa nopietnu acu kairin\u0101jumu. Pirms izmanto&scaron;anas izlas\u012bt eti\u0137eti. Kait\u012bgs \u016bdens organismiem ar ilgsto&scaron;\u0101m sek\u0101m. Medic\u012bniska padoma nepiecie&scaron;am\u012bbas gad\u012bjum\u0101 attiec\u012bg\u0101 inform\u0101cija ir nor\u0101d\u012bta uz iepakojuma vai eti\u0137etes. Sarg\u0101t no b\u0113rniem. Sarg\u0101t no karstuma, karst\u0101m virsm\u0101m, dzirkstel\u0113m, atkl\u0101tas uguns un citiem aizdeg&scaron;an\u0101s avotiem. Nesm\u0113\u0137\u0113t. Izvair\u012bties ieelpot putek\u013cus\/tvaikus\/g\u0101zi\/d\u016bmus\/izgarojumus\/ smidzin\u0101jumu. SASKAR<\/p>\n","protected":false},"excerpt":{"rendered":"<p>Efekt\u012bva odu un \u0113r\u010du atbaid\u012b&scaron;anai l\u012bdz 8 stund\u0101m. Lieto&scaron;ana: Bioc\u012bds ir lieto&scaron;anai gatavs losjons. Turiet 15 cm att\u0101lum\u0101 no izsmidzin\u0101m\u0101s virsmas un uzkl\u0101jiet pl\u0101nu k\u0101rtu uz kodumiem pak\u013cautaj\u0101m \u0101das viet\u0101m. Uzkl\u0101jiet tikai uz atkl\u0101taj\u0101m \u0137erme\u0146a da\u013c\u0101m (sejas, kakla, rok\u0101m, k\u0101j\u0101m) minim\u0101laj\u0101 daudzum\u0101, kas nepiecie&scaron;ams, lai to samitrin\u0101tu. Nelietojiet produktu tie&scaron;i uz sejas &ndash; vispirms izsmidziniet [&#8230;]\n","protected":false},"featured_media":16329,"template":"","meta":[],"product_cat":[1859],"product_tag":[],"class_list":{"0":"post-37911","1":"product","2":"type-product","3":"status-publish","4":"has-post-thumbnail","6":"product_brand-rubella-inopharm-dental-deba-mistergroomer-topten-quackquack","7":"product_cat-lidzekli-pret-kukainiem","9":"first","10":"outofstock","11":"taxable","12":"shipping-taxable","13":"product-type-simple"},"_links":{"self":[{"href":"https:\/\/e.kosmolat.eu\/lv\/wp-json\/wp\/v2\/product\/37911","targetHints":{"allow":["GET"]}}],"collection":[{"href":"https:\/\/e.kosmolat.eu\/lv\/wp-json\/wp\/v2\/product"}],"about":[{"href":"https:\/\/e.kosmolat.eu\/lv\/wp-json\/wp\/v2\/types\/product"}],"wp:featuredmedia":[{"embeddable":true,"href":"https:\/\/e.kosmolat.eu\/lv\/wp-json\/wp\/v2\/media\/16329"}],"wp:attachment":[{"href":"https:\/\/e.kosmolat.eu\/lv\/wp-json\/wp\/v2\/media?parent=37911"}],"wp:term":[{"taxonomy":"product_cat","embeddable":true,"href":"https:\/\/e.kosmolat.eu\/lv\/wp-json\/wp\/v2\/product_cat?post=37911"},{"taxonomy":"product_tag","embeddable":true,"href":"https:\/\/e.kosmolat.eu\/lv\/wp-json\/wp\/v2\/product_tag?post=37911"}],"curies":[{"name":"wp","href":"https:\/\/api.w.org\/{rel}","templated":true}]}}