{"id":37800,"date":"2023-12-22T20:26:28","date_gmt":"2023-12-22T20:26:28","guid":{"rendered":"https:\/\/e.kosmolat.eu\/product\/derma-int-for-kids-mosquito-and-tick-repellent-lotion-50%d0%bce\/"},"modified":"2026-04-20T10:25:54","modified_gmt":"2026-04-20T10:25:54","slug":"derma-int-for-kids-mosquito-and-tick-repellent-lotion-50%d0%bce","status":"publish","type":"product","link":"https:\/\/e.kosmolat.eu\/lv\/product\/derma-int-for-kids-mosquito-and-tick-repellent-lotion-50%d0%bce\/","title":{"rendered":"Derma Int+ For Kids Mosquito and Tick Repellent Lotion 50\u043c\u0117"},"content":{"rendered":"<p>Derma Intensive +&nbsp;<br \/>\nOdu un \u0113r\u010du atbaid\u012b&scaron;anas losjons b\u0113rniem no 1 gada vecuma ar Alveju 50 ml<br \/>\nEfekt\u012bva odu un \u0113r\u010du atbaid\u012b&scaron;anai l\u012bdz 6 stund\u0101m.<br \/>\nLieto&scaron;ana: Bioc\u012bds ir lieto&scaron;anai gatavs losjons. B\u0113rniem \u0101da j\u0101apstr\u0101d\u0101 pieaugu&scaron;ajam, kur&scaron; uzkl\u0101j bioc\u012bdu uz plaukst\u0101m 15 cm att\u0101lum\u0101 no izsmidzin\u0101m\u0101s virsmas un uzkl\u0101j uz b\u0113rna \u0101das. Gr\u016btniec\u0113m un sieviet\u0113m, kas baro b\u0113rnu ar kr\u016bti, nav ieteicams lietot bioc\u012bdus. Ja bioc\u012bds tiek izsmidzin\u0101ts telp\u0101s, j\u0101nodro&scaron;ina laba ventil\u0101cija un aerosolu nedr\u012bkst ieelpot. Kad vairs nav kontakta ar kukai\u0146iem, nomazg\u0101jiet \u0101das laukumu, uz kura ir uzkl\u0101ts bioc\u012bds, ar lielu daudzumu ziepju un \u016bdens. Pat\u0113ri\u0146a norma: l\u012bdz \u0101da k\u013c\u016bst mitra. Atbaid\u012b&scaron;anas iedarb\u012bbas ilgums: Odi un \u0113rces &#8211; l\u012bdz 6 stund\u0101m.<br \/>\nUzkl\u0101jiet maz\u0101ko daudzumu, tikai tik daudz, lai samitrin\u0101tu aizsarg\u0101jam\u0101s \u0101das vietas.<br \/>\nAkt\u012bv\u0101 sast\u0101vda\u013ca: N,N-dietil-meta-toluam\u012bds (DEET) &#8211; 10 g \/ 100 g, Eikalipta citriodora e\u013c\u013ca, hidrat\u0113ta, cikliz\u0113ta &#8211; 0,2 g \/ 100 g.<\/p>\n<p>&nbsp; &nbsp; &nbsp; B\u012bstami. \u013boti viegli uzliesmojo&scaron;s &scaron;\u0137idrums un tvaiki. Kairina \u0101du. Izraisa nopietnu acu kairin\u0101jumu. Pirms izmanto&scaron;anas izlas\u012bt eti\u0137eti. Medic\u012bniska padoma nepiecie&scaron;am\u012bbas gad\u012bjum\u0101 attiec\u012bg\u0101 inform\u0101cija ir nor\u0101d\u012bta uz iepakojuma vai eti\u0137etes. Sarg\u0101t no b\u0113rniem. Sarg\u0101t no karstuma, karst\u0101m virsm\u0101m, dzirkstel\u0113m, atkl\u0101tas uguns un citiem aizdeg&scaron;an\u0101s avotiem. Nesm\u0113\u0137\u0113t. SASKAR\u0112 AR \u0100DU (vai matiem): Nekav\u0113joties novilkt visu pies\u0101r\u0146oto ap\u0123\u0113rbu. Noskalot \u0101du ar \u016bdeni [vai iet du&scaron;\u0101]. SASKAR\u0112 AR AC\u012aM: Uzman\u012bgi izskalot ar \u016bdeni vair\u0101kas min\u016btes. Iz\u0146emt kontaktl\u0113cas, ja t\u0101s ir ievietotas un ja to var vienk\u0101r&scaron;i izdar\u012bt. Turpin\u0101t skalot. Atbr\u012bvoties no satura\/tvertnes\/ iepakojuma saska\u0146\u0101 ar valsts noteikumiem.<br \/>\nIzmantojiet tikai k\u0101 paredz\u0113ts. Produktu nedr\u012bkst uzkl\u0101t uz plaukst\u0101m un sejas b\u0113rniem, kas jaun\u0101ki par 12 gadiem. Nelietot b\u0113rniem l\u012bdz 2 gadu vecumam. Nelietot uz ievainotas vai iekaisu&scaron;as \u0101das! Lietojiet piesardz\u012bgi uz maigas \u0101das. Nelietot, ja ir aler\u0123ija pret DEET (N,N-diethyl-meta-toluamide) un eikalipta citriodora e\u013c\u013cu, hidrat\u0113ta, cikliz\u0113ta. Izvairieties no saskares ar ac\u012bm un muti!<br \/>\nPirm\u0101s pal\u012bdz\u012bbas pas\u0101kumi: Ja ieelpots: Ja persona ir bezsama\u0146\u0101, novietojiet un transport\u0113jiet vi\u0146u atgu\u013cus st\u0101vokl\u012b. Ja nok\u013c\u016bst ac\u012bs: Skalot atv\u0113rtas acis vair\u0101kas min\u016btes zem teko&scaron;a \u016bdens. Ja simptomi saglab\u0101jas, konsult\u0113jieties ar \u0101rstu! Ja nor\u012bts: Past\u0101v\u012bgu s\u016bdz\u012bbu gad\u012bjum\u0101 konsult\u0113ties ar \u0101rstu! Var izrais\u012bt jut\u012bgu seju kairin\u0101jumu. Kairin\u0101juma gad\u012bjum\u0101 nomazg\u0101t \u0101du ar ziep\u0113m un \u016bdeni!<br \/>\n3. galven\u0101 grupa: Kait\u0113k\u013cu apkaro&scaron;anas l\u012bdzek\u013ci. 19. produkta veids: repelenti un atraktanti. Pat\u0113r\u0113t\u0101ju kategorija: masveida. Bioc\u012bda inventariz\u0101cijas numurs: LV19082022\/6102<\/p>\n<p>\nRa\u017eo&scaron;anas datums, der\u012bguma termi\u0146&scaron; un partijas numurs: skat\u012bt uz iepakojuma<\/p>\n","protected":false},"excerpt":{"rendered":"<p>Derma Intensive +&nbsp; Odu un \u0113r\u010du atbaid\u012b&scaron;anas losjons b\u0113rniem no 1 gada vecuma ar Alveju 50 ml Efekt\u012bva odu un \u0113r\u010du atbaid\u012b&scaron;anai l\u012bdz 6 stund\u0101m. Lieto&scaron;ana: Bioc\u012bds ir lieto&scaron;anai gatavs losjons. B\u0113rniem \u0101da j\u0101apstr\u0101d\u0101 pieaugu&scaron;ajam, kur&scaron; uzkl\u0101j bioc\u012bdu uz plaukst\u0101m 15 cm att\u0101lum\u0101 no izsmidzin\u0101m\u0101s virsmas un uzkl\u0101j uz b\u0113rna \u0101das. Gr\u016btniec\u0113m un sieviet\u0113m, kas [&#8230;]\n","protected":false},"featured_media":105596,"template":"","meta":[],"product_cat":[1859],"product_tag":[],"class_list":{"0":"post-37800","1":"product","2":"type-product","3":"status-publish","4":"has-post-thumbnail","6":"product_brand-rubella-bg","7":"product_cat-lidzekli-pret-kukainiem","9":"first","10":"instock","11":"taxable","12":"shipping-taxable","13":"product-type-simple"},"_links":{"self":[{"href":"https:\/\/e.kosmolat.eu\/lv\/wp-json\/wp\/v2\/product\/37800","targetHints":{"allow":["GET"]}}],"collection":[{"href":"https:\/\/e.kosmolat.eu\/lv\/wp-json\/wp\/v2\/product"}],"about":[{"href":"https:\/\/e.kosmolat.eu\/lv\/wp-json\/wp\/v2\/types\/product"}],"wp:featuredmedia":[{"embeddable":true,"href":"https:\/\/e.kosmolat.eu\/lv\/wp-json\/wp\/v2\/media\/105596"}],"wp:attachment":[{"href":"https:\/\/e.kosmolat.eu\/lv\/wp-json\/wp\/v2\/media?parent=37800"}],"wp:term":[{"taxonomy":"product_cat","embeddable":true,"href":"https:\/\/e.kosmolat.eu\/lv\/wp-json\/wp\/v2\/product_cat?post=37800"},{"taxonomy":"product_tag","embeddable":true,"href":"https:\/\/e.kosmolat.eu\/lv\/wp-json\/wp\/v2\/product_tag?post=37800"}],"curies":[{"name":"wp","href":"https:\/\/api.w.org\/{rel}","templated":true}]}}