{"id":37792,"date":"2023-12-22T20:25:12","date_gmt":"2023-12-22T20:25:12","guid":{"rendered":"https:\/\/e.kosmolat.eu\/product\/inopharm-sos-cooling-gel-atvesinoss-gels-pec-saulosanas-150-ml\/"},"modified":"2025-07-25T12:21:02","modified_gmt":"2025-07-25T12:21:02","slug":"inopharm-sos-cooling-gel-atvesinoss-gels-pec-saulosanas-150-ml","status":"publish","type":"product","link":"https:\/\/e.kosmolat.eu\/lv\/product\/inopharm-sos-cooling-gel-atvesinoss-gels-pec-saulosanas-150-ml\/","title":{"rendered":"INOPHARM SOS COOLING GEL Atv\u0113sino\u0161s gels p\u0113c sau\u013co\u0161anas, 150 ml"},"content":{"rendered":"<p>Daudzfunkcion\u0101la \u0101du nomierino\u0161a formula, kuras sast\u0101v\u0101 ir akt\u012bv\u0101s dab\u012bg\u0101s sast\u0101vda\u013cas &ndash; Arnika, hypericum ekstrakts, Dzeltenais saldais \u0101boli\u0146\u0161. Pal\u012bdz \u0101tri atvieglot un aizsarg\u0101 \u0101du p\u0113c saules iedarb\u012bbas. Nekav\u0113joties nomierina un mitrina \u0101du. Pal\u012bdz labv\u0113l\u012bgi ietekm\u0113t nepat\u012bkamo dedzino\u0161o saj\u016btu un \u0101das aps\u0101rtumu.<\/p>\n<p>Galven\u0101s sast\u0101vda\u013cas:<\/p>\n<ul>\n<li>Arnika &ndash; aizsarg\u0101 boj\u0101tu \u0101du, pa\u0101trina dz\u012b\u0161anu<\/li>\n<li>Hypericum (asinsz\u0101les) ekstrakts &ndash; mazina \u0101das virsmas boj\u0101jumus<\/li>\n<li>Dzeltenais saldais \u0101boli\u0146\u0161 &ndash; pal\u012bdz mazin\u0101t piet\u016bkumu<\/li>\n<\/ul>\n<p><strong>Lieto\u0161ana:<\/strong> p\u0113c vajadz\u012bbas maigi uzkl\u0101jiet uz \u0101das p\u0113c sau\u013co\u0161anas.<\/p>\n<p><strong>Uzman\u012bbu: <\/strong>Nelietot uz boj\u0101tas \u0101das un tulzn\u0101m. Ja produkts nok\u013c\u016bst ac\u012bs, labi izskalojiet ar \u016bdeni.<br \/>\n&nbsp;<\/p>\n","protected":false},"excerpt":{"rendered":"<p>Daudzfunkcion\u0101la \u0101du nomierino\u0161a formula, kuras sast\u0101v\u0101 ir akt\u012bv\u0101s dab\u012bg\u0101s sast\u0101vda\u013cas &ndash; Arnika, hypericum ekstrakts, Dzeltenais saldais \u0101boli\u0146\u0161. Pal\u012bdz \u0101tri atvieglot un aizsarg\u0101 \u0101du p\u0113c saules iedarb\u012bbas. Nekav\u0113joties nomierina un mitrina \u0101du. Pal\u012bdz labv\u0113l\u012bgi ietekm\u0113t nepat\u012bkamo dedzino\u0161o saj\u016btu un \u0101das aps\u0101rtumu. Galven\u0101s sast\u0101vda\u013cas: Arnika &ndash; aizsarg\u0101 boj\u0101tu \u0101du, pa\u0101trina dz\u012b\u0161anu Hypericum (asinsz\u0101les) ekstrakts &ndash; mazina \u0101das [&#8230;]\n","protected":false},"featured_media":908,"template":"","meta":[],"product_cat":[1999],"product_tag":[],"class_list":{"0":"post-37792","1":"product","2":"type-product","3":"status-publish","4":"has-post-thumbnail","6":"product_brand-rubella-bg","7":"product_cat-bez-kategorijas","9":"first","10":"outofstock","11":"taxable","12":"shipping-taxable","13":"product-type-simple"},"_links":{"self":[{"href":"https:\/\/e.kosmolat.eu\/lv\/wp-json\/wp\/v2\/product\/37792","targetHints":{"allow":["GET"]}}],"collection":[{"href":"https:\/\/e.kosmolat.eu\/lv\/wp-json\/wp\/v2\/product"}],"about":[{"href":"https:\/\/e.kosmolat.eu\/lv\/wp-json\/wp\/v2\/types\/product"}],"wp:featuredmedia":[{"embeddable":true,"href":"https:\/\/e.kosmolat.eu\/lv\/wp-json\/wp\/v2\/media\/908"}],"wp:attachment":[{"href":"https:\/\/e.kosmolat.eu\/lv\/wp-json\/wp\/v2\/media?parent=37792"}],"wp:term":[{"taxonomy":"product_cat","embeddable":true,"href":"https:\/\/e.kosmolat.eu\/lv\/wp-json\/wp\/v2\/product_cat?post=37792"},{"taxonomy":"product_tag","embeddable":true,"href":"https:\/\/e.kosmolat.eu\/lv\/wp-json\/wp\/v2\/product_tag?post=37792"}],"curies":[{"name":"wp","href":"https:\/\/api.w.org\/{rel}","templated":true}]}}