{"id":37772,"date":"2023-12-22T20:22:59","date_gmt":"2023-12-22T20:22:59","guid":{"rendered":"https:\/\/e.kosmolat.eu\/product\/blux-skidrums-pudelu-un-knupisu-mazgasanai-1-l\/"},"modified":"2024-01-10T13:35:08","modified_gmt":"2024-01-10T13:35:08","slug":"blux-skidrums-pudelu-un-knupisu-mazgasanai-1-l","status":"publish","type":"product","link":"https:\/\/e.kosmolat.eu\/lv\/product\/blux-skidrums-pudelu-un-knupisu-mazgasanai-1-l\/","title":{"rendered":"BLUX \u0160\u0137idrums pude\u013cu un knup\u012b\u0161u mazg\u0101\u0161anai, 1 l"},"content":{"rendered":"<p>\u012apa\u0161i izstr\u0101d\u0101ts \u0161\u0137idrums pude\u013cu un knup\u012b\u0161u mazg\u0101\u0161anai. Maigs, netoksisks, bez smar\u017evielas un kr\u0101sviel\u0101m.<\/p>\n<p><strong>Lieto\u0161ana:<\/strong> izmantojiet vienu t\u0113jkaroti \u0161\u0137idruma uz pieciem litriem \u016bdens. P\u0113c lieto\u0161anas r\u016bp\u012bgi izskalojiet pudeli un knup\u012bti ar \u016bdeni, p\u0113c tam pagaidiet, l\u012bdz tas iz\u017e\u016bst.<\/p>\n<p><strong>Sast\u0101vs:<\/strong> Anjonu virsmakt\u012bv\u0101s vielas &lt;5%, amfoterisk\u0101s virsmakt\u012bv\u0101s vielas &lt;5%, n\u0101trija benzo\u0101ts, k\u0101lija sorb\u0101ts.&nbsp;Var izrais\u012bt aler\u0123isku reakciju.<br \/>\n&nbsp;<\/p>\n","protected":false},"excerpt":{"rendered":"<p>\u012apa\u0161i izstr\u0101d\u0101ts \u0161\u0137idrums pude\u013cu un knup\u012b\u0161u mazg\u0101\u0161anai. Maigs, netoksisks, bez smar\u017evielas un kr\u0101sviel\u0101m. Lieto\u0161ana: izmantojiet vienu t\u0113jkaroti \u0161\u0137idruma uz pieciem litriem \u016bdens. P\u0113c lieto\u0161anas r\u016bp\u012bgi izskalojiet pudeli un knup\u012bti ar \u016bdeni, p\u0113c tam pagaidiet, l\u012bdz tas iz\u017e\u016bst. Sast\u0101vs: Anjonu virsmakt\u012bv\u0101s vielas &lt;5%, amfoterisk\u0101s virsmakt\u012bv\u0101s vielas &lt;5%, n\u0101trija benzo\u0101ts, k\u0101lija sorb\u0101ts.&nbsp;Var izrais\u012bt aler\u0123isku reakciju. &nbsp;<\/p>\n","protected":false},"featured_media":15937,"template":"","meta":[],"product_cat":[1501],"product_tag":[],"class_list":{"0":"post-37772","1":"product","2":"type-product","3":"status-publish","4":"has-post-thumbnail","6":"product_brand-blux","7":"product_cat-lidzekli-trauku-mazgasanai","9":"first","10":"outofstock","11":"taxable","12":"shipping-taxable","13":"product-type-simple"},"_links":{"self":[{"href":"https:\/\/e.kosmolat.eu\/lv\/wp-json\/wp\/v2\/product\/37772","targetHints":{"allow":["GET"]}}],"collection":[{"href":"https:\/\/e.kosmolat.eu\/lv\/wp-json\/wp\/v2\/product"}],"about":[{"href":"https:\/\/e.kosmolat.eu\/lv\/wp-json\/wp\/v2\/types\/product"}],"wp:featuredmedia":[{"embeddable":true,"href":"https:\/\/e.kosmolat.eu\/lv\/wp-json\/wp\/v2\/media\/15937"}],"wp:attachment":[{"href":"https:\/\/e.kosmolat.eu\/lv\/wp-json\/wp\/v2\/media?parent=37772"}],"wp:term":[{"taxonomy":"product_cat","embeddable":true,"href":"https:\/\/e.kosmolat.eu\/lv\/wp-json\/wp\/v2\/product_cat?post=37772"},{"taxonomy":"product_tag","embeddable":true,"href":"https:\/\/e.kosmolat.eu\/lv\/wp-json\/wp\/v2\/product_tag?post=37772"}],"curies":[{"name":"wp","href":"https:\/\/api.w.org\/{rel}","templated":true}]}}