{"id":37768,"date":"2023-12-22T20:22:39","date_gmt":"2023-12-22T20:22:39","guid":{"rendered":"https:\/\/e.kosmolat.eu\/product\/blux-dabigais-stiklu-mazgasanas-lidzeklis-650-ml\/"},"modified":"2024-01-10T13:34:56","modified_gmt":"2024-01-10T13:34:56","slug":"blux-dabigais-stiklu-mazgasanas-lidzeklis-650-ml","status":"publish","type":"product","link":"https:\/\/e.kosmolat.eu\/lv\/product\/blux-dabigais-stiklu-mazgasanas-lidzeklis-650-ml\/","title":{"rendered":"BLUX Dab\u012bgais stiklu mazg\u0101\u0161anas l\u012bdzeklis, 650 ml"},"content":{"rendered":"<p>Videi draudz\u012bgs ar pat\u012bkamu me\u017ea ogu arom\u0101tu. Dro\u0161i un bez sv\u012btr\u0101m not\u012bra logus, spogu\u013cus, autostiklus automa\u0161\u012bnas iek\u0161pus\u0113 un visas glud\u0101s virsmas. L\u012bdzeklim ir apmierino\u0161a att\u012bro\u0161a iedarb\u012bba jau pie +20 C.<\/p>\n<p><strong>Lieto\u0161ana:<\/strong> viegli uzsmidziniet divas reizes uz net\u012br\u0101s virsmas un p\u0113c tam noslaukiet sausu. Smag\u0101kiem net\u012brumiem tr\u012bs reizes uzsmidziniet uz virsmas, p\u0113c tam noslaukiet ar mitru dr\u0101nu. Pareiza doz\u0113\u0161ana pal\u012bdz samazin\u0101t \u016bdens un ener\u0123ijas pat\u0113ri\u0146u un samazina \u016bdens pies\u0101r\u0146ojumu. Iepakojumu var izmantot atk\u0101rtoti. Produkts nav paredz\u0113ts lielu virsmu t\u012br\u012b\u0161anai.<\/p>\n<p>\n<strong>Sast\u0101v\u0101: <\/strong>Smar\u017evielas un arom\u0101tisk\u0101s kompoz\u012bcijas. Konservanti\/ METHYLCHLOROISOTHIAZOLINONE\/ METHYLISOTHIAZOLINONE&nbsp;<br \/>\nSatur reakcijas masu: 5-hlor-2-metil- 2H-izotiazol-3-ons; 2-metil-2H- izotiazol-3-ons (3:1). Var izrais\u012bt aler\u0123isku reakciju.<br \/>\n&nbsp;<\/p>\n","protected":false},"excerpt":{"rendered":"<p>Videi draudz\u012bgs ar pat\u012bkamu me\u017ea ogu arom\u0101tu. Dro\u0161i un bez sv\u012btr\u0101m not\u012bra logus, spogu\u013cus, autostiklus automa\u0161\u012bnas iek\u0161pus\u0113 un visas glud\u0101s virsmas. L\u012bdzeklim ir apmierino\u0161a att\u012bro\u0161a iedarb\u012bba jau pie +20 C. Lieto\u0161ana: viegli uzsmidziniet divas reizes uz net\u012br\u0101s virsmas un p\u0113c tam noslaukiet sausu. Smag\u0101kiem net\u012brumiem tr\u012bs reizes uzsmidziniet uz virsmas, p\u0113c tam noslaukiet ar mitru [&#8230;]\n","protected":false},"featured_media":884,"template":"","meta":[],"product_cat":[1720],"product_tag":[],"class_list":{"0":"post-37768","1":"product","2":"type-product","3":"status-publish","4":"has-post-thumbnail","6":"product_brand-vecie-kodi","7":"product_cat-logiem-un-stikliem","9":"first","10":"outofstock","11":"taxable","12":"shipping-taxable","13":"product-type-simple"},"_links":{"self":[{"href":"https:\/\/e.kosmolat.eu\/lv\/wp-json\/wp\/v2\/product\/37768","targetHints":{"allow":["GET"]}}],"collection":[{"href":"https:\/\/e.kosmolat.eu\/lv\/wp-json\/wp\/v2\/product"}],"about":[{"href":"https:\/\/e.kosmolat.eu\/lv\/wp-json\/wp\/v2\/types\/product"}],"wp:featuredmedia":[{"embeddable":true,"href":"https:\/\/e.kosmolat.eu\/lv\/wp-json\/wp\/v2\/media\/884"}],"wp:attachment":[{"href":"https:\/\/e.kosmolat.eu\/lv\/wp-json\/wp\/v2\/media?parent=37768"}],"wp:term":[{"taxonomy":"product_cat","embeddable":true,"href":"https:\/\/e.kosmolat.eu\/lv\/wp-json\/wp\/v2\/product_cat?post=37768"},{"taxonomy":"product_tag","embeddable":true,"href":"https:\/\/e.kosmolat.eu\/lv\/wp-json\/wp\/v2\/product_tag?post=37768"}],"curies":[{"name":"wp","href":"https:\/\/api.w.org\/{rel}","templated":true}]}}