{"id":37724,"date":"2023-12-22T20:18:31","date_gmt":"2023-12-22T20:18:31","guid":{"rendered":"https:\/\/e.kosmolat.eu\/product\/ht-sampuns-3d-apjomam-kombinetiem-matu-tipiem-1000-ml\/"},"modified":"2026-03-17T09:57:20","modified_gmt":"2026-03-17T09:57:20","slug":"i_ht-sampuns-3d-apjomam-kombinetiem-matu-tipiem-1000-ml","status":"publish","type":"product","link":"https:\/\/e.kosmolat.eu\/lv\/product\/i_ht-sampuns-3d-apjomam-kombinetiem-matu-tipiem-1000-ml\/","title":{"rendered":"I_HT Sampuns 3D apjomam kombinetiem matu tipiem, 1000 ml"},"content":{"rendered":"<p>&Scaron;amp\u016bns 3D apjomam kombin\u0113tiem matu tipiem<\/p>\n<p>&Scaron;amp\u016bns 3D apjomam kombin\u0113tiem matu tipiem ir paredz\u0113ts matu kop\u0161anai, kuriem ir tendence zaud\u0113t apjomu. Pateicoties saturam: fitokeram\u012bdi &#8211; tiek atjaunotas boj\u0101t\u0101s matu vietas, veidojot ap t\u0101m aizsargapvalku un atjaunojot kerat\u012bna l\u012bmeni matu strukt\u016br\u0101.<br \/>\nOlbaltumvielas &#8211; kas ir galvenais matu &quot;b\u016bvmateri\u0101ls&quot;, sp\u0113j atjaunot katru J\u016bsu matu vis\u0101 t\u0101 garum\u0101. Saldo mande\u013cu ekstrakts iedarbojas uz dzi\u013cajiem galvas \u0101das epidermas sl\u0101\u0146iem un regul\u0113 tauku dziedzeru darb\u012bbu. Rezult\u0101t\u0101 tiek samazin\u0101ts matu mazg\u0101\u0161anas bie\u017eums un saglab\u0101ts sak\u0146u apjoms. Alanto\u012bnam piem\u012bt sebumu regul\u0113jo\u0161as \u012bpa\u0161\u012bbas, kuru d\u0113\u013c tas nov\u0113r\u0161 p\u0101rm\u0113r\u012bgu tauku saturu sak\u0146u zon\u0101 un saglab\u0101 apjomu.<\/p>\n<p>Lieto\u0161ana: uzkl\u0101t nepiecie\u0161amo \u0161amp\u016bna daudzumu mitros matos, saputot, r\u016bp\u012bgi izskalot ar \u016bdeni. Ja nepiecie\u0161ams, atk\u0101rtojiet proced\u016bru.<\/p>\n<p>Uzman\u012bbu: pirms lieto\u0161anas \u0161amp\u016bns ir j\u0101p\u0101rbauda uz neliela \u0101das laukuma. Ja rodas aler\u0123iska reakcija, p\u0101rtrauciet lieto\u0161anu. Tikai \u0101r\u012bgai lieto\u0161anai. Ja nok\u013c\u016bst ac\u012bs, skalot ar lielu daudzumu teko\u0161a \u016bdens. Kontrindik\u0101cijas: individu\u0101la \u0161amp\u016bna sast\u0101vda\u013cu nepanesam\u012bba.<\/p>\n<p>Uzglab\u0101t temperat\u016br\u0101 no 5C l\u012bdz 25C un relat\u012bvaj\u0101 mitrum\u0101 55-70%, sarg\u0101jot no tie\u0161iem saules stariem. Produktu nav at\u013cauts uzglab\u0101t maz\u0101k nek\u0101 1 m att\u0101lum\u0101 no str\u0101d\u0101jo\u0161\u0101m apkures ier\u012bc\u0113m. Der\u012bguma termi\u0146\u0161 24 m\u0113ne\u0161i no izgatavo\u0161anas datuma. P\u0113c atv\u0113r\u0161anas izlietot 12 m\u0113ne\u0161u laik\u0101. Ra\u017eo\u0161anas datums ir nor\u0101d\u012bts uz iepakojuma. Partijas numurs atbilst ra\u017eo\u0161anas datumam.<br \/>\n&nbsp;<\/p>\n","protected":false},"excerpt":{"rendered":"<p>&Scaron;amp\u016bns 3D apjomam kombin\u0113tiem matu tipiem &Scaron;amp\u016bns 3D apjomam kombin\u0113tiem matu tipiem ir paredz\u0113ts matu kop\u0161anai, kuriem ir tendence zaud\u0113t apjomu. Pateicoties saturam: fitokeram\u012bdi &#8211; tiek atjaunotas boj\u0101t\u0101s matu vietas, veidojot ap t\u0101m aizsargapvalku un atjaunojot kerat\u012bna l\u012bmeni matu strukt\u016br\u0101. Olbaltumvielas &#8211; kas ir galvenais matu &quot;b\u016bvmateri\u0101ls&quot;, sp\u0113j atjaunot katru J\u016bsu matu vis\u0101 t\u0101 garum\u0101. [&#8230;]\n","protected":false},"featured_media":87078,"template":"","meta":[],"product_cat":[1999],"product_tag":[],"class_list":{"0":"post-37724","1":"product","2":"type-product","3":"status-publish","4":"has-post-thumbnail","6":"product_brand-naturpro_ua","7":"product_cat-bez-kategorijas","9":"first","10":"instock","11":"taxable","12":"shipping-taxable","13":"product-type-simple"},"_links":{"self":[{"href":"https:\/\/e.kosmolat.eu\/lv\/wp-json\/wp\/v2\/product\/37724","targetHints":{"allow":["GET"]}}],"collection":[{"href":"https:\/\/e.kosmolat.eu\/lv\/wp-json\/wp\/v2\/product"}],"about":[{"href":"https:\/\/e.kosmolat.eu\/lv\/wp-json\/wp\/v2\/types\/product"}],"wp:featuredmedia":[{"embeddable":true,"href":"https:\/\/e.kosmolat.eu\/lv\/wp-json\/wp\/v2\/media\/87078"}],"wp:attachment":[{"href":"https:\/\/e.kosmolat.eu\/lv\/wp-json\/wp\/v2\/media?parent=37724"}],"wp:term":[{"taxonomy":"product_cat","embeddable":true,"href":"https:\/\/e.kosmolat.eu\/lv\/wp-json\/wp\/v2\/product_cat?post=37724"},{"taxonomy":"product_tag","embeddable":true,"href":"https:\/\/e.kosmolat.eu\/lv\/wp-json\/wp\/v2\/product_tag?post=37724"}],"curies":[{"name":"wp","href":"https:\/\/api.w.org\/{rel}","templated":true}]}}