{"id":37716,"date":"2023-12-22T20:17:32","date_gmt":"2023-12-22T20:17:32","guid":{"rendered":"https:\/\/e.kosmolat.eu\/product\/ht-glaze-effect-sampuns-krasotiem-matiem-1000-ml\/"},"modified":"2026-04-13T08:10:23","modified_gmt":"2026-04-13T08:10:23","slug":"ht-glaze-effect-sampuns-krasotiem-matiem-1000-ml","status":"publish","type":"product","link":"https:\/\/e.kosmolat.eu\/lv\/product\/ht-glaze-effect-sampuns-krasotiem-matiem-1000-ml\/","title":{"rendered":"HT Glaze effect sampuns krasotiem matiem, 1000 ml"},"content":{"rendered":"<p>Glaze effect &Scaron;amp\u016bns kr\u0101sotiem matiem<\/p>\n<p>B5 un E vitam\u012bnu komplekss, r\u012bsu prote\u012bna hidroliz\u0101ts, hibiska ekstrakts, saulespu\u0137u fitokeram\u012bdi, piroktona olam\u012bns. Formul\u0113jums tika izstr\u0101d\u0101ts, piedaloties matu kop\u0161anas speci\u0101listiem.<\/p>\n<p>Glaz\u016bras efekta \u0161amp\u016bns kr\u0101sotiem matiem ir paredz\u0113ts porainiem, nepaklaus\u012bgiem matiem ar p\u0101r\u017e\u016b\u0161anas paz\u012bm\u0113m. Pateicoties saturam: prote\u012bni, kas ir galvenais matu &quot;b\u016bvmateri\u0101ls&quot;, kas sp\u0113j atjaunot katru J\u016bsu matu vis\u0101 garum\u0101. Piroktona olam\u012bns &ndash; efekt\u012bvi atrisina blaugznu probl\u0113mu un aizsarg\u0101 \u0101du no kairin\u0101juma un sausuma. Vitam\u012bnu komplekss &#8211; uzlabo kolag\u0113na sint\u0113zi matu audos, pie\u0161\u0137irot tiem papildu sp\u0113ku un elast\u012bbu, uzlabo to iztur\u012bbu pret \u0137\u012bmisko komponentu agres\u012bvo iedarb\u012bbu. Fitokeram\u012bdi ir vissvar\u012bg\u0101k\u0101 sk\u0101bju sast\u0101vda\u013ca, kas ietilpst matu aug\u0161\u0113j\u0101 sl\u0101\u0146a strukt\u016br\u0101. Papildu keram\u012bdu kl\u0101tb\u016btne nov\u0113r\u0161 matu bl\u0101vumu un galu \u0161\u0137el\u0161anos.<\/p>\n<p>Lieto\u0161ana: uzkl\u0101t nepiecie\u0161amo \u0161amp\u016bna daudzumu mitros matos, saputot, r\u016bp\u012bgi izskalot ar \u016bdeni. Ja nepiecie\u0161ams, atk\u0101rtojiet proced\u016bru.<\/p>\n<p>Uzman\u012bbu: pirms lieto\u0161anas \u0161amp\u016bns ir j\u0101p\u0101rbauda uz neliela \u0101das laukuma. Ja rodas aler\u0123iska reakcija, p\u0101rtrauciet lieto\u0161anu. Tikai \u0101r\u012bgai lieto\u0161anai. Ja nok\u013c\u016bst ac\u012bs, skalot ar lielu daudzumu teko\u0161a \u016bdens. Kontrindik\u0101cijas: individu\u0101la \u0161amp\u016bna sast\u0101vda\u013cu nepanesam\u012bba.<\/p>\n<p>Uzglab\u0101t temperat\u016br\u0101 no 5C l\u012bdz 25C un relat\u012bvaj\u0101 mitrum\u0101 55-70%, sarg\u0101jot no tie\u0161iem saules stariem. Produktu nav at\u013cauts uzglab\u0101t maz\u0101k nek\u0101 1 m att\u0101lum\u0101 no str\u0101d\u0101jo\u0161\u0101m apkures ier\u012bc\u0113m. Der\u012bguma termi\u0146\u0161 36 m\u0113ne\u0161i no izgatavo\u0161anas datuma. P\u0113c atv\u0113r\u0161anas izlietot 12 m\u0113ne\u0161u laik\u0101. Ra\u017eo\u0161anas datums ir nor\u0101d\u012bts uz iepakojuma. Partijas numurs atbilst ra\u017eo\u0161anas datumam.<br \/>\n&nbsp;<\/p>\n","protected":false},"excerpt":{"rendered":"<p>Glaze effect &Scaron;amp\u016bns kr\u0101sotiem matiem B5 un E vitam\u012bnu komplekss, r\u012bsu prote\u012bna hidroliz\u0101ts, hibiska ekstrakts, saulespu\u0137u fitokeram\u012bdi, piroktona olam\u012bns. Formul\u0113jums tika izstr\u0101d\u0101ts, piedaloties matu kop\u0161anas speci\u0101listiem. Glaz\u016bras efekta \u0161amp\u016bns kr\u0101sotiem matiem ir paredz\u0113ts porainiem, nepaklaus\u012bgiem matiem ar p\u0101r\u017e\u016b\u0161anas paz\u012bm\u0113m. Pateicoties saturam: prote\u012bni, kas ir galvenais matu &quot;b\u016bvmateri\u0101ls&quot;, kas sp\u0113j atjaunot katru J\u016bsu matu vis\u0101 garum\u0101. [&#8230;]\n","protected":false},"featured_media":87070,"template":"","meta":[],"product_cat":[2182],"product_tag":[],"class_list":{"0":"post-37716","1":"product","2":"type-product","3":"status-publish","4":"has-post-thumbnail","6":"product_brand-naturpro_ua","7":"product_cat-bez-kategorijas-ru","9":"first","10":"instock","11":"taxable","12":"shipping-taxable","13":"product-type-simple"},"_links":{"self":[{"href":"https:\/\/e.kosmolat.eu\/lv\/wp-json\/wp\/v2\/product\/37716","targetHints":{"allow":["GET"]}}],"collection":[{"href":"https:\/\/e.kosmolat.eu\/lv\/wp-json\/wp\/v2\/product"}],"about":[{"href":"https:\/\/e.kosmolat.eu\/lv\/wp-json\/wp\/v2\/types\/product"}],"wp:featuredmedia":[{"embeddable":true,"href":"https:\/\/e.kosmolat.eu\/lv\/wp-json\/wp\/v2\/media\/87070"}],"wp:attachment":[{"href":"https:\/\/e.kosmolat.eu\/lv\/wp-json\/wp\/v2\/media?parent=37716"}],"wp:term":[{"taxonomy":"product_cat","embeddable":true,"href":"https:\/\/e.kosmolat.eu\/lv\/wp-json\/wp\/v2\/product_cat?post=37716"},{"taxonomy":"product_tag","embeddable":true,"href":"https:\/\/e.kosmolat.eu\/lv\/wp-json\/wp\/v2\/product_tag?post=37716"}],"curies":[{"name":"wp","href":"https:\/\/api.w.org\/{rel}","templated":true}]}}