{"id":37712,"date":"2023-12-22T20:17:10","date_gmt":"2023-12-22T20:17:10","guid":{"rendered":"https:\/\/e.kosmolat.eu\/product\/qs-kafijas-kermena-skrubis-ar-ellam-200-g\/"},"modified":"2026-04-09T13:32:19","modified_gmt":"2026-04-09T13:32:19","slug":"qs-kafijas-kermena-skrubis-ar-ellam-200-g","status":"publish","type":"product","link":"https:\/\/e.kosmolat.eu\/lv\/product\/qs-kafijas-kermena-skrubis-ar-ellam-200-g\/","title":{"rendered":"QS Kafijas \u0137erme\u0146a skrubis ar e\u013c\u013c\u0101m, 200 g"},"content":{"rendered":"<p>Dab\u012bgs \u0137erme\u0146a skrubis no augstas kvalit\u0101tes kafijas pupi\u0146\u0101m.<\/p>\n<p><strong>Lieto&scaron;ana:<\/strong> ar viegl\u0101m mas\u0101\u017eas kust\u012bb\u0101m uzkl\u0101jiet skrubi uz t\u012bras, mitras \u0101das, pamas\u0113jiet un noskalojiet ar siltu \u016bdeni.<\/p>\n<p><strong>Uzman\u012bbu: <\/strong>pirms lieto&scaron;anas skrubis ir j\u0101p\u0101rbauda uz neliela \u0101das laukuma. Ja rodas aler\u0123iska reakcija, p\u0101rtrauciet lieto&scaron;anu. Lietojiet skrubi tikai tam paredz\u0113tajam m\u0113r\u0137im. Tikai \u0101r\u012bgai lieto&scaron;anai. Uzglab\u0101t b\u0113rniem nepieejam\u0101 viet\u0101.<\/p>\n<p><strong>Kontrindik\u0101cijas:<\/strong> individu\u0101la nepanes\u012bba pret skrubja sast\u0101vda\u013c\u0101m.<\/p>\n<p>Uzglab\u0101t temperat\u016br\u0101 no +5&deg;C l\u012bdz +25&deg;C un relat\u012bvaj\u0101 mitrum\u0101 55-70%, sarg\u0101jot no tie&scaron;iem saules stariem, ne tuv\u0101k par vienu metru no siltuma avotiem.<\/p>\n<p><strong>Der\u012bguma termi\u0146&scaron;: <\/strong>36 m\u0113ne&scaron;i. P\u0113c atv\u0113r&scaron;anas izlietot 12 m\u0113ne&scaron;u laik\u0101, \u0146emot v\u0113r\u0101 der\u012bguma termi\u0146u.<\/p>\n","protected":false},"excerpt":{"rendered":"<p>Dab\u012bgs \u0137erme\u0146a skrubis no augstas kvalit\u0101tes kafijas pupi\u0146\u0101m. Lieto&scaron;ana: ar viegl\u0101m mas\u0101\u017eas kust\u012bb\u0101m uzkl\u0101jiet skrubi uz t\u012bras, mitras \u0101das, pamas\u0113jiet un noskalojiet ar siltu \u016bdeni. Uzman\u012bbu: pirms lieto&scaron;anas skrubis ir j\u0101p\u0101rbauda uz neliela \u0101das laukuma. Ja rodas aler\u0123iska reakcija, p\u0101rtrauciet lieto&scaron;anu. Lietojiet skrubi tikai tam paredz\u0113tajam m\u0113r\u0137im. Tikai \u0101r\u012bgai lieto&scaron;anai. Uzglab\u0101t b\u0113rniem nepieejam\u0101 viet\u0101. Kontrindik\u0101cijas: [&#8230;]\n","protected":false},"featured_media":87090,"template":"","meta":[],"product_cat":[1999],"product_tag":[],"class_list":{"0":"post-37712","1":"product","2":"type-product","3":"status-publish","4":"has-post-thumbnail","6":"product_brand-naturpro_ua","7":"product_cat-bez-kategorijas","9":"first","10":"instock","11":"taxable","12":"shipping-taxable","13":"product-type-simple"},"_links":{"self":[{"href":"https:\/\/e.kosmolat.eu\/lv\/wp-json\/wp\/v2\/product\/37712","targetHints":{"allow":["GET"]}}],"collection":[{"href":"https:\/\/e.kosmolat.eu\/lv\/wp-json\/wp\/v2\/product"}],"about":[{"href":"https:\/\/e.kosmolat.eu\/lv\/wp-json\/wp\/v2\/types\/product"}],"wp:featuredmedia":[{"embeddable":true,"href":"https:\/\/e.kosmolat.eu\/lv\/wp-json\/wp\/v2\/media\/87090"}],"wp:attachment":[{"href":"https:\/\/e.kosmolat.eu\/lv\/wp-json\/wp\/v2\/media?parent=37712"}],"wp:term":[{"taxonomy":"product_cat","embeddable":true,"href":"https:\/\/e.kosmolat.eu\/lv\/wp-json\/wp\/v2\/product_cat?post=37712"},{"taxonomy":"product_tag","embeddable":true,"href":"https:\/\/e.kosmolat.eu\/lv\/wp-json\/wp\/v2\/product_tag?post=37712"}],"curies":[{"name":"wp","href":"https:\/\/api.w.org\/{rel}","templated":true}]}}