{"id":37708,"date":"2023-12-22T20:16:45","date_gmt":"2023-12-22T20:16:45","guid":{"rendered":"https:\/\/e.kosmolat.eu\/product\/qs-kermena-skrubis-ar-avenu-kauliniem-200-g\/"},"modified":"2026-03-31T11:21:54","modified_gmt":"2026-03-31T11:21:54","slug":"qs-kermena-skrubis-ar-avenu-kauliniem-200-g","status":"publish","type":"product","link":"https:\/\/e.kosmolat.eu\/lv\/product\/qs-kermena-skrubis-ar-avenu-kauliniem-200-g\/","title":{"rendered":"QS \u0136erme\u0146a skrubis ar ave\u0146u kauli\u0146iem, 200 g"},"content":{"rendered":"<p>\u0136erme\u0146a skrubis ar ave\u0146u kauli\u0146iem. Dab\u012bgs \u0137erme\u0146a skrubis ar ave\u0146u kauli\u0146iem.<\/p>\n<p><strong>Lieto\u0161ana: <\/strong>uzkl\u0101jiet skrubi uz mitra \u0137erme\u0146a, pamas\u0113jiet, noskalojiet.<\/p>\n<p><strong>Uzman\u012bbu:<\/strong> pirms lieto\u0161anas skrubis ir j\u0101p\u0101rbauda uz neliela \u0101das laukuma. Ja rodas aler\u0123iska reakcija, p\u0101rtrauciet lieto\u0161anu. Lietot produktu tikai tam paredz\u0113taj\u0101 nol\u016bk\u0101. Tikai \u0101r\u012bgai lieto\u0161anai. Ja iek\u013c\u016bst ac\u012bs, r\u016bp\u012bgi izskalojiet ar lielu daudzumu teko\u0161a \u016bdens.<\/p>\n<p><strong>Kontrindik\u0101cijas:<\/strong> individu\u0101la nepanes\u012bba pret skrubja sast\u0101vda\u013c\u0101m.<\/p>\n<p>Uzglab\u0101t temperat\u016br\u0101 no +5&deg;C l\u012bdz +25&deg;C un relat\u012bvaj\u0101 mitrum\u0101 55-70%, sarg\u0101jot no tie\u0161iem saules stariem, ne tuv\u0101k par vienu metru no siltuma avotiem.&nbsp;<\/p>\n<p><strong>Der\u012bguma termi\u0146\u0161: <\/strong>36 m\u0113ne\u0161i.&nbsp;<br \/>\n&nbsp;<\/p>\n","protected":false},"excerpt":{"rendered":"<p>\u0136erme\u0146a skrubis ar ave\u0146u kauli\u0146iem. Dab\u012bgs \u0137erme\u0146a skrubis ar ave\u0146u kauli\u0146iem. Lieto\u0161ana: uzkl\u0101jiet skrubi uz mitra \u0137erme\u0146a, pamas\u0113jiet, noskalojiet. Uzman\u012bbu: pirms lieto\u0161anas skrubis ir j\u0101p\u0101rbauda uz neliela \u0101das laukuma. Ja rodas aler\u0123iska reakcija, p\u0101rtrauciet lieto\u0161anu. Lietot produktu tikai tam paredz\u0113taj\u0101 nol\u016bk\u0101. Tikai \u0101r\u012bgai lieto\u0161anai. Ja iek\u013c\u016bst ac\u012bs, r\u016bp\u012bgi izskalojiet ar lielu daudzumu teko\u0161a \u016bdens. Kontrindik\u0101cijas: [&#8230;]\n","protected":false},"featured_media":87086,"template":"","meta":[],"product_cat":[1357],"product_tag":[],"class_list":{"0":"post-37708","1":"product","2":"type-product","3":"status-publish","4":"has-post-thumbnail","6":"product_brand-naturpro_ua","7":"product_cat-skrubji-un-pilingi-kermenim","9":"first","10":"outofstock","11":"taxable","12":"shipping-taxable","13":"product-type-simple"},"_links":{"self":[{"href":"https:\/\/e.kosmolat.eu\/lv\/wp-json\/wp\/v2\/product\/37708","targetHints":{"allow":["GET"]}}],"collection":[{"href":"https:\/\/e.kosmolat.eu\/lv\/wp-json\/wp\/v2\/product"}],"about":[{"href":"https:\/\/e.kosmolat.eu\/lv\/wp-json\/wp\/v2\/types\/product"}],"wp:featuredmedia":[{"embeddable":true,"href":"https:\/\/e.kosmolat.eu\/lv\/wp-json\/wp\/v2\/media\/87086"}],"wp:attachment":[{"href":"https:\/\/e.kosmolat.eu\/lv\/wp-json\/wp\/v2\/media?parent=37708"}],"wp:term":[{"taxonomy":"product_cat","embeddable":true,"href":"https:\/\/e.kosmolat.eu\/lv\/wp-json\/wp\/v2\/product_cat?post=37708"},{"taxonomy":"product_tag","embeddable":true,"href":"https:\/\/e.kosmolat.eu\/lv\/wp-json\/wp\/v2\/product_tag?post=37708"}],"curies":[{"name":"wp","href":"https:\/\/api.w.org\/{rel}","templated":true}]}}