{"id":37704,"date":"2023-12-22T20:16:21","date_gmt":"2023-12-22T20:16:21","guid":{"rendered":"https:\/\/e.kosmolat.eu\/product\/qs-kermena-skrubis-ar-kokosriekstu-skaidinam-200-g\/"},"modified":"2026-04-08T10:10:51","modified_gmt":"2026-04-08T10:10:51","slug":"qs-kermena-skrubis-ar-kokosriekstu-skaidinam-200-g","status":"publish","type":"product","link":"https:\/\/e.kosmolat.eu\/lv\/product\/qs-kermena-skrubis-ar-kokosriekstu-skaidinam-200-g\/","title":{"rendered":"QS \u0136erme\u0146a skrubis ar kokosriekstu skaidi\u0146\u0101m, 200 g"},"content":{"rendered":"<p>\u0136erme\u0146a skrubis ar kokosriekstu skaidi\u0146\u0101m. Dab\u012bgs \u0137erme\u0146a skrubis, kas izgatavots ar \u012bst\u0101m kokosriekstu skaidi\u0146\u0101m.<\/p>\n<p><strong>Lieto\u0161ana:<\/strong> uzkl\u0101jiet skrubi uz t\u012bras, mitras \u0101das ar viegl\u0101m mas\u0101\u017eas kust\u012bb\u0101m, pamas\u0113jiet un noskalojiet ar siltu \u016bdeni.<\/p>\n<p><strong>Uzman\u012bbu:<\/strong> pirms lieto\u0161anas skrubis ir j\u0101p\u0101rbauda uz neliela \u0101das laukuma. Ja rodas aler\u0123iska reakcija, p\u0101rtrauciet lieto\u0161anu. Lietot produktu tikai tam paredz\u0113taj\u0101 nol\u016bk\u0101. Tikai \u0101r\u012bgai lieto\u0161anai. Uzglab\u0101t b\u0113rniem nepieejam\u0101 viet\u0101.<\/p>\n<p><strong>Kontrindik\u0101cijas:<\/strong> individu\u0101la nepanes\u012bba pret skrubja sast\u0101vda\u013c\u0101m.<\/p>\n<p>Uzglab\u0101t temperat\u016br\u0101 no +5&deg;C l\u012bdz +25&deg;C un relat\u012bvaj\u0101 mitrum\u0101 55-70%, sarg\u0101jot no tie\u0161iem saules stariem, ne tuv\u0101k par vienu metru no siltuma avotiem.<\/p>\n<p><strong>Der\u012bguma termi\u0146\u0161: <\/strong>36 m\u0113ne\u0161i no izgatavo\u0161anas datuma. P\u0113c atv\u0113r\u0161anas izlietot 12 m\u0113ne\u0161u laik\u0101, \u0146emot v\u0113r\u0101 gal\u012bgo der\u012bguma termi\u0146u.<br \/>\n&nbsp;<\/p>\n","protected":false},"excerpt":{"rendered":"<p>\u0136erme\u0146a skrubis ar kokosriekstu skaidi\u0146\u0101m. Dab\u012bgs \u0137erme\u0146a skrubis, kas izgatavots ar \u012bst\u0101m kokosriekstu skaidi\u0146\u0101m. Lieto\u0161ana: uzkl\u0101jiet skrubi uz t\u012bras, mitras \u0101das ar viegl\u0101m mas\u0101\u017eas kust\u012bb\u0101m, pamas\u0113jiet un noskalojiet ar siltu \u016bdeni. Uzman\u012bbu: pirms lieto\u0161anas skrubis ir j\u0101p\u0101rbauda uz neliela \u0101das laukuma. Ja rodas aler\u0123iska reakcija, p\u0101rtrauciet lieto\u0161anu. Lietot produktu tikai tam paredz\u0113taj\u0101 nol\u016bk\u0101. Tikai \u0101r\u012bgai [&#8230;]\n","protected":false},"featured_media":87082,"template":"","meta":[],"product_cat":[1357],"product_tag":[],"class_list":{"0":"post-37704","1":"product","2":"type-product","3":"status-publish","4":"has-post-thumbnail","6":"product_brand-naturpro_ua","7":"product_cat-skrubji-un-pilingi-kermenim","9":"first","10":"instock","11":"taxable","12":"shipping-taxable","13":"product-type-simple"},"_links":{"self":[{"href":"https:\/\/e.kosmolat.eu\/lv\/wp-json\/wp\/v2\/product\/37704","targetHints":{"allow":["GET"]}}],"collection":[{"href":"https:\/\/e.kosmolat.eu\/lv\/wp-json\/wp\/v2\/product"}],"about":[{"href":"https:\/\/e.kosmolat.eu\/lv\/wp-json\/wp\/v2\/types\/product"}],"wp:featuredmedia":[{"embeddable":true,"href":"https:\/\/e.kosmolat.eu\/lv\/wp-json\/wp\/v2\/media\/87082"}],"wp:attachment":[{"href":"https:\/\/e.kosmolat.eu\/lv\/wp-json\/wp\/v2\/media?parent=37704"}],"wp:term":[{"taxonomy":"product_cat","embeddable":true,"href":"https:\/\/e.kosmolat.eu\/lv\/wp-json\/wp\/v2\/product_cat?post=37704"},{"taxonomy":"product_tag","embeddable":true,"href":"https:\/\/e.kosmolat.eu\/lv\/wp-json\/wp\/v2\/product_tag?post=37704"}],"curies":[{"name":"wp","href":"https:\/\/api.w.org\/{rel}","templated":true}]}}