{"id":37696,"date":"2023-12-22T20:15:24","date_gmt":"2023-12-22T20:15:24","guid":{"rendered":"https:\/\/e.kosmolat.eu\/product\/bd-aktiva-sos-zeleja-aloe-vera-200-ml\/"},"modified":"2026-04-22T08:31:56","modified_gmt":"2026-04-22T08:31:56","slug":"bd-aktiva-sos-zeleja-aloe-vera-200-ml","status":"publish","type":"product","link":"https:\/\/e.kosmolat.eu\/lv\/product\/bd-aktiva-sos-zeleja-aloe-vera-200-ml\/","title":{"rendered":"BD Akt\u012bv\u0101 SOS \u017eeleja Aloe Vera, 200 ml"},"content":{"rendered":"<p>Daudzfunkcion\u0101la univers\u0101la mitrino&scaron;a un nomierino&scaron;a \u017eeleja ir paredz\u0113ta dehidr\u0113tas, kairin\u0101tas un jut\u012bgas \u0137erme\u0146a un sejas \u0101das \u012bpa&scaron;ai kop&scaron;anai.<br \/>\n*Dab\u012bgas akt\u012bv\u0101s sast\u0101vda\u013cas.<\/p>\n<p><strong>Akt\u012bv\u0101s sast\u0101vda\u013cas:<\/strong><\/p>\n<ul>\n<li>Aloe Vera Lapu \u017eeleja toniz\u0113, baro un nomierina dehidr\u0113tu \u0101du.<\/li>\n<li>Prodew 500 ir aminosk\u0101bju kokteilis, kas baro \u0101du, veicina &scaron;\u016bnu atjauno&scaron;anos.<\/li>\n<li>D-pantenols mazina kairin\u0101jumu un veicina dabisko &scaron;\u016bnu atjauno&scaron;anos.<\/li>\n<\/ul>\n<p><strong>Lieto&scaron;anas veids: <\/strong>Uzkl\u0101jiet \u017eeleju uz t\u012bras, sausas \u0101das.<\/p>\n<p><strong>Uzman\u012bbu:<\/strong> pirms lieto&scaron;anas produkts ir j\u0101p\u0101rbauda uz neliela \u0101das laukuma. Ja tiek konstat\u0113ta aler\u0123iska reakcija, p\u0101rtrauciet lieto&scaron;anu. Izmantojiet paredz\u0113tajam m\u0113r\u0137im. Tikai \u0101r\u012bgai lieto&scaron;anai.<\/p>\n<p><strong>Kontrindik\u0101cijas:<\/strong> individu\u0101la neieciet\u012bba pret \u017eelejas sast\u0101vda\u013c\u0101m. Uzglab\u0101t temperat\u016br\u0101 no +5&deg;C l\u012bdz +25&deg;C un relat\u012bvaj\u0101 mitrum\u0101 55-75% viet\u0101 aizsarg\u0101t\u0101 no tie&scaron;iem saules stariem vismaz viena metra att\u0101lum\u0101 no augstas temperat\u016bras avotiem.&nbsp;<\/p>\n","protected":false},"excerpt":{"rendered":"<p>Daudzfunkcion\u0101la univers\u0101la mitrino&scaron;a un nomierino&scaron;a \u017eeleja ir paredz\u0113ta dehidr\u0113tas, kairin\u0101tas un jut\u012bgas \u0137erme\u0146a un sejas \u0101das \u012bpa&scaron;ai kop&scaron;anai. *Dab\u012bgas akt\u012bv\u0101s sast\u0101vda\u013cas. Akt\u012bv\u0101s sast\u0101vda\u013cas: Aloe Vera Lapu \u017eeleja toniz\u0113, baro un nomierina dehidr\u0113tu \u0101du. Prodew 500 ir aminosk\u0101bju kokteilis, kas baro \u0101du, veicina &scaron;\u016bnu atjauno&scaron;anos. D-pantenols mazina kairin\u0101jumu un veicina dabisko &scaron;\u016bnu atjauno&scaron;anos. Lieto&scaron;anas veids: Uzkl\u0101jiet [&#8230;]\n","protected":false},"featured_media":87042,"template":"","meta":[],"product_cat":[1999],"product_tag":[],"class_list":{"0":"post-37696","1":"product","2":"type-product","3":"status-publish","4":"has-post-thumbnail","6":"product_brand-naturpro_ua","7":"product_cat-bez-kategorijas","9":"first","10":"instock","11":"taxable","12":"shipping-taxable","13":"product-type-simple"},"_links":{"self":[{"href":"https:\/\/e.kosmolat.eu\/lv\/wp-json\/wp\/v2\/product\/37696","targetHints":{"allow":["GET"]}}],"collection":[{"href":"https:\/\/e.kosmolat.eu\/lv\/wp-json\/wp\/v2\/product"}],"about":[{"href":"https:\/\/e.kosmolat.eu\/lv\/wp-json\/wp\/v2\/types\/product"}],"wp:featuredmedia":[{"embeddable":true,"href":"https:\/\/e.kosmolat.eu\/lv\/wp-json\/wp\/v2\/media\/87042"}],"wp:attachment":[{"href":"https:\/\/e.kosmolat.eu\/lv\/wp-json\/wp\/v2\/media?parent=37696"}],"wp:term":[{"taxonomy":"product_cat","embeddable":true,"href":"https:\/\/e.kosmolat.eu\/lv\/wp-json\/wp\/v2\/product_cat?post=37696"},{"taxonomy":"product_tag","embeddable":true,"href":"https:\/\/e.kosmolat.eu\/lv\/wp-json\/wp\/v2\/product_tag?post=37696"}],"curies":[{"name":"wp","href":"https:\/\/api.w.org\/{rel}","templated":true}]}}