{"id":37692,"date":"2023-12-22T20:14:52","date_gmt":"2023-12-22T20:14:52","guid":{"rendered":"https:\/\/e.kosmolat.eu\/product\/bd-regenerejoss-krems-kajam-cica-75-ml\/"},"modified":"2026-04-22T14:00:51","modified_gmt":"2026-04-22T14:00:51","slug":"bd-regenerejoss-krems-kajam-cica-75-ml","status":"publish","type":"product","link":"https:\/\/e.kosmolat.eu\/lv\/product\/bd-regenerejoss-krems-kajam-cica-75-ml\/","title":{"rendered":"BD Re\u0123ener\u0113jo\u0161s kr\u0113ms k\u0101j\u0101m CICA, 75 ml"},"content":{"rendered":"<p>Izstr\u0101d\u0101ts, lai intens\u012bvi atjaunotu dehidr\u0113to un raupjo k\u0101ju \u0101du, neradot taukainas vai lip\u012bgas pl\u0113ves saj\u016btu.<\/p>\n<p><strong>Akt\u012bv\u0101s sast\u0101vda\u013cas:<\/strong><\/p>\n<ul>\n<li>Ur\u012bnviela nodro&scaron;ina \u0101dai maigumu un m\u012bkstumu, nov\u0113r&scaron; turpm\u0101ku plaisu par\u0101d\u012b&scaron;anos.<\/li>\n<li>Gotu kolas ekstrakts nomierina, dzied\u0113 nelielus boj\u0101jumus un pal\u012bdz c\u012bn\u012bties ar \u0101das noveco&scaron;anos.<\/li>\n<li>Sarkano a\u013c\u0123u ekstrakts ir bioakt\u012bvs komplekss, kas pal\u012bdz iedarboties pret noveco&scaron;an\u0101s procesu un saglab\u0101t \u0101das &scaron;\u016bnu integrit\u0101ti, k\u0101 ar\u012b tam piem\u012bt pretiekaisuma iedarb\u012bba.<\/li>\n<li>Pantenols mazina kairin\u0101jumu un veicina dabisko &scaron;\u016bnu atjauno&scaron;anos.<\/li>\n<\/ul>\n<p><strong>Lieto&scaron;anas veids:<\/strong> uzkl\u0101jiet kr\u0113mu uz t\u012bras, sausas k\u0101ju \u0101das.<\/p>\n<p><strong>Uzman\u012bbu:<\/strong> pirms lieto&scaron;anas kr\u0113ms ir j\u0101p\u0101rbauda uz neliela \u0101das laukuma. Ja tiek konstat\u0113ta aler\u0123iska reakcija, p\u0101rtrauciet lieto&scaron;anu. Izmantojiet paredz\u0113tajam m\u0113r\u0137im.<\/p>\n<p><strong>Kontrindik\u0101cijas:<\/strong> individu\u0101la neieciet\u012bba pret kr\u0113ma sast\u0101vda\u013c\u0101m. Uzglab\u0101t temperat\u016br\u0101 no +5&deg;C l\u012bdz +25&deg;C un relat\u012bvaj\u0101 mitrum\u0101 55-75% viet\u0101 aizsarg\u0101t\u0101 no tie&scaron;iem saules stariem. Nav at\u013cauts uzglab\u0101t produktu maz\u0101k par 1 m att\u0101lum\u0101 no augstas temperat\u016bras avotiem.<\/p>\n","protected":false},"excerpt":{"rendered":"<p>Izstr\u0101d\u0101ts, lai intens\u012bvi atjaunotu dehidr\u0113to un raupjo k\u0101ju \u0101du, neradot taukainas vai lip\u012bgas pl\u0113ves saj\u016btu. Akt\u012bv\u0101s sast\u0101vda\u013cas: Ur\u012bnviela nodro&scaron;ina \u0101dai maigumu un m\u012bkstumu, nov\u0113r&scaron; turpm\u0101ku plaisu par\u0101d\u012b&scaron;anos. Gotu kolas ekstrakts nomierina, dzied\u0113 nelielus boj\u0101jumus un pal\u012bdz c\u012bn\u012bties ar \u0101das noveco&scaron;anos. Sarkano a\u013c\u0123u ekstrakts ir bioakt\u012bvs komplekss, kas pal\u012bdz iedarboties pret noveco&scaron;an\u0101s procesu un saglab\u0101t \u0101das [&#8230;]\n","protected":false},"featured_media":87038,"template":"","meta":[],"product_cat":[2182],"product_tag":[],"class_list":{"0":"post-37692","1":"product","2":"type-product","3":"status-publish","4":"has-post-thumbnail","6":"product_brand-naturpro_ua","7":"product_cat-bez-kategorijas-ru","9":"first","10":"instock","11":"taxable","12":"shipping-taxable","13":"product-type-simple"},"_links":{"self":[{"href":"https:\/\/e.kosmolat.eu\/lv\/wp-json\/wp\/v2\/product\/37692","targetHints":{"allow":["GET"]}}],"collection":[{"href":"https:\/\/e.kosmolat.eu\/lv\/wp-json\/wp\/v2\/product"}],"about":[{"href":"https:\/\/e.kosmolat.eu\/lv\/wp-json\/wp\/v2\/types\/product"}],"wp:featuredmedia":[{"embeddable":true,"href":"https:\/\/e.kosmolat.eu\/lv\/wp-json\/wp\/v2\/media\/87038"}],"wp:attachment":[{"href":"https:\/\/e.kosmolat.eu\/lv\/wp-json\/wp\/v2\/media?parent=37692"}],"wp:term":[{"taxonomy":"product_cat","embeddable":true,"href":"https:\/\/e.kosmolat.eu\/lv\/wp-json\/wp\/v2\/product_cat?post=37692"},{"taxonomy":"product_tag","embeddable":true,"href":"https:\/\/e.kosmolat.eu\/lv\/wp-json\/wp\/v2\/product_tag?post=37692"}],"curies":[{"name":"wp","href":"https:\/\/api.w.org\/{rel}","templated":true}]}}