{"id":37688,"date":"2023-12-22T20:14:22","date_gmt":"2023-12-22T20:14:22","guid":{"rendered":"https:\/\/e.kosmolat.eu\/product\/bd-roku-krems-spa-care-75-ml\/"},"modified":"2026-04-13T10:31:10","modified_gmt":"2026-04-13T10:31:10","slug":"i_bd-roku-krems-spa-care-75-ml","status":"publish","type":"product","link":"https:\/\/e.kosmolat.eu\/lv\/product\/i_bd-roku-krems-spa-care-75-ml\/","title":{"rendered":"I_BD Roku kr\u0113ms &#8220;Spa Care&#8221;, 75 ml"},"content":{"rendered":"<p>Baro\u0161ana un aizsardz\u012bba. Paredz\u0113ts jut\u012bgas un boj\u0101tas roku \u0101das, nagu un kutikulas kompleksai kop\u0161anai un aizsardz\u012bbai.<\/p>\n<p>Akt\u012bv\u0101s sast\u0101vda\u013cas:<br \/>\nPrebiotikas Biolin P atbalsta \u0101das dabisko imunit\u0101ti.<br \/>\nHidrol\u0101tu komplekss baro \u0101du ar vitam\u012bniem un uztur tonusu.<br \/>\n\u0100zijas cent\u012blijas ekstrakts nomierina un pal\u012bdz c\u012bn\u012bties ar \u0101das noveco\u0161anos.<br \/>\nD-pantenols mitrina un nomierina.<br \/>\nKokosriekstu e\u013c\u013ca stiprina \u0101das aizsargbarjeru.<\/p>\n<p>Lieto\u0161ana: Uzkl\u0101jiet kr\u0113mu uz t\u012bras, sausas roku \u0101das.<\/p>\n<p>Uzman\u012bbu: Pirms lieto\u0161anas kr\u0113ms ir j\u0101p\u0101rbauda uz neliela \u0101das laukuma. Ja par\u0101d\u0101s aler\u0123iska reakcija, p\u0101rtrauciet lieto\u0161anu. Izmantojiet tikai paredz\u0113tajam m\u0113r\u0137im.<\/p>\n<p>Kontrindik\u0101cijas: Individu\u0101la atsevi\u0161\u0137u sast\u0101vda\u013cu nepanesam\u012bba.<\/p>\n<p>Uzglab\u0101t temperat\u016br\u0101 no +5\u00b0C l\u012bdz +25\u00b0C un relat\u012bvaj\u0101 gaisa mitrum\u0101 55-70%, viet\u0101 aizsarg\u0101t\u0101 no tie\u0161iem saules stariem. Uzglab\u0101t produktu ne maz\u0101k k\u0101 1 m att\u0101lum\u0101 no augstas temperat\u016bras avotiem.<\/p>\n","protected":false},"excerpt":{"rendered":"<p>Baro\u0161ana un aizsardz\u012bba. Paredz\u0113ts jut\u012bgas un boj\u0101tas roku \u0101das, nagu un kutikulas kompleksai kop\u0161anai un aizsardz\u012bbai. Akt\u012bv\u0101s sast\u0101vda\u013cas: Prebiotikas Biolin P atbalsta \u0101das dabisko imunit\u0101ti. Hidrol\u0101tu komplekss baro \u0101du ar vitam\u012bniem un uztur tonusu. \u0100zijas cent\u012blijas ekstrakts nomierina un pal\u012bdz c\u012bn\u012bties ar \u0101das noveco\u0161anos. D-pantenols mitrina un nomierina. Kokosriekstu e\u013c\u013ca stiprina \u0101das aizsargbarjeru. Lieto\u0161ana: Uzkl\u0101jiet [&#8230;]\n","protected":false},"featured_media":87030,"template":"","meta":[],"product_cat":[1999],"product_tag":[],"class_list":{"0":"post-37688","1":"product","2":"type-product","3":"status-publish","4":"has-post-thumbnail","6":"product_brand-naturpro_ua","7":"product_cat-bez-kategorijas","9":"first","10":"outofstock","11":"taxable","12":"shipping-taxable","13":"product-type-simple"},"_links":{"self":[{"href":"https:\/\/e.kosmolat.eu\/lv\/wp-json\/wp\/v2\/product\/37688","targetHints":{"allow":["GET"]}}],"collection":[{"href":"https:\/\/e.kosmolat.eu\/lv\/wp-json\/wp\/v2\/product"}],"about":[{"href":"https:\/\/e.kosmolat.eu\/lv\/wp-json\/wp\/v2\/types\/product"}],"wp:featuredmedia":[{"embeddable":true,"href":"https:\/\/e.kosmolat.eu\/lv\/wp-json\/wp\/v2\/media\/87030"}],"wp:attachment":[{"href":"https:\/\/e.kosmolat.eu\/lv\/wp-json\/wp\/v2\/media?parent=37688"}],"wp:term":[{"taxonomy":"product_cat","embeddable":true,"href":"https:\/\/e.kosmolat.eu\/lv\/wp-json\/wp\/v2\/product_cat?post=37688"},{"taxonomy":"product_tag","embeddable":true,"href":"https:\/\/e.kosmolat.eu\/lv\/wp-json\/wp\/v2\/product_tag?post=37688"}],"curies":[{"name":"wp","href":"https:\/\/api.w.org\/{rel}","templated":true}]}}