{"id":37676,"date":"2023-12-22T20:13:10","date_gmt":"2023-12-22T20:13:10","guid":{"rendered":"https:\/\/e.kosmolat.eu\/product\/i_bd-roku-krems-hyaluronic-75-ml\/"},"modified":"2025-09-19T23:28:47","modified_gmt":"2025-09-19T23:28:47","slug":"i_bd-roku-krems-hyaluronic-75-ml","status":"publish","type":"product","link":"https:\/\/e.kosmolat.eu\/lv\/product\/i_bd-roku-krems-hyaluronic-75-ml\/","title":{"rendered":"I_BD Roku kr\u0113ms &#8220;Hyaluronic&#8221;, 75 ml"},"content":{"rendered":"<p><strong>Paredz\u0113ts saus\u0101s roku \u0101das ikdienas kop\u0161anai un baro\u0161anai, neradot taukainas vai lip\u012bgas pl\u0113ves saj\u016btu.<br \/>\nAkt\u012bv\u0101s sast\u0101vda\u013cas:<\/strong><br \/>\n&#8211; Hialuronsk\u0101be<br \/>\n&#8211; Aloe Vera ekstrakts<br \/>\n&#8211; D-pantenols<br \/>\n&#8211; Alanto\u012bns<br \/>\n<strong>Lieto\u0161anas veids:<\/strong> uzkl\u0101jiet kr\u0113mu uz t\u012bras, sausas roku \u0101das.<br \/>\n<strong>Uzman\u012bbu:<\/strong> pirms lieto\u0161anas kr\u0113ms ir j\u0101p\u0101rbauda uz neliela \u0101das laukuma. Ja tiek konstat\u0113ta aler\u0123iska reakcija, p\u0101rtrauciet lieto\u0161anu. Tikai \u0101r\u012bgai lieto\u0161anai. Ja nok\u013c\u016bst ac\u012bs, r\u016bp\u012bgi izskalot ar lielu daudzumu teko\u0161a \u016bdens.<br \/>\n<strong>Kontrindik\u0101cijas:<\/strong> individu\u0101la neieciet\u012bba pret kr\u0113ma sast\u0101vda\u013c\u0101m. Uzglab\u0101t temperat\u016br\u0101 no +5&deg;C l\u012bdz +25&deg;C un relat\u012bvaj\u0101 mitrum\u0101 55-70% viet\u0101 aizsarg\u0101t\u0101 no tie\u0161iem saules stariem. Nav at\u013cauts uzglab\u0101t produktu maz\u0101k par 1 m att\u0101lum\u0101 no augstas temperat\u016bras avotiem.<\/p>\n","protected":false},"excerpt":{"rendered":"<p>Paredz\u0113ts saus\u0101s roku \u0101das ikdienas kop\u0161anai un baro\u0161anai, neradot taukainas vai lip\u012bgas pl\u0113ves saj\u016btu. Akt\u012bv\u0101s sast\u0101vda\u013cas: &#8211; Hialuronsk\u0101be &#8211; Aloe Vera ekstrakts &#8211; D-pantenols &#8211; Alanto\u012bns Lieto\u0161anas veids: uzkl\u0101jiet kr\u0113mu uz t\u012bras, sausas roku \u0101das. Uzman\u012bbu: pirms lieto\u0161anas kr\u0113ms ir j\u0101p\u0101rbauda uz neliela \u0101das laukuma. Ja tiek konstat\u0113ta aler\u0123iska reakcija, p\u0101rtrauciet lieto\u0161anu. Tikai \u0101r\u012bgai lieto\u0161anai. [&#8230;]\n","protected":false},"featured_media":87094,"template":"","meta":[],"product_cat":[1305],"product_tag":[],"class_list":{"0":"post-37676","1":"product","2":"type-product","3":"status-publish","4":"has-post-thumbnail","6":"product_brand-naturpro_ua","7":"product_cat-1305","9":"first","10":"outofstock","11":"taxable","12":"shipping-taxable","13":"product-type-simple"},"_links":{"self":[{"href":"https:\/\/e.kosmolat.eu\/lv\/wp-json\/wp\/v2\/product\/37676","targetHints":{"allow":["GET"]}}],"collection":[{"href":"https:\/\/e.kosmolat.eu\/lv\/wp-json\/wp\/v2\/product"}],"about":[{"href":"https:\/\/e.kosmolat.eu\/lv\/wp-json\/wp\/v2\/types\/product"}],"wp:featuredmedia":[{"embeddable":true,"href":"https:\/\/e.kosmolat.eu\/lv\/wp-json\/wp\/v2\/media\/87094"}],"wp:attachment":[{"href":"https:\/\/e.kosmolat.eu\/lv\/wp-json\/wp\/v2\/media?parent=37676"}],"wp:term":[{"taxonomy":"product_cat","embeddable":true,"href":"https:\/\/e.kosmolat.eu\/lv\/wp-json\/wp\/v2\/product_cat?post=37676"},{"taxonomy":"product_tag","embeddable":true,"href":"https:\/\/e.kosmolat.eu\/lv\/wp-json\/wp\/v2\/product_tag?post=37676"}],"curies":[{"name":"wp","href":"https:\/\/api.w.org\/{rel}","templated":true}]}}