{"id":37672,"date":"2023-12-22T20:12:43","date_gmt":"2023-12-22T20:12:43","guid":{"rendered":"https:\/\/e.kosmolat.eu\/product\/bd-mitrinoss-krems-visai-gimenei-maiga-kopsana-250-ml\/"},"modified":"2026-05-08T18:29:03","modified_gmt":"2026-05-08T18:29:03","slug":"bd-mitrinoss-krems-visai-gimenei-maiga-kopsana-250-ml","status":"publish","type":"product","link":"https:\/\/e.kosmolat.eu\/lv\/product\/bd-mitrinoss-krems-visai-gimenei-maiga-kopsana-250-ml\/","title":{"rendered":"BD Mitrino\u0161s kr\u0113ms visai \u0123imenei Maiga kop\u0161ana, 250 ml"},"content":{"rendered":"<p><strong>Lieto\u0161ana: <\/strong>uzkl\u0101jiet kr\u0113mu uz att\u012br\u012btas sejas un \u0137erme\u0146a \u0101das.&nbsp;<\/p>\n<p><strong>Piesardz\u012bbas pas\u0101kumi: <\/strong>pirms lieto\u0161anas kr\u0113ms ir j\u0101p\u0101rbauda uz neliela \u0101das laukuma. Ja rodas aler\u0123iska reakcija, p\u0101rtrauciet lieto\u0161anu. Lietojiet kr\u0113mu tikai tam paredz\u0113tajam m\u0113r\u0137im. Tikai \u0101r\u012bgai lieto\u0161anai. Ja iek\u013c\u016bst ac\u012bs, r\u016bp\u012bgi izskalojiet ar lielu daudzumu teko\u0161a \u016bdens.<\/p>\n<p><strong>Kontrindik\u0101cijas:<\/strong> individu\u0101la nepanes\u012bba pret atsevi\u0161\u0137\u0101m kr\u0113ma sast\u0101vda\u013c\u0101m.<\/p>\n<p>Uzglab\u0101t temperat\u016br\u0101 no +5&deg;C l\u012bdz +25&deg;C un relat\u012bvaj\u0101 mitrum\u0101 55-70%, sarg\u0101jot no tie\u0161iem saules stariem, ne tuv\u0101k par vienu metru no siltuma avotiem.<\/p>\n<p><strong>Der\u012bguma termi\u0146\u0161:<\/strong> 36 m\u0113ne\u0161i<br \/>\n&nbsp;<\/p>\n","protected":false},"excerpt":{"rendered":"<p>Lieto\u0161ana: uzkl\u0101jiet kr\u0113mu uz att\u012br\u012btas sejas un \u0137erme\u0146a \u0101das.&nbsp; Piesardz\u012bbas pas\u0101kumi: pirms lieto\u0161anas kr\u0113ms ir j\u0101p\u0101rbauda uz neliela \u0101das laukuma. Ja rodas aler\u0123iska reakcija, p\u0101rtrauciet lieto\u0161anu. Lietojiet kr\u0113mu tikai tam paredz\u0113tajam m\u0113r\u0137im. Tikai \u0101r\u012bgai lieto\u0161anai. Ja iek\u013c\u016bst ac\u012bs, r\u016bp\u012bgi izskalojiet ar lielu daudzumu teko\u0161a \u016bdens. Kontrindik\u0101cijas: individu\u0101la nepanes\u012bba pret atsevi\u0161\u0137\u0101m kr\u0113ma sast\u0101vda\u013c\u0101m. Uzglab\u0101t temperat\u016br\u0101 no [&#8230;]\n","protected":false},"featured_media":87058,"template":"","meta":[],"product_cat":[1388],"product_tag":[],"class_list":{"0":"post-37672","1":"product","2":"type-product","3":"status-publish","4":"has-post-thumbnail","6":"product_brand-naturpro_ua","7":"product_cat-kermena-kremi-pienini-sviesti","9":"first","10":"instock","11":"taxable","12":"shipping-taxable","13":"product-type-simple"},"_links":{"self":[{"href":"https:\/\/e.kosmolat.eu\/lv\/wp-json\/wp\/v2\/product\/37672","targetHints":{"allow":["GET"]}}],"collection":[{"href":"https:\/\/e.kosmolat.eu\/lv\/wp-json\/wp\/v2\/product"}],"about":[{"href":"https:\/\/e.kosmolat.eu\/lv\/wp-json\/wp\/v2\/types\/product"}],"wp:featuredmedia":[{"embeddable":true,"href":"https:\/\/e.kosmolat.eu\/lv\/wp-json\/wp\/v2\/media\/87058"}],"wp:attachment":[{"href":"https:\/\/e.kosmolat.eu\/lv\/wp-json\/wp\/v2\/media?parent=37672"}],"wp:term":[{"taxonomy":"product_cat","embeddable":true,"href":"https:\/\/e.kosmolat.eu\/lv\/wp-json\/wp\/v2\/product_cat?post=37672"},{"taxonomy":"product_tag","embeddable":true,"href":"https:\/\/e.kosmolat.eu\/lv\/wp-json\/wp\/v2\/product_tag?post=37672"}],"curies":[{"name":"wp","href":"https:\/\/api.w.org\/{rel}","templated":true}]}}