{"id":37668,"date":"2023-12-22T20:12:14","date_gmt":"2023-12-22T20:12:14","guid":{"rendered":"https:\/\/e.kosmolat.eu\/product\/bd-universalais-krems-sejai-un-kermenim-250-ml\/"},"modified":"2026-01-05T07:28:50","modified_gmt":"2026-01-05T07:28:50","slug":"i_bd-universalais-krems-sejai-un-kermenim-250-ml","status":"publish","type":"product","link":"https:\/\/e.kosmolat.eu\/lv\/product\/i_bd-universalais-krems-sejai-un-kermenim-250-ml\/","title":{"rendered":"I_BD Univers\u0101lais kr\u0113ms sejai un \u0137ermenim, 250 ml"},"content":{"rendered":"<p>Univers\u0101ls sejas un \u0137erme\u0146a kr\u0113ms.<\/p>\n<p><strong>Lieto\u0161ana:<\/strong> uzkl\u0101jiet kr\u0113mu uz att\u012br\u012btas sejas un \u0137erme\u0146a \u0101das.<\/p>\n<p><strong>Uzman\u012bbu:<\/strong> pirms lieto\u0161anas kr\u0113ms ir j\u0101p\u0101rbauda uz neliela \u0101das laukuma. Ja rodas aler\u0123iska reakcija, p\u0101rtrauciet lieto\u0161anu. Lietot produktu tikai tam paredz\u0113taj\u0101 nol\u016bk\u0101. Tikai \u0101r\u012bgai lieto\u0161anai. Ja iek\u013c\u016bst ac\u012bs, r\u016bp\u012bgi izskalojiet ar lielu daudzumu teko\u0161a \u016bdens.<\/p>\n<p><strong>Kontrindik\u0101cijas: <\/strong>individu\u0101la nepanes\u012bba pret l\u012bdzek\u013ca sast\u0101vda\u013c\u0101m.<\/p>\n<p>Uzglab\u0101t temperat\u016br\u0101 no +5&deg;C l\u012bdz +25&deg;C un relat\u012bvaj\u0101 mitrum\u0101 55-70%, sarg\u0101jot no tie\u0161iem saules stariem, ne tuv\u0101k par vienu metru no siltuma avotiem.<\/p>\n<p><strong>Der\u012bguma termi\u0146\u0161: <\/strong>36 m\u0113ne\u0161i no izgatavo\u0161anas datuma. Izlietot 12 m\u0113ne\u0161u laik\u0101 p\u0113c atv\u0113r\u0161anas, \u0146emot v\u0113r\u0101 der\u012bguma termi\u0146u, kas nor\u0101d\u012bts uz iepakojuma.<br \/>\n&nbsp;<\/p>\n","protected":false},"excerpt":{"rendered":"<p>Univers\u0101ls sejas un \u0137erme\u0146a kr\u0113ms. Lieto\u0161ana: uzkl\u0101jiet kr\u0113mu uz att\u012br\u012btas sejas un \u0137erme\u0146a \u0101das. Uzman\u012bbu: pirms lieto\u0161anas kr\u0113ms ir j\u0101p\u0101rbauda uz neliela \u0101das laukuma. Ja rodas aler\u0123iska reakcija, p\u0101rtrauciet lieto\u0161anu. Lietot produktu tikai tam paredz\u0113taj\u0101 nol\u016bk\u0101. Tikai \u0101r\u012bgai lieto\u0161anai. Ja iek\u013c\u016bst ac\u012bs, r\u016bp\u012bgi izskalojiet ar lielu daudzumu teko\u0161a \u016bdens. Kontrindik\u0101cijas: individu\u0101la nepanes\u012bba pret l\u012bdzek\u013ca sast\u0101vda\u013c\u0101m. [&#8230;]\n","protected":false},"featured_media":87054,"template":"","meta":[],"product_cat":[1320],"product_tag":[],"class_list":{"0":"post-37668","1":"product","2":"type-product","3":"status-publish","4":"has-post-thumbnail","6":"product_brand-naturpro_ua","7":"product_cat-sejas-kremi","9":"first","10":"outofstock","11":"taxable","12":"shipping-taxable","13":"product-type-simple"},"_links":{"self":[{"href":"https:\/\/e.kosmolat.eu\/lv\/wp-json\/wp\/v2\/product\/37668","targetHints":{"allow":["GET"]}}],"collection":[{"href":"https:\/\/e.kosmolat.eu\/lv\/wp-json\/wp\/v2\/product"}],"about":[{"href":"https:\/\/e.kosmolat.eu\/lv\/wp-json\/wp\/v2\/types\/product"}],"wp:featuredmedia":[{"embeddable":true,"href":"https:\/\/e.kosmolat.eu\/lv\/wp-json\/wp\/v2\/media\/87054"}],"wp:attachment":[{"href":"https:\/\/e.kosmolat.eu\/lv\/wp-json\/wp\/v2\/media?parent=37668"}],"wp:term":[{"taxonomy":"product_cat","embeddable":true,"href":"https:\/\/e.kosmolat.eu\/lv\/wp-json\/wp\/v2\/product_cat?post=37668"},{"taxonomy":"product_tag","embeddable":true,"href":"https:\/\/e.kosmolat.eu\/lv\/wp-json\/wp\/v2\/product_tag?post=37668"}],"curies":[{"name":"wp","href":"https:\/\/api.w.org\/{rel}","templated":true}]}}