{"id":37664,"date":"2023-12-22T20:11:43","date_gmt":"2023-12-22T20:11:43","guid":{"rendered":"https:\/\/e.kosmolat.eu\/product\/bd-gomazas-pilings-sejas-adai-matcha-75-ml\/"},"modified":"2026-04-22T08:31:40","modified_gmt":"2026-04-22T08:31:40","slug":"bd-gomazas-pilings-sejas-adai-matcha-75-ml","status":"publish","type":"product","link":"https:\/\/e.kosmolat.eu\/lv\/product\/bd-gomazas-pilings-sejas-adai-matcha-75-ml\/","title":{"rendered":"BD Gom\u0101\u017eas p\u012blings sejas \u0101dai MATCHA, 75 ml"},"content":{"rendered":"<p><strong>Baro un maigi att\u012bra pat jut\u012bgu \u0101du, stimul\u0113jot epidermas atjauno\u0161anos. Matcha t\u0113jas un avokado dab\u012bgie ekstrakti pie\u0161\u0137ir tvirtumu un elast\u012bbu, nomierina sejas \u0101du. Gom\u0101\u017eas p\u012blings ir piem\u0113rots jebkura tipa \u0101dai, jo produkta sast\u0101v\u0101 eso\u0161ais bambusa pulveris maigi pul\u0113 un att\u012bra \u0101das virsmu bez skarbas meh\u0101niskas iedarb\u012bbas.<br \/>\nAkt\u012bv\u0101s sast\u0101vda\u013cas:<br \/>\nMatcha t\u0113jas ekstrakts<\/strong> &ndash; toniz\u0113 \u0101du, stimul\u0113jot vielmai\u0146u un uzlabojot \u0101das barjerfunkcijas.<br \/>\n<strong>Avokado ekstrakts<\/strong> ir sp\u0113c\u012bgs antioksidants, kam ir intens\u012bva mitrino\u0161a un atjaunojo\u0161a iedarb\u012bba.<br \/>\n<strong>Bambusa pulveris <\/strong>&ndash; dzi\u013ci att\u012bra poras un maigi noloba atmiru\u0161\u0101s \u0101das \u0161\u016bnas, uzlabojot sejas kr\u0101su.<br \/>\n<strong>Lieto\u0161anas veids: <\/strong>Uzkl\u0101jiet gom\u0101\u017eas p\u012blingu uz mitras sejas \u0101das, ar viegl\u0101m ap\u013cveida kust\u012bb\u0101m mas\u0113jiet 1-2 min\u016btes. Noskalojiet ar siltu \u016bdeni. Gom\u0101\u017eas p\u012blings ir piem\u0113rots regul\u0101rai lieto\u0161anai 1-2 reizes ned\u0113\u013c\u0101.<br \/>\n<strong>Uzman\u012bbu:<\/strong> pirms lieto\u0161anas gom\u0101\u017eas p\u012blings ir j\u0101p\u0101rbauda uz neliela \u0101das laukuma. Ja tiek konstat\u0113ta aler\u0123iska reakcija, p\u0101rtrauciet lieto\u0161anu. Izmantojiet paredz\u0113tajam m\u0113r\u0137im. Tikai \u0101r\u012bgai lieto\u0161anai.<br \/>\n<strong>Kontrindik\u0101cijas: <\/strong>individu\u0101la neieciet\u012bba pret gom\u0101\u017eas p\u012blinga sast\u0101vda\u013c\u0101m. Uzglab\u0101t temperat\u016br\u0101 no +5&deg;C l\u012bdz +25&deg;C un relat\u012bvaj\u0101 mitrum\u0101 55-75% viet\u0101 aizsarg\u0101t\u0101 no tie\u0161iem saules stariem. Nav at\u013cauts uzglab\u0101t produktu maz\u0101k par 1 m att\u0101lum\u0101 no augstas temperat\u016bras avotiem.<\/p>\n","protected":false},"excerpt":{"rendered":"<p>Baro un maigi att\u012bra pat jut\u012bgu \u0101du, stimul\u0113jot epidermas atjauno\u0161anos. Matcha t\u0113jas un avokado dab\u012bgie ekstrakti pie\u0161\u0137ir tvirtumu un elast\u012bbu, nomierina sejas \u0101du. Gom\u0101\u017eas p\u012blings ir piem\u0113rots jebkura tipa \u0101dai, jo produkta sast\u0101v\u0101 eso\u0161ais bambusa pulveris maigi pul\u0113 un att\u012bra \u0101das virsmu bez skarbas meh\u0101niskas iedarb\u012bbas. Akt\u012bv\u0101s sast\u0101vda\u013cas: Matcha t\u0113jas ekstrakts &ndash; toniz\u0113 \u0101du, stimul\u0113jot [&#8230;]\n","protected":false},"featured_media":87022,"template":"","meta":[],"product_cat":[1999],"product_tag":[],"class_list":{"0":"post-37664","1":"product","2":"type-product","3":"status-publish","4":"has-post-thumbnail","6":"product_brand-naturpro_ua","7":"product_cat-bez-kategorijas","9":"first","10":"instock","11":"taxable","12":"shipping-taxable","13":"product-type-simple"},"_links":{"self":[{"href":"https:\/\/e.kosmolat.eu\/lv\/wp-json\/wp\/v2\/product\/37664","targetHints":{"allow":["GET"]}}],"collection":[{"href":"https:\/\/e.kosmolat.eu\/lv\/wp-json\/wp\/v2\/product"}],"about":[{"href":"https:\/\/e.kosmolat.eu\/lv\/wp-json\/wp\/v2\/types\/product"}],"wp:featuredmedia":[{"embeddable":true,"href":"https:\/\/e.kosmolat.eu\/lv\/wp-json\/wp\/v2\/media\/87022"}],"wp:attachment":[{"href":"https:\/\/e.kosmolat.eu\/lv\/wp-json\/wp\/v2\/media?parent=37664"}],"wp:term":[{"taxonomy":"product_cat","embeddable":true,"href":"https:\/\/e.kosmolat.eu\/lv\/wp-json\/wp\/v2\/product_cat?post=37664"},{"taxonomy":"product_tag","embeddable":true,"href":"https:\/\/e.kosmolat.eu\/lv\/wp-json\/wp\/v2\/product_tag?post=37664"}],"curies":[{"name":"wp","href":"https:\/\/api.w.org\/{rel}","templated":true}]}}