{"id":37660,"date":"2023-12-22T20:11:14","date_gmt":"2023-12-22T20:11:14","guid":{"rendered":"https:\/\/e.kosmolat.eu\/product\/bd-sejas-skrubis-ar-aprikozu-kaulinu-bromelain-75-ml\/"},"modified":"2026-04-09T06:09:53","modified_gmt":"2026-04-09T06:09:53","slug":"bd-sejas-skrubis-ar-aprikozu-kaulinu-bromelain-75-ml","status":"publish","type":"product","link":"https:\/\/e.kosmolat.eu\/lv\/product\/bd-sejas-skrubis-ar-aprikozu-kaulinu-bromelain-75-ml\/","title":{"rendered":"BD Sejas skrubis ar apriko\u017eu kauli\u0146u BROMELAIN, 75 ml"},"content":{"rendered":"<p><strong>Izstr\u0101d\u0101ts, lai maigi att\u012br\u012btu jut\u012bgu sejas \u0101du un nolob\u012btu atmiru\u0161\u0101s epidermas \u0161\u016bnas.<br \/>\nAkt\u012bv\u0101s sast\u0101vda\u013cas:<\/strong><br \/>\n<strong>Bromela\u012bns<\/strong> &mdash; anan\u0101su ekstrakts, maigi att\u012bra jut\u012bgu \u0101du un veicina t\u0101s atjauno\u0161anos.<br \/>\n<strong>Apriko\u017eu kauli\u0146a kodols <\/strong>&ndash; maigi att\u012bra \u0101du no atmiru\u0161aj\u0101m epidermas \u0161\u016bn\u0101m un uzlabo sejas kr\u0101su.<br \/>\n<strong>Alanto\u012bns<\/strong> &mdash; veicina \u0101tru \u0101das \u0161\u016bnu atjauno\u0161anos.<br \/>\n<strong>Lieto\u0161anas veids:<\/strong> Uzkl\u0101jiet uz mitras sejas \u0101das, iemas\u0113jiet un noskalojiet ar \u016bdeni.<br \/>\n<strong>Uzman\u012bbu: <\/strong>pirms lieto\u0161anas skrubis ir j\u0101p\u0101rbauda uz neliela \u0101das laukuma. Ja tiek konstat\u0113ta aler\u0123iska reakcija, p\u0101rtrauciet lieto\u0161anu. Izmantojiet paredz\u0113tajam m\u0113r\u0137im. Tikai \u0101r\u012bgai lieto\u0161anai.<br \/>\n<strong>Kontrindik\u0101cijas:<\/strong> individu\u0101la neieciet\u012bba pret skrubja sast\u0101vda\u013c\u0101m. Uzglab\u0101t temperat\u016br\u0101 no +5&deg;C l\u012bdz +25&deg;C un relat\u012bvaj\u0101 mitrum\u0101 55-75% viet\u0101 aizsarg\u0101t\u0101 no tie\u0161iem saules stariem vismaz viena metra att\u0101lum\u0101 no augstas temperat\u016bras avotiem.&nbsp;<\/p>\n","protected":false},"excerpt":{"rendered":"<p>Izstr\u0101d\u0101ts, lai maigi att\u012br\u012btu jut\u012bgu sejas \u0101du un nolob\u012btu atmiru\u0161\u0101s epidermas \u0161\u016bnas. Akt\u012bv\u0101s sast\u0101vda\u013cas: Bromela\u012bns &mdash; anan\u0101su ekstrakts, maigi att\u012bra jut\u012bgu \u0101du un veicina t\u0101s atjauno\u0161anos. Apriko\u017eu kauli\u0146a kodols &ndash; maigi att\u012bra \u0101du no atmiru\u0161aj\u0101m epidermas \u0161\u016bn\u0101m un uzlabo sejas kr\u0101su. Alanto\u012bns &mdash; veicina \u0101tru \u0101das \u0161\u016bnu atjauno\u0161anos. Lieto\u0161anas veids: Uzkl\u0101jiet uz mitras sejas \u0101das, [&#8230;]\n","protected":false},"featured_media":87018,"template":"","meta":[],"product_cat":[1999],"product_tag":[],"class_list":{"0":"post-37660","1":"product","2":"type-product","3":"status-publish","4":"has-post-thumbnail","6":"product_brand-naturpro_ua","7":"product_cat-bez-kategorijas","9":"first","10":"instock","11":"taxable","12":"shipping-taxable","13":"product-type-simple"},"_links":{"self":[{"href":"https:\/\/e.kosmolat.eu\/lv\/wp-json\/wp\/v2\/product\/37660","targetHints":{"allow":["GET"]}}],"collection":[{"href":"https:\/\/e.kosmolat.eu\/lv\/wp-json\/wp\/v2\/product"}],"about":[{"href":"https:\/\/e.kosmolat.eu\/lv\/wp-json\/wp\/v2\/types\/product"}],"wp:featuredmedia":[{"embeddable":true,"href":"https:\/\/e.kosmolat.eu\/lv\/wp-json\/wp\/v2\/media\/87018"}],"wp:attachment":[{"href":"https:\/\/e.kosmolat.eu\/lv\/wp-json\/wp\/v2\/media?parent=37660"}],"wp:term":[{"taxonomy":"product_cat","embeddable":true,"href":"https:\/\/e.kosmolat.eu\/lv\/wp-json\/wp\/v2\/product_cat?post=37660"},{"taxonomy":"product_tag","embeddable":true,"href":"https:\/\/e.kosmolat.eu\/lv\/wp-json\/wp\/v2\/product_tag?post=37660"}],"curies":[{"name":"wp","href":"https:\/\/api.w.org\/{rel}","templated":true}]}}