{"id":37656,"date":"2023-12-22T20:10:46","date_gmt":"2023-12-22T20:10:46","guid":{"rendered":"https:\/\/e.kosmolat.eu\/product\/ec-ultraattirosa-sejas-mazg-zel-ar-aktiveto-ogli-200-ml\/"},"modified":"2025-09-19T23:22:30","modified_gmt":"2025-09-19T23:22:30","slug":"i_ec-ultraattirosa-sejas-mazg-zel-ar-aktiveto-ogli-200-ml","status":"publish","type":"product","link":"https:\/\/e.kosmolat.eu\/lv\/product\/i_ec-ultraattirosa-sejas-mazg-zel-ar-aktiveto-ogli-200-ml\/","title":{"rendered":"I_EC Ultraatt\u012bro\u0161a sejas mazg. \u017eel.ar aktiv\u0113to ogli, 200 ml"},"content":{"rendered":"<p>Ultraatt\u012bro\u0161a sejas mazg\u0101\u0161anas \u017eeleja ar aktiv\u0113to ogli pal\u012bdz dzi\u013ci att\u012br\u012bt poras, samazin\u0101t sebuma izdal\u012b\u0161anos, padara \u0101du mat\u0113tu, atsvaidzina, toniz\u0113 un pie\u0161\u0137ir tai mirdzumu.<\/p>\n<p><strong>Lieto\u0161ana: <\/strong>uzkl\u0101jiet \u017eeleju uz sejas \u0101das, saputojiet, noskalojiet ar siltu \u016bdeni.<\/p>\n<p><strong>Uzman\u012bbu:<\/strong> pirms lieto\u0161anas \u017eeleja ir j\u0101p\u0101rbauda uz neliela \u0101das laukuma. Ja rodas aler\u0123iska reakcija, p\u0101rtrauciet lieto\u0161anu. Tikai \u0101r\u012bgai lieto\u0161anai. Ja iek\u013c\u016bst ac\u012bs, r\u016bp\u012bgi izskalojiet ar lielu daudzumu teko\u0161a \u016bdens.<\/p>\n<p><strong>Kontrindik\u0101cijas: <\/strong>individu\u0101la nepanes\u012bba pret tonika sast\u0101vda\u013c\u0101m.<\/p>\n<p>Uzglab\u0101t temperat\u016br\u0101 no +5&deg;C l\u012bdz +25&deg;C un relat\u012bvaj\u0101 mitrum\u0101 55-70%, sarg\u0101jot no tie\u0161iem saules stariem, ne tuv\u0101k par vienu metru no siltuma avotiem. Izgatavo\u0161anas datums ir nor\u0101d\u012bts uz iepakojuma.&nbsp;<\/p>\n","protected":false},"excerpt":{"rendered":"<p>Ultraatt\u012bro\u0161a sejas mazg\u0101\u0161anas \u017eeleja ar aktiv\u0113to ogli pal\u012bdz dzi\u013ci att\u012br\u012bt poras, samazin\u0101t sebuma izdal\u012b\u0161anos, padara \u0101du mat\u0113tu, atsvaidzina, toniz\u0113 un pie\u0161\u0137ir tai mirdzumu. Lieto\u0161ana: uzkl\u0101jiet \u017eeleju uz sejas \u0101das, saputojiet, noskalojiet ar siltu \u016bdeni. Uzman\u012bbu: pirms lieto\u0161anas \u017eeleja ir j\u0101p\u0101rbauda uz neliela \u0101das laukuma. Ja rodas aler\u0123iska reakcija, p\u0101rtrauciet lieto\u0161anu. Tikai \u0101r\u012bgai lieto\u0161anai. Ja iek\u013c\u016bst [&#8230;]\n","protected":false},"featured_media":87010,"template":"","meta":[],"product_cat":[1575],"product_tag":[],"class_list":{"0":"post-37656","1":"product","2":"type-product","3":"status-publish","4":"has-post-thumbnail","6":"product_brand-naturpro_ua","7":"product_cat-zelejas","9":"first","10":"outofstock","11":"taxable","12":"shipping-taxable","13":"product-type-simple"},"_links":{"self":[{"href":"https:\/\/e.kosmolat.eu\/lv\/wp-json\/wp\/v2\/product\/37656","targetHints":{"allow":["GET"]}}],"collection":[{"href":"https:\/\/e.kosmolat.eu\/lv\/wp-json\/wp\/v2\/product"}],"about":[{"href":"https:\/\/e.kosmolat.eu\/lv\/wp-json\/wp\/v2\/types\/product"}],"wp:featuredmedia":[{"embeddable":true,"href":"https:\/\/e.kosmolat.eu\/lv\/wp-json\/wp\/v2\/media\/87010"}],"wp:attachment":[{"href":"https:\/\/e.kosmolat.eu\/lv\/wp-json\/wp\/v2\/media?parent=37656"}],"wp:term":[{"taxonomy":"product_cat","embeddable":true,"href":"https:\/\/e.kosmolat.eu\/lv\/wp-json\/wp\/v2\/product_cat?post=37656"},{"taxonomy":"product_tag","embeddable":true,"href":"https:\/\/e.kosmolat.eu\/lv\/wp-json\/wp\/v2\/product_tag?post=37656"}],"curies":[{"name":"wp","href":"https:\/\/api.w.org\/{rel}","templated":true}]}}