{"id":37652,"date":"2023-12-22T20:10:26","date_gmt":"2023-12-22T20:10:26","guid":{"rendered":"https:\/\/e.kosmolat.eu\/product\/ec-toniks-pret-melniem-punktiem-taukainai-un-kombinetai-adai-200-ml\/"},"modified":"2026-04-23T11:38:51","modified_gmt":"2026-04-23T11:38:51","slug":"ec-toniks-pret-melniem-punktiem-taukainai-un-kombinetai-adai-200-ml","status":"publish","type":"product","link":"https:\/\/e.kosmolat.eu\/lv\/product\/ec-toniks-pret-melniem-punktiem-taukainai-un-kombinetai-adai-200-ml\/","title":{"rendered":"EC Toniks pret melniem punktiem taukainai un kombin\u0113tai \u0101dai, 200 ml"},"content":{"rendered":"<p>Toniks pret melniem punktiem taukainai un kombin\u0113tai \u0101dai ir bag\u0101tin\u0101ts ar v\u0113rt\u012bgu t\u0113jas koka e\u013c\u013cu, kas pal\u012bdz nov\u0113rst pinnes un nov\u0113rst to t\u0101l\u0101ku izplat\u012bbu. Salicilsk\u0101be sast\u0101v\u0101 mazina kairin\u0101jumu un regul\u0113 tauku dziedzeru darb\u012bbu. Rezult\u0101t\u0101 \u0101da izskat\u0101s svaiga un atjaunota. Regul\u0101ra produkta lieto&scaron;ana veicin\u0101s \u0101das gluduma, t\u012br\u012bbas, svaiguma, maiguma, skaistuma un vesel\u012bga izskata atgrie&scaron;anos, pie&scaron;\u0137irs bl\u0101vumu.<\/p>\n<p><strong>Lieto&scaron;ana: uzkl\u0101t uz vates p\u0101ksn\u012btes<\/strong>, vair\u0101kas reizes noslauc\u012bt seju gar mas\u0101\u017eas l\u012bnij\u0101m. Izmantot toniku p\u0113c kosm\u0113tikas no\u0146em&scaron;anas, lai pabeigtu t\u012br\u012b&scaron;anas procesu un sagatavotos kr\u0113ma uzkl\u0101&scaron;anai, vai k\u0101 atsevi&scaron;\u0137u sejas t\u012br\u012b&scaron;anas l\u012bdzekli un mitrin\u0101t\u0101ju no r\u012bta.<\/p>\n<p><strong>Piesardz\u012bbas pas\u0101kumi:<\/strong>&nbsp;pirms lieto&scaron;anas produkts ir j\u0101test\u0113 uz neliela \u0101das laukuma. Ja rodas aler\u0123iska reakcija, p\u0101rtraukt produkta lieto&scaron;anu.<br \/>\n&nbsp;<\/p>\n","protected":false},"excerpt":{"rendered":"<p>Toniks pret melniem punktiem taukainai un kombin\u0113tai \u0101dai ir bag\u0101tin\u0101ts ar v\u0113rt\u012bgu t\u0113jas koka e\u013c\u013cu, kas pal\u012bdz nov\u0113rst pinnes un nov\u0113rst to t\u0101l\u0101ku izplat\u012bbu. Salicilsk\u0101be sast\u0101v\u0101 mazina kairin\u0101jumu un regul\u0113 tauku dziedzeru darb\u012bbu. Rezult\u0101t\u0101 \u0101da izskat\u0101s svaiga un atjaunota. Regul\u0101ra produkta lieto&scaron;ana veicin\u0101s \u0101das gluduma, t\u012br\u012bbas, svaiguma, maiguma, skaistuma un vesel\u012bga izskata atgrie&scaron;anos, pie&scaron;\u0137irs bl\u0101vumu. [&#8230;]\n","protected":false},"featured_media":87006,"template":"","meta":[],"product_cat":[1578],"product_tag":[],"class_list":{"0":"post-37652","1":"product","2":"type-product","3":"status-publish","4":"has-post-thumbnail","6":"product_brand-naturpro_ua","7":"product_cat-losjoni-un-toniki","9":"first","10":"instock","11":"taxable","12":"shipping-taxable","13":"product-type-simple"},"_links":{"self":[{"href":"https:\/\/e.kosmolat.eu\/lv\/wp-json\/wp\/v2\/product\/37652","targetHints":{"allow":["GET"]}}],"collection":[{"href":"https:\/\/e.kosmolat.eu\/lv\/wp-json\/wp\/v2\/product"}],"about":[{"href":"https:\/\/e.kosmolat.eu\/lv\/wp-json\/wp\/v2\/types\/product"}],"wp:featuredmedia":[{"embeddable":true,"href":"https:\/\/e.kosmolat.eu\/lv\/wp-json\/wp\/v2\/media\/87006"}],"wp:attachment":[{"href":"https:\/\/e.kosmolat.eu\/lv\/wp-json\/wp\/v2\/media?parent=37652"}],"wp:term":[{"taxonomy":"product_cat","embeddable":true,"href":"https:\/\/e.kosmolat.eu\/lv\/wp-json\/wp\/v2\/product_cat?post=37652"},{"taxonomy":"product_tag","embeddable":true,"href":"https:\/\/e.kosmolat.eu\/lv\/wp-json\/wp\/v2\/product_tag?post=37652"}],"curies":[{"name":"wp","href":"https:\/\/api.w.org\/{rel}","templated":true}]}}