{"id":37648,"date":"2023-12-22T20:10:00","date_gmt":"2023-12-22T20:10:00","guid":{"rendered":"https:\/\/e.kosmolat.eu\/product\/ec-mitrinoss-toniks-sausai-un-jutigai-sejas-adai-200-ml\/"},"modified":"2026-04-09T14:56:58","modified_gmt":"2026-04-09T14:56:58","slug":"ec-mitrinoss-toniks-sausai-un-jutigai-sejas-adai-200-ml","status":"publish","type":"product","link":"https:\/\/e.kosmolat.eu\/lv\/product\/ec-mitrinoss-toniks-sausai-un-jutigai-sejas-adai-200-ml\/","title":{"rendered":"EC Mitrino\u0161s toniks sausai un jut\u012bgai sejas \u0101dai, 200 ml"},"content":{"rendered":"<p>Tonika formula ir bag\u0101tin\u0101ta ar v\u0113rt\u012bg\u0101m sast\u0101vda\u013c\u0101m, kas efekt\u012bvi mitrina un baro epidermu. Produkta sast\u0101vs nesatur spirtu, pateicoties kam \u0101da tiek pasarg\u0101ta no sausuma, lob\u012b&scaron;an\u0101s un aler\u0123isk\u0101m reakcij\u0101m. Pateicoties mande\u013cu e\u013c\u013cai, Aqua Control Toner samazina mitruma zudumu, uzlabo \u0101das toni un tonusu. Salvijas ekstrakts mitrina un atjauno \u0101du &scaron;\u016bnu l\u012bmen\u012b, \u013caujot pie&scaron;\u0137irt sejai nevainojamu izskatu.<\/p>\n<p><strong>Lieto&scaron;ana: <\/strong>samitriniet s\u016bkli vai vates spilventi\u0146u ar toniku, vair\u0101kas reizes noslaukiet seju gar mas\u0101\u017eas l\u012bnij\u0101m. Izmantojiet toniku p\u0113c kosm\u0113tikas no\u0146em&scaron;anas, lai pabeigtu t\u012br\u012b&scaron;anas procesu un sagatavotos kr\u0113ma uzkl\u0101&scaron;anai, vai k\u0101 atsevi&scaron;\u0137u sejas t\u012br\u012b&scaron;anas l\u012bdzekli un mitrin\u0101t\u0101ju no r\u012bta.<\/p>\n<p><strong>Piesardz\u012bbas pas\u0101kumi:<\/strong> pirms lieto&scaron;anas produkts ir j\u0101test\u0113 uz neliela \u0101das laukuma. Ja rodas aler\u0123iska reakcija, p\u0101rtrauciet produkta lieto&scaron;anu.<br \/>\n&nbsp;<\/p>\n","protected":false},"excerpt":{"rendered":"<p>Tonika formula ir bag\u0101tin\u0101ta ar v\u0113rt\u012bg\u0101m sast\u0101vda\u013c\u0101m, kas efekt\u012bvi mitrina un baro epidermu. Produkta sast\u0101vs nesatur spirtu, pateicoties kam \u0101da tiek pasarg\u0101ta no sausuma, lob\u012b&scaron;an\u0101s un aler\u0123isk\u0101m reakcij\u0101m. Pateicoties mande\u013cu e\u013c\u013cai, Aqua Control Toner samazina mitruma zudumu, uzlabo \u0101das toni un tonusu. Salvijas ekstrakts mitrina un atjauno \u0101du &scaron;\u016bnu l\u012bmen\u012b, \u013caujot pie&scaron;\u0137irt sejai nevainojamu izskatu. [&#8230;]\n","protected":false},"featured_media":87002,"template":"","meta":[],"product_cat":[1999],"product_tag":[],"class_list":{"0":"post-37648","1":"product","2":"type-product","3":"status-publish","4":"has-post-thumbnail","6":"product_brand-naturpro_ua","7":"product_cat-bez-kategorijas","9":"first","10":"instock","11":"taxable","12":"shipping-taxable","13":"product-type-simple"},"_links":{"self":[{"href":"https:\/\/e.kosmolat.eu\/lv\/wp-json\/wp\/v2\/product\/37648","targetHints":{"allow":["GET"]}}],"collection":[{"href":"https:\/\/e.kosmolat.eu\/lv\/wp-json\/wp\/v2\/product"}],"about":[{"href":"https:\/\/e.kosmolat.eu\/lv\/wp-json\/wp\/v2\/types\/product"}],"wp:featuredmedia":[{"embeddable":true,"href":"https:\/\/e.kosmolat.eu\/lv\/wp-json\/wp\/v2\/media\/87002"}],"wp:attachment":[{"href":"https:\/\/e.kosmolat.eu\/lv\/wp-json\/wp\/v2\/media?parent=37648"}],"wp:term":[{"taxonomy":"product_cat","embeddable":true,"href":"https:\/\/e.kosmolat.eu\/lv\/wp-json\/wp\/v2\/product_cat?post=37648"},{"taxonomy":"product_tag","embeddable":true,"href":"https:\/\/e.kosmolat.eu\/lv\/wp-json\/wp\/v2\/product_tag?post=37648"}],"curies":[{"name":"wp","href":"https:\/\/api.w.org\/{rel}","templated":true}]}}