{"id":37644,"date":"2023-12-22T20:09:36","date_gmt":"2023-12-22T20:09:36","guid":{"rendered":"https:\/\/e.kosmolat.eu\/product\/ec-micelarais-udens-sensitive-care-5-in-1-500-ml\/"},"modified":"2026-04-24T05:31:38","modified_gmt":"2026-04-24T05:31:38","slug":"ec-micelarais-udens-sensitive-care-5-in-1-500-ml","status":"publish","type":"product","link":"https:\/\/e.kosmolat.eu\/lv\/product\/ec-micelarais-udens-sensitive-care-5-in-1-500-ml\/","title":{"rendered":"EC Micel\u0101rais \u016bdens Sensitive Care 5 in 1, 500 ml"},"content":{"rendered":"<p>ELEN COSMETICS Micel\u0101rais \u016bdens Sensitive Care 5 in 1<br \/>\nAtt\u012bra, mitrina, atjauno un nomierina \u0101du. Inovat\u012bva micel\u0101r\u0101 \u016bdens formula ir bag\u0101tin\u0101ta ar dab\u012bg\u0101m akt\u012bvaj\u0101m sast\u0101vda\u013c\u0101m un ekstraktiem, kas labv\u0113l\u012bgi iedarbojas uz epidermu. Alvejas ekstraktam piem\u012bt nomierino\u0161a un pretiekaisuma iedarb\u012bba, kumel\u012bte pal\u012bdz aizsarg\u0101t \u0101du no ultraviolet\u0101 starojuma, bet azul\u0113ns pal\u012bdz nov\u0113rst kairin\u0101jumu, izsitumus un aps\u0101rtumu. B5 un E vitam\u012bnu komplekss veicina \u0161\u016bnu atjauno\u0161anos, mikroplaisu sadz\u012b\u0161anu, k\u0101 ar\u012b paaugstina \u0101das iztur\u012bbu pret \u0137\u012bmisko elementu agres\u012bvo ietekmi. Micel\u0101rais \u016bdens ilgsto\u0161i mitrina epidermu, pie\u0161\u0137ir \u0101dai svaigumu un skaistumu.<br \/>\n<strong>Lieto\u0161ana<\/strong>: Uzkl\u0101jiet uz vates diska un maigi not\u012briet sejas, l\u016bpu un acu \u0101du ar spilventi\u0146u mas\u0101\u017eas l\u012bniju virzien\u0101. Produktam nav nepiecie\u0161ama skalo\u0161ana. Ja nepiecie\u0161ams, atk\u0101rtojiet proced\u016bru. Tikai \u0101r\u0113jai lieto\u0161anai.<br \/>\nKontrindik\u0101cijas: individu\u0101la sast\u0101vda\u013cu nepanesam\u012bba.<br \/>\n<strong>Piesardz\u012bbas pas\u0101kumi<\/strong>: Pirms lieto\u0161anas produkts ir j\u0101test\u0113 uz neliela \u0101das laukuma. Ja rodas aler\u0123iska reakcija, p\u0101rtrauciet produkta lieto\u0161anu.<br \/>\n&nbsp;<\/p>\n","protected":false},"excerpt":{"rendered":"<p>ELEN COSMETICS Micel\u0101rais \u016bdens Sensitive Care 5 in 1 Att\u012bra, mitrina, atjauno un nomierina \u0101du. Inovat\u012bva micel\u0101r\u0101 \u016bdens formula ir bag\u0101tin\u0101ta ar dab\u012bg\u0101m akt\u012bvaj\u0101m sast\u0101vda\u013c\u0101m un ekstraktiem, kas labv\u0113l\u012bgi iedarbojas uz epidermu. Alvejas ekstraktam piem\u012bt nomierino\u0161a un pretiekaisuma iedarb\u012bba, kumel\u012bte pal\u012bdz aizsarg\u0101t \u0101du no ultraviolet\u0101 starojuma, bet azul\u0113ns pal\u012bdz nov\u0113rst kairin\u0101jumu, izsitumus un aps\u0101rtumu. B5 [&#8230;]\n","protected":false},"featured_media":86998,"template":"","meta":[],"product_cat":[1568],"product_tag":[],"class_list":{"0":"post-37644","1":"product","2":"type-product","3":"status-publish","4":"has-post-thumbnail","6":"product_brand-naturpro_ua","7":"product_cat-micelarais-udens","9":"first","10":"instock","11":"taxable","12":"shipping-taxable","13":"product-type-simple"},"_links":{"self":[{"href":"https:\/\/e.kosmolat.eu\/lv\/wp-json\/wp\/v2\/product\/37644","targetHints":{"allow":["GET"]}}],"collection":[{"href":"https:\/\/e.kosmolat.eu\/lv\/wp-json\/wp\/v2\/product"}],"about":[{"href":"https:\/\/e.kosmolat.eu\/lv\/wp-json\/wp\/v2\/types\/product"}],"wp:featuredmedia":[{"embeddable":true,"href":"https:\/\/e.kosmolat.eu\/lv\/wp-json\/wp\/v2\/media\/86998"}],"wp:attachment":[{"href":"https:\/\/e.kosmolat.eu\/lv\/wp-json\/wp\/v2\/media?parent=37644"}],"wp:term":[{"taxonomy":"product_cat","embeddable":true,"href":"https:\/\/e.kosmolat.eu\/lv\/wp-json\/wp\/v2\/product_cat?post=37644"},{"taxonomy":"product_tag","embeddable":true,"href":"https:\/\/e.kosmolat.eu\/lv\/wp-json\/wp\/v2\/product_tag?post=37644"}],"curies":[{"name":"wp","href":"https:\/\/api.w.org\/{rel}","templated":true}]}}