{"id":37640,"date":"2023-12-22T20:09:08","date_gmt":"2023-12-22T20:09:08","guid":{"rendered":"https:\/\/e.kosmolat.eu\/product\/ec-micelarais-udens-total-care-5-in-1-500-ml\/"},"modified":"2026-04-21T11:59:22","modified_gmt":"2026-04-21T11:59:22","slug":"ec-micelarais-udens-total-care-5-in-1-500-ml","status":"publish","type":"product","link":"https:\/\/e.kosmolat.eu\/lv\/product\/ec-micelarais-udens-total-care-5-in-1-500-ml\/","title":{"rendered":"EC Micel\u0101rais \u016bdens Total Care 5 in 1, 500 ml"},"content":{"rendered":"<p>ELEN COSMETICS Micel\u0101rais \u016bdens Total Care 5 in 1<br \/>\n&Scaron;\u012b skaistumkop\u0161anas l\u012bdzek\u013ca sast\u0101vs satur v\u0113rt\u012bgu vitam\u012bnu kompleksu (B5 un E), kas veicina epidermas atjauno\u0161anos un mikroplaisu sadz\u012b\u0161anu. Micel\u0101r\u0101 \u016bdens formula ir bag\u0101tin\u0101ta ar za\u013c\u0101s t\u0113jas un arnikas ekstraktiem, kas efekt\u012bvi toniz\u0113 \u0101du, mazina iekaisumus, pie\u0161\u0137ir sejai svaigumu un vienm\u0113r\u012bgu toni. Elen Cosmetics Total Care 5in1 piem\u012bt atjaunojo\u0161a un antibakteri\u0101la iedarb\u012bba uz \u0101du, kas neap\u0161aub\u0101mi iepriecin\u0101s ikvienu sievieti.<br \/>\nLieto\u0161ana: Uzkl\u0101jiet uz vates diska un maigi not\u012briet sejas, l\u016bpu un acu \u0101du ar spilventi\u0146u mas\u0101\u017eas l\u012bniju virzien\u0101. Produktam nav nepiecie\u0161ama skalo\u0161ana. Ja nepiecie\u0161ams, atk\u0101rtojiet proced\u016bru. Tikai \u0101r\u0113jai lieto\u0161anai.<br \/>\nKontrindik\u0101cijas: individu\u0101la sast\u0101vda\u013cu nepanesam\u012bba.<br \/>\nPiesardz\u012bbas pas\u0101kumi: Pirms lieto\u0161anas produkts ir j\u0101test\u0113 uz neliela \u0101das laukuma. Ja rodas aler\u0123iska reakcija, p\u0101rtrauciet produkta lieto\u0161anu.<br \/>\n&nbsp;<\/p>\n","protected":false},"excerpt":{"rendered":"<p>ELEN COSMETICS Micel\u0101rais \u016bdens Total Care 5 in 1 &Scaron;\u012b skaistumkop\u0161anas l\u012bdzek\u013ca sast\u0101vs satur v\u0113rt\u012bgu vitam\u012bnu kompleksu (B5 un E), kas veicina epidermas atjauno\u0161anos un mikroplaisu sadz\u012b\u0161anu. Micel\u0101r\u0101 \u016bdens formula ir bag\u0101tin\u0101ta ar za\u013c\u0101s t\u0113jas un arnikas ekstraktiem, kas efekt\u012bvi toniz\u0113 \u0101du, mazina iekaisumus, pie\u0161\u0137ir sejai svaigumu un vienm\u0113r\u012bgu toni. Elen Cosmetics Total Care 5in1 [&#8230;]\n","protected":false},"featured_media":86994,"template":"","meta":[],"product_cat":[1569],"product_tag":[],"class_list":{"0":"post-37640","1":"product","2":"type-product","3":"status-publish","4":"has-post-thumbnail","6":"product_brand-naturpro_ua","7":"product_cat-1569","9":"first","10":"outofstock","11":"taxable","12":"shipping-taxable","13":"product-type-simple"},"_links":{"self":[{"href":"https:\/\/e.kosmolat.eu\/lv\/wp-json\/wp\/v2\/product\/37640","targetHints":{"allow":["GET"]}}],"collection":[{"href":"https:\/\/e.kosmolat.eu\/lv\/wp-json\/wp\/v2\/product"}],"about":[{"href":"https:\/\/e.kosmolat.eu\/lv\/wp-json\/wp\/v2\/types\/product"}],"wp:featuredmedia":[{"embeddable":true,"href":"https:\/\/e.kosmolat.eu\/lv\/wp-json\/wp\/v2\/media\/86994"}],"wp:attachment":[{"href":"https:\/\/e.kosmolat.eu\/lv\/wp-json\/wp\/v2\/media?parent=37640"}],"wp:term":[{"taxonomy":"product_cat","embeddable":true,"href":"https:\/\/e.kosmolat.eu\/lv\/wp-json\/wp\/v2\/product_cat?post=37640"},{"taxonomy":"product_tag","embeddable":true,"href":"https:\/\/e.kosmolat.eu\/lv\/wp-json\/wp\/v2\/product_tag?post=37640"}],"curies":[{"name":"wp","href":"https:\/\/api.w.org\/{rel}","templated":true}]}}