{"id":37624,"date":"2023-12-22T20:07:11","date_gmt":"2023-12-22T20:07:11","guid":{"rendered":"https:\/\/e.kosmolat.eu\/product\/i_bd-serums-sejai-intensiva-barosana-ar-vitaminu-kompleksu-30-ml\/"},"modified":"2026-03-30T16:16:02","modified_gmt":"2026-03-30T16:16:02","slug":"i_bd-serums-sejai-intensiva-baros-ar-vitaminu-kompleksu-30-ml","status":"publish","type":"product","link":"https:\/\/e.kosmolat.eu\/lv\/product\/i_bd-serums-sejai-intensiva-baros-ar-vitaminu-kompleksu-30-ml\/","title":{"rendered":"I_BD Serums sejai Intens\u012bv\u0101 baro\u0161. ar vitam\u012bnu kompleksu, 30 ml"},"content":{"rendered":"<p>Intens\u012bvi atjauno \u0101du no priek&scaron;laic\u012bgas noveco&scaron;an\u0101s sek\u0101m.<\/p>\n<p><strong>Beta Vulgaris (Beet) sak\u0146u ekstrakts<\/strong> &ndash; bioakt\u012bvs komplekss, kas ir vit\u0101l\u0101s ener\u0123ijas avots &scaron;\u016bn\u0101m, tas p\u0101rstruktur\u0113 un aizsarg\u0101 \u0101du, k\u0101 ar\u012b atjauno un reaktiv\u0113 enz\u012bmus.<br \/>\n<strong>C un E vitam\u012bni <\/strong>nov\u0113r&scaron; priek&scaron;laic\u012bgu noveco&scaron;anos vides izrais\u012bto oksidat\u012bvo procesu d\u0113\u013c.<br \/>\n<strong>Provitam\u012bns B5<\/strong> &ndash; veicina mikroplaisu sadz\u012b&scaron;anu un \u0101das atjauno&scaron;anos.<\/p>\n<p><strong>Ilgsto&scaron;i lietojot, produkts:<\/strong><br \/>\n&#8211; uzlabo \u0101das st\u0101vokli, kad akt\u012bvi s\u0101k par\u0101d\u012bties ar vecumu saist\u012btas izmai\u0146as;<br \/>\n&#8211; aktiviz\u0113 &scaron;\u016bnu re\u0123ener\u0101cijas procesu;<br \/>\n&#8211; ne\u013cauj progres\u0113t noveco&scaron;an\u0101s procesam.<\/p>\n<p><strong>Lieto&scaron;ana:<\/strong> uzkl\u0101jiet da\u017eus seruma pilienus ar mas\u0101\u017eas kust\u012bb\u0101m uz att\u012br\u012btas un mitrin\u0101tas sejas, kakla un dekolt\u0113 zonas \u0101das divas reizes dien\u0101. To var lietot uz \u0101das zem ac\u012bm un k\u0101 grima pamatu. Atst\u0101jiet, l\u012bdz piln\u012bb\u0101 uzs\u016bcas. Ja nepiecie&scaron;ams, uzkl\u0101jiet kr\u0113mu. Lai ieg\u016btu vislab\u0101kos rezult\u0101tus, ieteicams to lietot m\u0113ne&scaron;a laik\u0101. Tikai \u0101r\u012bgai lieto&scaron;anai.<\/p>\n<p><strong>Uzman\u012bbu:<\/strong> pirms lieto&scaron;anas l\u012bdzeklis ir j\u0101p\u0101rbauda uz neliela \u0101das laukuma. Ja tiek konstat\u0113ta aler\u0123iska reakcija, p\u0101rtrauciet lieto&scaron;anu.<\/p>\n<p><strong>Kontrindik\u0101cijas:<\/strong> individu\u0101la neieciet\u012bba pret seruma sast\u0101vda\u013c\u0101m. Uzglab\u0101t temperat\u016br\u0101 no +5&deg;C l\u012bdz +25&deg;C un relat\u012bvaj\u0101 mitrum\u0101 55-70% viet\u0101 aizsarg\u0101t\u0101 no tie&scaron;iem saules stariem. Nav at\u013cauts uzglab\u0101t produktu maz\u0101k par 1 m att\u0101lum\u0101 no augstas temperat\u016bras avotiem.<\/p>\n","protected":false},"excerpt":{"rendered":"<p>Intens\u012bvi atjauno \u0101du no priek&scaron;laic\u012bgas noveco&scaron;an\u0101s sek\u0101m. Beta Vulgaris (Beet) sak\u0146u ekstrakts &ndash; bioakt\u012bvs komplekss, kas ir vit\u0101l\u0101s ener\u0123ijas avots &scaron;\u016bn\u0101m, tas p\u0101rstruktur\u0113 un aizsarg\u0101 \u0101du, k\u0101 ar\u012b atjauno un reaktiv\u0113 enz\u012bmus. C un E vitam\u012bni nov\u0113r&scaron; priek&scaron;laic\u012bgu noveco&scaron;anos vides izrais\u012bto oksidat\u012bvo procesu d\u0113\u013c. Provitam\u012bns B5 &ndash; veicina mikroplaisu sadz\u012b&scaron;anu un \u0101das atjauno&scaron;anos. Ilgsto&scaron;i lietojot, [&#8230;]\n","protected":false},"featured_media":86974,"template":"","meta":[],"product_cat":[1325],"product_tag":[],"class_list":{"0":"post-37624","1":"product","2":"type-product","3":"status-publish","4":"has-post-thumbnail","6":"product_brand-naturpro_ua","7":"product_cat-serumi","9":"first","10":"outofstock","11":"taxable","12":"shipping-taxable","13":"product-type-simple"},"_links":{"self":[{"href":"https:\/\/e.kosmolat.eu\/lv\/wp-json\/wp\/v2\/product\/37624","targetHints":{"allow":["GET"]}}],"collection":[{"href":"https:\/\/e.kosmolat.eu\/lv\/wp-json\/wp\/v2\/product"}],"about":[{"href":"https:\/\/e.kosmolat.eu\/lv\/wp-json\/wp\/v2\/types\/product"}],"wp:featuredmedia":[{"embeddable":true,"href":"https:\/\/e.kosmolat.eu\/lv\/wp-json\/wp\/v2\/media\/86974"}],"wp:attachment":[{"href":"https:\/\/e.kosmolat.eu\/lv\/wp-json\/wp\/v2\/media?parent=37624"}],"wp:term":[{"taxonomy":"product_cat","embeddable":true,"href":"https:\/\/e.kosmolat.eu\/lv\/wp-json\/wp\/v2\/product_cat?post=37624"},{"taxonomy":"product_tag","embeddable":true,"href":"https:\/\/e.kosmolat.eu\/lv\/wp-json\/wp\/v2\/product_tag?post=37624"}],"curies":[{"name":"wp","href":"https:\/\/api.w.org\/{rel}","templated":true}]}}