{"id":37620,"date":"2023-12-22T20:06:41","date_gmt":"2023-12-22T20:06:41","guid":{"rendered":"https:\/\/e.kosmolat.eu\/product\/bd-serums-sejai-ipasi-mitrinoss-ar-hialuronskabi-30-ml\/"},"modified":"2026-03-21T06:55:19","modified_gmt":"2026-03-21T06:55:19","slug":"i_bd-serums-sejai-ipasi-mitrinoss-ar-hialuronskabi-30-ml","status":"publish","type":"product","link":"https:\/\/e.kosmolat.eu\/lv\/product\/i_bd-serums-sejai-ipasi-mitrinoss-ar-hialuronskabi-30-ml\/","title":{"rendered":"I_BD Serums sejai &#8220;\u012apa\u0161i mitrino\u0161s&#8221; ar hialuronsk\u0101bi, 30 ml"},"content":{"rendered":"<p>Tas pal\u012bdz paaugstin\u0101t \u0101das mitrin\u0101\u0161anas l\u012bmeni, t\u0101s elast\u012bbu un gludumu, veicina grumbu izl\u012bdzin\u0101\u0161anas procesu, k\u0101 ar\u012b uzlabo \u0101das tekst\u016bru.<br \/>\n<strong>Akt\u012bv\u0101s sast\u0101vda\u013cas:<\/strong><br \/>\n&#8211; Hialuronsk\u0101be<br \/>\n&#8211; Keram\u012bdi<br \/>\n&#8211; Kam\u0113lijas ekstrakts<br \/>\n<strong>Lieto\u0161anas veids:<\/strong> uzkl\u0101jiet da\u017eus seruma pilienus uz att\u012br\u012btas un mitrin\u0101tas sejas, kakla un dekolt\u0113 zonas \u0101das divas reizes dien\u0101. To var lietot uz \u0101das zem ac\u012bm un k\u0101 grima pamatu. Atst\u0101jiet, l\u012bdz piln\u012bb\u0101 uzs\u016bcas.<br \/>\n<strong>Uzman\u012bbu:<\/strong> pirms lieto\u0161anas serums ir j\u0101p\u0101rbauda uz neliela \u0101das laukuma. Ja tiek konstat\u0113ta aler\u0123iska reakcija, p\u0101rtrauciet lieto\u0161anu. Tikai \u0101r\u012bgai lieto\u0161anai. Ja nok\u013c\u016bst ac\u012bs, r\u016bp\u012bgi izskalot ar lielu daudzumu teko\u0161a \u016bdens.<br \/>\n<strong>Kontrindik\u0101cijas:<\/strong> individu\u0101la neieciet\u012bba pret seruma sast\u0101vda\u013c\u0101m. Uzglab\u0101t temperat\u016br\u0101 no +5&deg;C l\u012bdz +25&deg;C un relat\u012bvaj\u0101 mitrum\u0101 55-70% viet\u0101 aizsarg\u0101t\u0101 no tie\u0161iem saules stariem vismaz viena metra att\u0101lum\u0101 no augstas temperat\u016bras avotiem.<\/p>\n","protected":false},"excerpt":{"rendered":"<p>Tas pal\u012bdz paaugstin\u0101t \u0101das mitrin\u0101\u0161anas l\u012bmeni, t\u0101s elast\u012bbu un gludumu, veicina grumbu izl\u012bdzin\u0101\u0161anas procesu, k\u0101 ar\u012b uzlabo \u0101das tekst\u016bru. Akt\u012bv\u0101s sast\u0101vda\u013cas: &#8211; Hialuronsk\u0101be &#8211; Keram\u012bdi &#8211; Kam\u0113lijas ekstrakts Lieto\u0161anas veids: uzkl\u0101jiet da\u017eus seruma pilienus uz att\u012br\u012btas un mitrin\u0101tas sejas, kakla un dekolt\u0113 zonas \u0101das divas reizes dien\u0101. To var lietot uz \u0101das zem ac\u012bm un [&#8230;]\n","protected":false},"featured_media":86970,"template":"","meta":[],"product_cat":[1327],"product_tag":[],"class_list":{"0":"post-37620","1":"product","2":"type-product","3":"status-publish","4":"has-post-thumbnail","6":"product_brand-naturpro_ua","7":"product_cat-serumai","9":"first","10":"outofstock","11":"taxable","12":"shipping-taxable","13":"product-type-simple"},"_links":{"self":[{"href":"https:\/\/e.kosmolat.eu\/lv\/wp-json\/wp\/v2\/product\/37620","targetHints":{"allow":["GET"]}}],"collection":[{"href":"https:\/\/e.kosmolat.eu\/lv\/wp-json\/wp\/v2\/product"}],"about":[{"href":"https:\/\/e.kosmolat.eu\/lv\/wp-json\/wp\/v2\/types\/product"}],"wp:featuredmedia":[{"embeddable":true,"href":"https:\/\/e.kosmolat.eu\/lv\/wp-json\/wp\/v2\/media\/86970"}],"wp:attachment":[{"href":"https:\/\/e.kosmolat.eu\/lv\/wp-json\/wp\/v2\/media?parent=37620"}],"wp:term":[{"taxonomy":"product_cat","embeddable":true,"href":"https:\/\/e.kosmolat.eu\/lv\/wp-json\/wp\/v2\/product_cat?post=37620"},{"taxonomy":"product_tag","embeddable":true,"href":"https:\/\/e.kosmolat.eu\/lv\/wp-json\/wp\/v2\/product_tag?post=37620"}],"curies":[{"name":"wp","href":"https:\/\/api.w.org\/{rel}","templated":true}]}}