{"id":37616,"date":"2023-12-22T20:06:12","date_gmt":"2023-12-22T20:06:12","guid":{"rendered":"https:\/\/e.kosmolat.eu\/product\/bd-mitrinosa-auduma-maska-animal-seal-aqua-25-ml\/"},"modified":"2026-04-20T08:21:26","modified_gmt":"2026-04-20T08:21:26","slug":"bd-mitrinosa-auduma-maska-animal-seal-aqua-25-ml","status":"publish","type":"product","link":"https:\/\/e.kosmolat.eu\/lv\/product\/bd-mitrinosa-auduma-maska-animal-seal-aqua-25-ml\/","title":{"rendered":"BD Mitrino\u0161\u0101 auduma maska ANIMAL SEAL AQUA, 25 ml"},"content":{"rendered":"<p>Mitrino\u0161\u0101 auduma maska Animal Seal Aqua acumirkl\u012b mitrina \u0101du un pal\u012bdz saglab\u0101t mitrumu epidermas aug\u0161\u0113jos sl\u0101\u0146os.<\/p>\n<p><strong>Lieto\u0161ana: <\/strong>atveriet iepakojumu un uzkl\u0101jiet masku uz att\u012br\u012btas un sausas sejas \u0101das, uzman\u012bgi izl\u012bdzinot masku ar pirkstu galiem. P\u0113c 10-15 min\u016bt\u0113m no\u0146emiet masku, emulsijas p\u0101rpalikumus viegli iemas\u0113jot \u0101d\u0101. Nenomazg\u0101t.<\/p>\n<p><strong>Uzman\u012bbu:<\/strong> Nelietot auduma masku vair\u0101kk\u0101rt\u0113ji! Ieteicams lietot 1-2 reizes ned\u0113\u013ca. Pirms lieto\u0161anas maska ir j\u0101p\u0101rbauda uz neliela \u0101das laukuma. Ja rodas aler\u0123iska reakcija, p\u0101rtrauciet lieto\u0161anu. Tikai \u0101r\u012bgai lieto\u0161anai. Masku ieteicams lietot uzreiz p\u0113c iepakojuma atv\u0113r\u0161anas.<\/p>\n<p><strong>Kontrindik\u0101cijas: <\/strong>individu\u0101la nepanes\u012bba pret maskas sast\u0101vda\u013c\u0101m.<\/p>\n<p>Uzglab\u0101t temperat\u016br\u0101 no +5&deg;C l\u012bdz +25&deg;C un relat\u012bvaj\u0101 mitrum\u0101 55-70%, sarg\u0101jot no tie\u0161iem saules stariem, ne tuv\u0101k par vienu metru no siltuma avotiem.&nbsp;<\/p>\n","protected":false},"excerpt":{"rendered":"<p>Mitrino\u0161\u0101 auduma maska Animal Seal Aqua acumirkl\u012b mitrina \u0101du un pal\u012bdz saglab\u0101t mitrumu epidermas aug\u0161\u0113jos sl\u0101\u0146os. Lieto\u0161ana: atveriet iepakojumu un uzkl\u0101jiet masku uz att\u012br\u012btas un sausas sejas \u0101das, uzman\u012bgi izl\u012bdzinot masku ar pirkstu galiem. P\u0113c 10-15 min\u016bt\u0113m no\u0146emiet masku, emulsijas p\u0101rpalikumus viegli iemas\u0113jot \u0101d\u0101. Nenomazg\u0101t. Uzman\u012bbu: Nelietot auduma masku vair\u0101kk\u0101rt\u0113ji! Ieteicams lietot 1-2 reizes ned\u0113\u013ca. [&#8230;]\n","protected":false},"featured_media":86962,"template":"","meta":[],"product_cat":[1369],"product_tag":[],"class_list":{"0":"post-37616","1":"product","2":"type-product","3":"status-publish","4":"has-post-thumbnail","6":"product_brand-naturpro_ua","7":"product_cat-veido-kaukes","9":"first","10":"instock","11":"taxable","12":"shipping-taxable","13":"product-type-simple"},"_links":{"self":[{"href":"https:\/\/e.kosmolat.eu\/lv\/wp-json\/wp\/v2\/product\/37616","targetHints":{"allow":["GET"]}}],"collection":[{"href":"https:\/\/e.kosmolat.eu\/lv\/wp-json\/wp\/v2\/product"}],"about":[{"href":"https:\/\/e.kosmolat.eu\/lv\/wp-json\/wp\/v2\/types\/product"}],"wp:featuredmedia":[{"embeddable":true,"href":"https:\/\/e.kosmolat.eu\/lv\/wp-json\/wp\/v2\/media\/86962"}],"wp:attachment":[{"href":"https:\/\/e.kosmolat.eu\/lv\/wp-json\/wp\/v2\/media?parent=37616"}],"wp:term":[{"taxonomy":"product_cat","embeddable":true,"href":"https:\/\/e.kosmolat.eu\/lv\/wp-json\/wp\/v2\/product_cat?post=37616"},{"taxonomy":"product_tag","embeddable":true,"href":"https:\/\/e.kosmolat.eu\/lv\/wp-json\/wp\/v2\/product_tag?post=37616"}],"curies":[{"name":"wp","href":"https:\/\/api.w.org\/{rel}","templated":true}]}}