{"id":37612,"date":"2023-12-22T20:05:39","date_gmt":"2023-12-22T20:05:39","guid":{"rendered":"https:\/\/e.kosmolat.eu\/product\/bd-attir-deguna-sloksnes-ar-bambusa-ogli-3-gab\/"},"modified":"2026-04-07T05:54:48","modified_gmt":"2026-04-07T05:54:48","slug":"bd-attir-deguna-sloksnes-ar-bambusa-ogli-3-gab","status":"publish","type":"product","link":"https:\/\/e.kosmolat.eu\/lv\/product\/bd-attir-deguna-sloksnes-ar-bambusa-ogli-3-gab\/","title":{"rendered":"BD Att\u012br. deguna sloksnes ar bambusa ogli, 3 gab."},"content":{"rendered":"<p>Att\u012bro\u0161\u0101s deguna sloksnes ar bambusa ogli att\u012bra, m\u012bkstina un atjauno deguna \u0101du, padarot to maig\u0101ku un glud\u0101ku, k\u0101 ar\u012b sa\u0161aurina poras.<\/p>\n<p><strong>Akt\u012bv\u0101s sast\u0101vda\u013cas: <\/strong>bambusa ogle, za\u013c\u0101s t\u0113jas ekstrakts, sil\u012bcija dioks\u012bds.<\/p>\n<p><strong>Lieto\u0161ana: <\/strong><\/p>\n<ol>\n<li>Ar saus\u0101m rok\u0101m no\u0146emiet caursp\u012bd\u012bgo pl\u0113vi no sloksnes.<\/li>\n<li>Cie\u0161i piespiediet sloksnes gludo pusi pie att\u012br\u012btas un mitras deguna \u0101das.<\/li>\n<li>Atst\u0101jiet, l\u012bdz sloksne piln\u012bb\u0101 iz\u017e\u016bst (15-20 min\u016btes).<\/li>\n<li>No\u0146emiet sloksni virzien\u0101 no apak\u0161as uz aug\u0161u. Ja nepiecie\u0161ams, nomazg\u0101jiet \u0101du ar \u016bdeni.<\/li>\n<\/ol>\n<p><strong>Uzman\u012bbu: <\/strong>nelietot uz iekaisu\u0161as vai boj\u0101tas \u0101das. Lietot produktu tikai tam paredz\u0113taj\u0101 nol\u016bk\u0101, tikai degunam. Pirms lieto\u0161anas deguna sloksnes ir j\u0101p\u0101rbauda uz neliela \u0101das laukuma. Ja rodas aler\u0123iska reakcija, p\u0101rtrauciet lieto\u0161anu. Tikai \u0101r\u012bgai lieto\u0161anai. Sloksnes ieteicams lietot uzreiz p\u0113c individu\u0101l\u0101 iepakojuma atv\u0113r\u0161anas. Ja iek\u013c\u016bst ac\u012bs, r\u016bp\u012bgi izskalojiet ar lielu daudzumu teko\u0161a \u016bdens.<\/p>\n<p><strong>Kontrindik\u0101cijas:<\/strong> individu\u0101la nepanes\u012bba pret l\u012bdzek\u013ca sast\u0101vda\u013c\u0101m.<\/p>\n<p>Uzglab\u0101t temperat\u016br\u0101 no +5&deg;C l\u012bdz +25&deg;C un relat\u012bvaj\u0101 mitrum\u0101 55-70%, sarg\u0101jot no tie\u0161iem saules stariem, ne tuv\u0101k par vienu metru no siltuma avotiem.<\/p>\n<p><strong>Der\u012bguma termi\u0146\u0161:<\/strong> 36 m\u0113ne\u0161i.<br \/>\n&nbsp;<\/p>\n","protected":false},"excerpt":{"rendered":"<p>Att\u012bro\u0161\u0101s deguna sloksnes ar bambusa ogli att\u012bra, m\u012bkstina un atjauno deguna \u0101du, padarot to maig\u0101ku un glud\u0101ku, k\u0101 ar\u012b sa\u0161aurina poras. Akt\u012bv\u0101s sast\u0101vda\u013cas: bambusa ogle, za\u013c\u0101s t\u0113jas ekstrakts, sil\u012bcija dioks\u012bds. Lieto\u0161ana: Ar saus\u0101m rok\u0101m no\u0146emiet caursp\u012bd\u012bgo pl\u0113vi no sloksnes. Cie\u0161i piespiediet sloksnes gludo pusi pie att\u012br\u012btas un mitras deguna \u0101das. Atst\u0101jiet, l\u012bdz sloksne piln\u012bb\u0101 iz\u017e\u016bst [&#8230;]\n","protected":false},"featured_media":87050,"template":"","meta":[],"product_cat":[1339],"product_tag":[],"class_list":{"0":"post-37612","1":"product","2":"type-product","3":"status-publish","4":"has-post-thumbnail","6":"product_brand-naturpro_ua","7":"product_cat-attirosas-maskas","9":"first","10":"instock","11":"taxable","12":"shipping-taxable","13":"product-type-simple"},"_links":{"self":[{"href":"https:\/\/e.kosmolat.eu\/lv\/wp-json\/wp\/v2\/product\/37612","targetHints":{"allow":["GET"]}}],"collection":[{"href":"https:\/\/e.kosmolat.eu\/lv\/wp-json\/wp\/v2\/product"}],"about":[{"href":"https:\/\/e.kosmolat.eu\/lv\/wp-json\/wp\/v2\/types\/product"}],"wp:featuredmedia":[{"embeddable":true,"href":"https:\/\/e.kosmolat.eu\/lv\/wp-json\/wp\/v2\/media\/87050"}],"wp:attachment":[{"href":"https:\/\/e.kosmolat.eu\/lv\/wp-json\/wp\/v2\/media?parent=37612"}],"wp:term":[{"taxonomy":"product_cat","embeddable":true,"href":"https:\/\/e.kosmolat.eu\/lv\/wp-json\/wp\/v2\/product_cat?post=37612"},{"taxonomy":"product_tag","embeddable":true,"href":"https:\/\/e.kosmolat.eu\/lv\/wp-json\/wp\/v2\/product_tag?post=37612"}],"curies":[{"name":"wp","href":"https:\/\/api.w.org\/{rel}","templated":true}]}}