{"id":37608,"date":"2023-12-22T20:05:14","date_gmt":"2023-12-22T20:05:14","guid":{"rendered":"https:\/\/e.kosmolat.eu\/product\/bd-melni-kolagena-spilventini-2-gab-24-g\/"},"modified":"2025-09-19T23:09:51","modified_gmt":"2025-09-19T23:09:51","slug":"bd-melni-kolagena-spilventini-2-gab-24-g","status":"publish","type":"product","link":"https:\/\/e.kosmolat.eu\/lv\/product\/bd-melni-kolagena-spilventini-2-gab-24-g\/","title":{"rendered":"BD Melni kolag\u0113na spilventi\u0146i, 2 gab, 2*4 g"},"content":{"rendered":"<p>BEAUTY DERM Melni kolag\u0113na spilventi\u0146i, 2 gab<br \/>\nMelnie kolag\u0113na spilventi\u0146i TM BEAUTYDERM veicina efekt\u012bvu grumbu izl\u012bdzin\u0101\u0161anu; Pal\u012bdz atbr\u012bvoties no tum\u0161ajiem lokiem un piet\u016bkuma. Bag\u0101tin\u0101ti ar og\u013cu pulveri un organiskiem ekstraktiem, nostiprina \u0101du, nov\u0113r\u0161 tum\u0161os lokus, grumbas un piet\u016bkumu zem ac\u012bm. Pal\u012bdz mitrin\u0101t \u0101du ap ac\u012bm, saglab\u0101t t\u0101s elast\u012bbu un maigumu. Hialuronsk\u0101be, kas ietilpst spilventi\u0146u serum\u0101, ir \u012bsts gl\u0101bi\u0146\u0161 sausai un dehidr\u0113tai \u0101dai, dzi\u013ci atjauno un mitrina epidermu, stimul\u0113 \u0101das atjauno\u0161anas procesus, atjauno mitruma defic\u012btu, ilgsto\u0161i nov\u0113r\u0161ot sausumu.<\/p>\n<p>Lieto\u0161ana: R\u016bp\u012bgi not\u012briet seju un acis ar siltu \u016bdeni. Atveriet iepakojumu, iz\u0146emiet spilventi\u0146us un uzkl\u0101jiet zem acu zonas. Atst\u0101jiet iedarboties 15-25 min\u016btes. Uzman\u012bgi uzkl\u0101jiet atliku\u0161o esenci uz \u0101das un \u013caujiet tai piln\u012bb\u0101 ies\u016bkties. Lai ieg\u016btu efekt\u012bvus rezult\u0101tus, izmantojiet 2-3 reizes ned\u0113\u013c\u0101.<br \/>\n&nbsp;<\/p>\n","protected":false},"excerpt":{"rendered":"<p>BEAUTY DERM Melni kolag\u0113na spilventi\u0146i, 2 gab Melnie kolag\u0113na spilventi\u0146i TM BEAUTYDERM veicina efekt\u012bvu grumbu izl\u012bdzin\u0101\u0161anu; Pal\u012bdz atbr\u012bvoties no tum\u0161ajiem lokiem un piet\u016bkuma. Bag\u0101tin\u0101ti ar og\u013cu pulveri un organiskiem ekstraktiem, nostiprina \u0101du, nov\u0113r\u0161 tum\u0161os lokus, grumbas un piet\u016bkumu zem ac\u012bm. Pal\u012bdz mitrin\u0101t \u0101du ap ac\u012bm, saglab\u0101t t\u0101s elast\u012bbu un maigumu. Hialuronsk\u0101be, kas ietilpst spilventi\u0146u serum\u0101, [&#8230;]\n","protected":false},"featured_media":86842,"template":"","meta":[],"product_cat":[1370],"product_tag":[],"class_list":{"0":"post-37608","1":"product","2":"type-product","3":"status-publish","4":"has-post-thumbnail","6":"product_brand-naturpro_ua","7":"product_cat-1370","9":"first","10":"outofstock","11":"taxable","12":"shipping-taxable","13":"product-type-simple"},"_links":{"self":[{"href":"https:\/\/e.kosmolat.eu\/lv\/wp-json\/wp\/v2\/product\/37608","targetHints":{"allow":["GET"]}}],"collection":[{"href":"https:\/\/e.kosmolat.eu\/lv\/wp-json\/wp\/v2\/product"}],"about":[{"href":"https:\/\/e.kosmolat.eu\/lv\/wp-json\/wp\/v2\/types\/product"}],"wp:featuredmedia":[{"embeddable":true,"href":"https:\/\/e.kosmolat.eu\/lv\/wp-json\/wp\/v2\/media\/86842"}],"wp:attachment":[{"href":"https:\/\/e.kosmolat.eu\/lv\/wp-json\/wp\/v2\/media?parent=37608"}],"wp:term":[{"taxonomy":"product_cat","embeddable":true,"href":"https:\/\/e.kosmolat.eu\/lv\/wp-json\/wp\/v2\/product_cat?post=37608"},{"taxonomy":"product_tag","embeddable":true,"href":"https:\/\/e.kosmolat.eu\/lv\/wp-json\/wp\/v2\/product_tag?post=37608"}],"curies":[{"name":"wp","href":"https:\/\/api.w.org\/{rel}","templated":true}]}}