{"id":37604,"date":"2023-12-22T20:04:45","date_gmt":"2023-12-22T20:04:45","guid":{"rendered":"https:\/\/e.kosmolat.eu\/product\/bd-roza-kolagena-spilventini-2-gab-24-g\/"},"modified":"2026-04-23T09:20:10","modified_gmt":"2026-04-23T09:20:10","slug":"bd-roza-kolagena-spilventini-2-gab-24-g","status":"publish","type":"product","link":"https:\/\/e.kosmolat.eu\/lv\/product\/bd-roza-kolagena-spilventini-2-gab-24-g\/","title":{"rendered":"BD Roz\u0101 kolag\u0113na spilventi\u0146i, 2 gab., 2*4 g"},"content":{"rendered":"<p>BEAUTY DERM Roz\u0101 kolag\u0113na spilventi\u0146i, 2 gab.<br \/>\nRoz\u0101 kolag\u0113na pl\u0101ksteri TM BEAUTYDERM veicina paaugstin\u0101tu \u0101das tvirtumu un elast\u012bbu; veicina baro\u0161anu un mitrin\u0101\u0161anu.<br \/>\nPak\u0101peniski iek\u013c\u016bst \u0101d\u0101 un nodro\u0161ina to ar b\u016btisk\u0101m uzturviel\u0101m un mitrumu, pateicoties ro\u017eu ziedu hidrol\u0101tam un organiskajiem ekstraktiem, ar kuriem spilventi\u0146i ir bag\u0101tin\u0101ti. Sast\u0101v\u0101 eso\u0161ais C vitam\u012bns nodro\u0161ina balino\u0161u efektu, k\u0101 ar\u012b uzlabo kolag\u0113na sint\u0113zi un c\u012bn\u0101s ar \u0101das fotonoveco\u0161anos.<br \/>\nLieto\u0161ana: R\u016bp\u012bgi not\u012briet seju un acis ar siltu \u016bdeni. Atveriet iepakojumu, iz\u0146emiet spilventi\u0146us un uzkl\u0101jiet zem acu zonas. Atst\u0101jiet iedarboties 15-25 min\u016btes. Uzman\u012bgi uzkl\u0101jiet atliku\u0161o esenci uz \u0101das un \u013caujiet tai piln\u012bb\u0101 ies\u016bkties. Lai ieg\u016btu efekt\u012bvus rezult\u0101tus, izmantojiet 2-3 reizes ned\u0113\u013c\u0101.<br \/>\n&nbsp;<\/p>\n","protected":false},"excerpt":{"rendered":"<p>BEAUTY DERM Roz\u0101 kolag\u0113na spilventi\u0146i, 2 gab. Roz\u0101 kolag\u0113na pl\u0101ksteri TM BEAUTYDERM veicina paaugstin\u0101tu \u0101das tvirtumu un elast\u012bbu; veicina baro\u0161anu un mitrin\u0101\u0161anu. Pak\u0101peniski iek\u013c\u016bst \u0101d\u0101 un nodro\u0161ina to ar b\u016btisk\u0101m uzturviel\u0101m un mitrumu, pateicoties ro\u017eu ziedu hidrol\u0101tam un organiskajiem ekstraktiem, ar kuriem spilventi\u0146i ir bag\u0101tin\u0101ti. Sast\u0101v\u0101 eso\u0161ais C vitam\u012bns nodro\u0161ina balino\u0161u efektu, k\u0101 ar\u012b uzlabo [&#8230;]\n","protected":false},"featured_media":86838,"template":"","meta":[],"product_cat":[1999],"product_tag":[],"class_list":{"0":"post-37604","1":"product","2":"type-product","3":"status-publish","4":"has-post-thumbnail","6":"product_brand-naturpro_ua","7":"product_cat-bez-kategorijas","9":"first","10":"instock","11":"taxable","12":"shipping-taxable","13":"product-type-simple"},"_links":{"self":[{"href":"https:\/\/e.kosmolat.eu\/lv\/wp-json\/wp\/v2\/product\/37604","targetHints":{"allow":["GET"]}}],"collection":[{"href":"https:\/\/e.kosmolat.eu\/lv\/wp-json\/wp\/v2\/product"}],"about":[{"href":"https:\/\/e.kosmolat.eu\/lv\/wp-json\/wp\/v2\/types\/product"}],"wp:featuredmedia":[{"embeddable":true,"href":"https:\/\/e.kosmolat.eu\/lv\/wp-json\/wp\/v2\/media\/86838"}],"wp:attachment":[{"href":"https:\/\/e.kosmolat.eu\/lv\/wp-json\/wp\/v2\/media?parent=37604"}],"wp:term":[{"taxonomy":"product_cat","embeddable":true,"href":"https:\/\/e.kosmolat.eu\/lv\/wp-json\/wp\/v2\/product_cat?post=37604"},{"taxonomy":"product_tag","embeddable":true,"href":"https:\/\/e.kosmolat.eu\/lv\/wp-json\/wp\/v2\/product_tag?post=37604"}],"curies":[{"name":"wp","href":"https:\/\/api.w.org\/{rel}","templated":true}]}}