{"id":37600,"date":"2023-12-22T20:04:18","date_gmt":"2023-12-22T20:04:18","guid":{"rendered":"https:\/\/e.kosmolat.eu\/product\/bd-kolagena-lupu-spilventini-8-g\/"},"modified":"2026-04-22T07:44:49","modified_gmt":"2026-04-22T07:44:49","slug":"bd-kolagena-lupu-spilventini-8-g","status":"publish","type":"product","link":"https:\/\/e.kosmolat.eu\/lv\/product\/bd-kolagena-lupu-spilventini-8-g\/","title":{"rendered":"BD Kolag\u0113na l\u016bpu spilventi\u0146i, 8 g"},"content":{"rendered":"<p>BEAUTY DERM Sarkanie kolag\u0113na l\u016bpu spilventi\u0146i ar C vitam\u012bnu &nbsp;<\/p>\n<p>L\u016bpu spilventi\u0146i ir m\u016bsdien\u012bgs kosm\u0113tikas l\u012bdzeklis. \u0100da uz l\u016bp\u0101m ir ar\u012b \u013coti pl\u0101na, jut\u012bga, bez tauku dziedzeru un zem\u0101das tauku. T\u0101p\u0113c vi\u0146ai, t\u0101pat k\u0101 \u0101dai ap ac\u012bm, nepiecie\u0161ama \u012bpa\u0161a kop\u0161ana.<\/p>\n<p>&Scaron;\u012b ir kolag\u0113na l\u016bpu maska. Katrs spilventi\u0146\u0161 ir atsevi\u0161\u0137i iepakots un pies\u016bcin\u0101ts ar akt\u012bvo sast\u0101vu.<br \/>\nPak\u0101peniski ies\u016bcas \u0101d\u0101 un nodro\u0161ina to ar nepiecie\u0161amaj\u0101m uzturviel\u0101m un mitrumu, pateicoties RO\u017dU ZIEDU hidrol\u0101tam un organiskajiem ekstraktiem, ar kuriem spilventi\u0146i ir bag\u0101tin\u0101ti. C vitam\u012bns, kas ir da\u013ca no sast\u0101va, uzlabo kolag\u0113na sint\u0113zi un c\u012bn\u0101s ar \u0101das fotonoveco\u0161anos.<br \/>\nLieto\u0161anas veids:<br \/>\n1. R\u016bp\u012bgi not\u012briet seju un l\u016bpas ar siltu \u016bdeni.<br \/>\n2. Atveriet iepakojumu, iz\u0146emiet spilventi\u0146us un uzkl\u0101jiet tos uz l\u016bp\u0101m.<br \/>\n3. Atst\u0101jiet iedarboties 15-25 min\u016btes.<br \/>\n4. P\u0101r\u0113jo esenci maigi izkl\u0101jiet uz \u0101das un \u013caujiet tai piln\u012bb\u0101 ies\u016bkties.<br \/>\n5. Lai ieg\u016btu lab\u0101ko efektu, ieteicams lietot 2-3 reizes ned\u0113\u013c\u0101.<br \/>\n&nbsp;<\/p>\n","protected":false},"excerpt":{"rendered":"<p>BEAUTY DERM Sarkanie kolag\u0113na l\u016bpu spilventi\u0146i ar C vitam\u012bnu &nbsp; L\u016bpu spilventi\u0146i ir m\u016bsdien\u012bgs kosm\u0113tikas l\u012bdzeklis. \u0100da uz l\u016bp\u0101m ir ar\u012b \u013coti pl\u0101na, jut\u012bga, bez tauku dziedzeru un zem\u0101das tauku. T\u0101p\u0113c vi\u0146ai, t\u0101pat k\u0101 \u0101dai ap ac\u012bm, nepiecie\u0161ama \u012bpa\u0161a kop\u0161ana. &Scaron;\u012b ir kolag\u0113na l\u016bpu maska. Katrs spilventi\u0146\u0161 ir atsevi\u0161\u0137i iepakots un pies\u016bcin\u0101ts ar akt\u012bvo sast\u0101vu. [&#8230;]\n","protected":false},"featured_media":86834,"template":"","meta":[],"product_cat":[1999],"product_tag":[],"class_list":{"0":"post-37600","1":"product","2":"type-product","3":"status-publish","4":"has-post-thumbnail","6":"product_brand-naturpro_ua","7":"product_cat-bez-kategorijas","9":"first","10":"instock","11":"taxable","12":"shipping-taxable","13":"product-type-simple"},"_links":{"self":[{"href":"https:\/\/e.kosmolat.eu\/lv\/wp-json\/wp\/v2\/product\/37600","targetHints":{"allow":["GET"]}}],"collection":[{"href":"https:\/\/e.kosmolat.eu\/lv\/wp-json\/wp\/v2\/product"}],"about":[{"href":"https:\/\/e.kosmolat.eu\/lv\/wp-json\/wp\/v2\/types\/product"}],"wp:featuredmedia":[{"embeddable":true,"href":"https:\/\/e.kosmolat.eu\/lv\/wp-json\/wp\/v2\/media\/86834"}],"wp:attachment":[{"href":"https:\/\/e.kosmolat.eu\/lv\/wp-json\/wp\/v2\/media?parent=37600"}],"wp:term":[{"taxonomy":"product_cat","embeddable":true,"href":"https:\/\/e.kosmolat.eu\/lv\/wp-json\/wp\/v2\/product_cat?post=37600"},{"taxonomy":"product_tag","embeddable":true,"href":"https:\/\/e.kosmolat.eu\/lv\/wp-json\/wp\/v2\/product_tag?post=37600"}],"curies":[{"name":"wp","href":"https:\/\/api.w.org\/{rel}","templated":true}]}}