{"id":37596,"date":"2023-12-22T20:03:45","date_gmt":"2023-12-22T20:03:45","guid":{"rendered":"https:\/\/e.kosmolat.eu\/product\/bd-caurspidigi-kolagena-spilventini-2-gab-24-g\/"},"modified":"2026-04-18T06:36:20","modified_gmt":"2026-04-18T06:36:20","slug":"bd-caurspidigi-kolagena-spilventini-2-gab-24-g","status":"publish","type":"product","link":"https:\/\/e.kosmolat.eu\/lv\/product\/bd-caurspidigi-kolagena-spilventini-2-gab-24-g\/","title":{"rendered":"BD Caursp\u012bd\u012bgi kolag\u0113na spilventi\u0146i 2 gab., 2*4 g"},"content":{"rendered":"<p>BEAUTY DERM Caursp\u012bd\u012bgi kolag\u0113na spilventi\u0146i 2 gab<br \/>\nBag\u0101tin\u0101ti ar j\u016bras kolag\u0113nu un organiskiem ekstraktiem, kas \u0101tri atjauno vitam\u012bnu un mikroelementu defic\u012btu \u0101d\u0101 un stimul\u0113 sava kolag\u0113na ra\u017eo\u0161anu, uzs\u0101k \u0161\u016bnu atjauno\u0161anas procesus, kuru d\u0113\u013c m\u012bmikas grumbas izl\u012bdzin\u0101s, \u0101da k\u013c\u016bst tvirt\u0101ka un gluda. Tie pal\u012bdz atbr\u012bvoties no tum\u0161ajiem lokiem un piet\u016bkuma, normaliz\u0113 \u0101das \u016bdens l\u012bdzsvaru.<\/p>\n<p>Hialuronsk\u0101be, kas ietilpst spilventi\u0146u serum\u0101, ir \u012bsts gl\u0101bi\u0146\u0161 sausai dehidr\u0113tai \u0101dai, dzi\u013ci atjauno un mitrina epidermu, stimul\u0113 \u0101das atjauno\u0161anas procesus, atjauno mitruma defic\u012btu, ilgsto\u0161i nov\u0113r\u0161ot sausumu.<br \/>\nLieto\u0161ana: R\u016bp\u012bgi not\u012briet seju un acis ar siltu \u016bdeni. Atveriet iepakojumu, iz\u0146emiet spilventi\u0146us un uzkl\u0101jiet zem acu zonas. Atst\u0101jiet iedarboties 20-30 min\u016btes. Uzman\u012bgi uzkl\u0101jiet atliku\u0161o esenci uz \u0101das un \u013caujiet tai piln\u012bb\u0101 ies\u016bkties. Lai ieg\u016btu efekt\u012bvus rezult\u0101tus, izmantojiet 2-3 reizes ned\u0113\u013c\u0101.<br \/>\n&nbsp;<\/p>\n","protected":false},"excerpt":{"rendered":"<p>BEAUTY DERM Caursp\u012bd\u012bgi kolag\u0113na spilventi\u0146i 2 gab Bag\u0101tin\u0101ti ar j\u016bras kolag\u0113nu un organiskiem ekstraktiem, kas \u0101tri atjauno vitam\u012bnu un mikroelementu defic\u012btu \u0101d\u0101 un stimul\u0113 sava kolag\u0113na ra\u017eo\u0161anu, uzs\u0101k \u0161\u016bnu atjauno\u0161anas procesus, kuru d\u0113\u013c m\u012bmikas grumbas izl\u012bdzin\u0101s, \u0101da k\u013c\u016bst tvirt\u0101ka un gluda. Tie pal\u012bdz atbr\u012bvoties no tum\u0161ajiem lokiem un piet\u016bkuma, normaliz\u0113 \u0101das \u016bdens l\u012bdzsvaru. Hialuronsk\u0101be, kas [&#8230;]\n","protected":false},"featured_media":86830,"template":"","meta":[],"product_cat":[1367],"product_tag":[],"class_list":{"0":"post-37596","1":"product","2":"type-product","3":"status-publish","4":"has-post-thumbnail","6":"product_brand-naturpro_ua","7":"product_cat-sejas-maskas","9":"first","10":"instock","11":"taxable","12":"shipping-taxable","13":"product-type-simple"},"_links":{"self":[{"href":"https:\/\/e.kosmolat.eu\/lv\/wp-json\/wp\/v2\/product\/37596","targetHints":{"allow":["GET"]}}],"collection":[{"href":"https:\/\/e.kosmolat.eu\/lv\/wp-json\/wp\/v2\/product"}],"about":[{"href":"https:\/\/e.kosmolat.eu\/lv\/wp-json\/wp\/v2\/types\/product"}],"wp:featuredmedia":[{"embeddable":true,"href":"https:\/\/e.kosmolat.eu\/lv\/wp-json\/wp\/v2\/media\/86830"}],"wp:attachment":[{"href":"https:\/\/e.kosmolat.eu\/lv\/wp-json\/wp\/v2\/media?parent=37596"}],"wp:term":[{"taxonomy":"product_cat","embeddable":true,"href":"https:\/\/e.kosmolat.eu\/lv\/wp-json\/wp\/v2\/product_cat?post=37596"},{"taxonomy":"product_tag","embeddable":true,"href":"https:\/\/e.kosmolat.eu\/lv\/wp-json\/wp\/v2\/product_tag?post=37596"}],"curies":[{"name":"wp","href":"https:\/\/api.w.org\/{rel}","templated":true}]}}