{"id":37592,"date":"2023-12-22T20:03:15","date_gmt":"2023-12-22T20:03:15","guid":{"rendered":"https:\/\/e.kosmolat.eu\/product\/doctor-wash-zeleja-bernu-velas-mazgasanai-doctor-wash-baby-2000-g\/"},"modified":"2025-09-19T23:08:31","modified_gmt":"2025-09-19T23:08:31","slug":"doctor-wash-zeleja-bernu-velas-mazgasanai-doctor-wash-baby-2000-g","status":"publish","type":"product","link":"https:\/\/e.kosmolat.eu\/lv\/product\/doctor-wash-zeleja-bernu-velas-mazgasanai-doctor-wash-baby-2000-g\/","title":{"rendered":"DOCTOR WASH \u017eeleja b\u0113rnu ve\u013cas mazg\u0101\u0161anai &#8220;Doctor Wash Baby&#8221;, 2000 g"},"content":{"rendered":"<p>Rekomend\u0113ts lietot b\u0113rnu ve\u013cas mazg\u0101\u0161anai kop\u0161 b\u0113rna pirmaj\u0101m dz\u012bves dien\u0101m. Bez smar\u017eviel\u0101m. Biolo\u0123iski no\u0101rd\u0101ms. Piem\u0113rots mazg\u0101\u0161anai ar rok\u0101m un mazg\u0101\u0161anai ve\u013cas mazg\u0101jam\u0101 ma\u0161\u012bn\u0101. Likvid\u0113 sulas, aug\u013cu, ogu, z\u0101les, \u0161okol\u0101des, asins traipus. Iepakojums paredz\u0113ts vid\u0113ji 34 ve\u013cas mazg\u0101\u0161anas cikliem.&nbsp;<strong>Lieto\u0161ana:<\/strong> tiek lietots visu veidu audumiem, k\u0101 baltiem, t\u0101 ar\u012b kr\u0101sainiem. Var lietot visu veidu ve\u013cas mazg\u0101jam\u0101s ma\u0161\u012bn\u0101s, k\u0101 ar\u012b mazg\u0101\u0161anai ar rok\u0101m. Iepakojuma saturs ir paredz\u0113ts uz 34 ve\u013cas mazg\u0101\u0161anas cikliem mazg\u0101jot vid\u0113ji net\u012bru ve\u013cu vid\u0113j\u0101s ciet\u012bbas (II pak\u0101pe) \u016bden\u012b.&nbsp;Devas: skat. tabulu. 1 v\u0101ci\u0146\u0161 &ndash; 55 ml. &Scaron;\u0137irojiet ve\u013cu pirms mazg\u0101\u0161anas. Mazg\u0101jiet kr\u0101sainu ve\u013cu atsevi\u0161\u0137i no balt\u0101s. Iev\u0113rojiet rekomend\u0101cijas, kas ir nor\u0101d\u012btas uz ap\u0123\u0113rba eti\u0137et\u0113m izv\u0113loties ve\u013cas mazg\u0101\u0161anas re\u017e\u012bmu un temperat\u016bru. Uzglab\u0101\u0161anas noteikumi: uzglab\u0101t atsevi\u0161\u0137i no p\u0101rtikas produktiem b\u0113rniem nepieejam\u0101s viet\u0101s, temperat\u016br\u0101 +5&deg;C &#8211; +30&deg;C un relat\u012bvaj\u0101 gaisa mitrum\u0101 50-80%, att\u0101lum\u0101 ne maz\u0101k\u0101 par 1m no sildo\u0161\u0101m iek\u0101rt\u0101m.<\/p>\n<p>\n<img decoding=\"async\" src=\"data:image\/png;base64,iVBORw0KGgoAAAANSUhEUgAAAD0AAAA6CAYAAAF0YGHHAAAAAXNSR0IArs4c6QAAAARnQU1BAACxjwv8YQUAAAAJcEhZcwAAFxEAABcRAcom8z8AAA+BSURBVFhH3ZkJcJTVHcCZFjoda0dH2zo9ZEZQqMYKckhCjs29m2Szm4tcmywEkkAuwg2RyDWgCIicQgVRUDkGoUUkFdQEqJbIIZUICKjhDkj2Pr5vvz3+ff\/\/vs1BDpKQIPU3s7O737u\/9\/7n69Up9CFDAHG886Yff9SIbthAKvThmD11AS9iLYc+xR97qayspG\/n6LQaqmBf\/gosWrSIPshbb71F3yAfCVQBMarCvQ85juiRLl7UiH74X6lQSAg\/yR+1xDE2dSH\/2QWwe\/3wpxsn5uPazIl9aXCOfujAxkpC4eg8fFhbW0uFSEFBAZiSFd5KQlSgu+k7yMnJgYULF4Lz9KnGXkRleDWVcoT1q1rOwzYqdjIWGn1dt4axILMf\/9kx9LKhoPd\/FgwAD\/NHd4bNojc2uh394CdBXLwoiVdriVSYE6TnZ2rDhg0QFRUFubm5UFxcDMOHD6dXhxjChoOrZNwHvBlbfFbiO4ZIfypEPv\/8c1Cr1fyfl5dffhmeeOIJ6tCHddYkEGaUbObdsEOiCLphKR7Hi9vGsW8PeKIC2n7TYkLUJgOXnaZYphaCoA4382p3xpieqNAN7g+GCH8QUpW7+ePO4cjVVPKfnUNKirxizs8CiA1pe62tIcpDHLalC2jNrrOnAdp7WU2BmGAQP9xFDX249Tpwhg9vvwOICQLnyWO8yW1IEtjYUeZVmwORI8D9400wGo2wbt06iIuLozbp6ekQFhYGWq2W\/ptu78DBpgQuF7jdbrhx4wbY\n<\/p>\n","protected":false},"excerpt":{"rendered":"<p>Rekomend\u0113ts lietot b\u0113rnu ve\u013cas mazg\u0101\u0161anai kop\u0161 b\u0113rna pirmaj\u0101m dz\u012bves dien\u0101m. Bez smar\u017eviel\u0101m. Biolo\u0123iski no\u0101rd\u0101ms. Piem\u0113rots mazg\u0101\u0161anai ar rok\u0101m un mazg\u0101\u0161anai ve\u013cas mazg\u0101jam\u0101 ma\u0161\u012bn\u0101. Likvid\u0113 sulas, aug\u013cu, ogu, z\u0101les, \u0161okol\u0101des, asins traipus. Iepakojums paredz\u0113ts vid\u0113ji 34 ve\u013cas mazg\u0101\u0161anas cikliem.&nbsp;Lieto\u0161ana: tiek lietots visu veidu audumiem, k\u0101 baltiem, t\u0101 ar\u012b kr\u0101sainiem. Var lietot visu veidu ve\u013cas mazg\u0101jam\u0101s ma\u0161\u012bn\u0101s, [&#8230;]\n","protected":false},"featured_media":86826,"template":"","meta":[],"product_cat":[1481],"product_tag":[],"class_list":{"0":"post-37592","1":"product","2":"type-product","3":"status-publish","4":"has-post-thumbnail","6":"product_brand-malina-akcija","7":"product_cat-velas-mazgasanas-lidzekli","9":"first","10":"outofstock","11":"taxable","12":"shipping-taxable","13":"product-type-simple"},"_links":{"self":[{"href":"https:\/\/e.kosmolat.eu\/lv\/wp-json\/wp\/v2\/product\/37592","targetHints":{"allow":["GET"]}}],"collection":[{"href":"https:\/\/e.kosmolat.eu\/lv\/wp-json\/wp\/v2\/product"}],"about":[{"href":"https:\/\/e.kosmolat.eu\/lv\/wp-json\/wp\/v2\/types\/product"}],"wp:featuredmedia":[{"embeddable":true,"href":"https:\/\/e.kosmolat.eu\/lv\/wp-json\/wp\/v2\/media\/86826"}],"wp:attachment":[{"href":"https:\/\/e.kosmolat.eu\/lv\/wp-json\/wp\/v2\/media?parent=37592"}],"wp:term":[{"taxonomy":"product_cat","embeddable":true,"href":"https:\/\/e.kosmolat.eu\/lv\/wp-json\/wp\/v2\/product_cat?post=37592"},{"taxonomy":"product_tag","embeddable":true,"href":"https:\/\/e.kosmolat.eu\/lv\/wp-json\/wp\/v2\/product_tag?post=37592"}],"curies":[{"name":"wp","href":"https:\/\/api.w.org\/{rel}","templated":true}]}}