{"id":37588,"date":"2023-12-22T20:02:45","date_gmt":"2023-12-22T20:02:45","guid":{"rendered":"https:\/\/e.kosmolat.eu\/product\/bd-auduma-maska-alveja-medus-25-ml\/"},"modified":"2026-04-23T09:20:45","modified_gmt":"2026-04-23T09:20:45","slug":"bd-auduma-maska-alveja-medus-25-ml","status":"publish","type":"product","link":"https:\/\/e.kosmolat.eu\/lv\/product\/bd-auduma-maska-alveja-medus-25-ml\/","title":{"rendered":"BD Auduma maska &#8220;ALVEJA-MEDUS&#8221;, 25 ml"},"content":{"rendered":"<p><strong>AUDUMA MASKA &quot;ALVEJA-MEDUS&quot; <\/strong>satur maigu g\u0113la emulsiju, kas att\u012bra, dzi\u013ci mitrina un atsvaidzina, nov\u0113r&scaron; oksid\u0101cijas procesus &scaron;\u016bn\u0101s un pal\u0113nina to izn\u012bcin\u0101&scaron;anu, pal\u012bdz izl\u012bdzin\u0101t grumbas.<\/p>\n<p><strong>Alveja <\/strong>dzi\u013ci mitrina \u0101du un nov\u0113r&scaron; t\u0101s at\u016bde\u0146o&scaron;anos, uzturot optim\u0101lu mitruma daudzumu epidermas sl\u0101\u0146os, stimul\u0113 kolag\u0113na un hialuronsk\u0101bes ra\u017eo&scaron;anu, lai \u0101da ilg\u0101k saglab\u0101tos tvirta un gluda &ndash; bez krunci\u0146\u0101m un &quot;riev\u0101m&quot;. Turkl\u0101t alveja ir pirm\u0101s klases antioksidants, kas nov\u0113r&scaron; oksid\u0101cijas procesu &scaron;\u016bn\u0101s un pal\u0113nina to izn\u012bcin\u0101&scaron;anu. Pateicoties<strong> medum <\/strong>seruma sast\u0101v\u0101, \u0101da k\u013c\u016bst gai&scaron;\u0101ka, att\u012br\u012bta un atjaunota, tas pal\u012bdz izl\u012bdzin\u0101t s\u012bk\u0101s krunci\u0146as.<\/p>\n<p><strong>Lieto&scaron;anas veids:&nbsp;<\/strong><br \/>\n1. Iz\u0146emiet masku no iepakojuma un uzkl\u0101jiet to uz iepriek&scaron; att\u012br\u012btas sejas, maigi izl\u012bdzinot ar pirkstu galiem.<br \/>\n2. Turiet masku uz \u0101das 15-20 min\u016btes.<br \/>\n3. P\u0101r\u0113jo emulsijas da\u013cu iemas\u0113jiet \u0101d\u0101. Neskalojiet. Ja nepiecie&scaron;ams, no\u0146emiet atliku&scaron;o emulsiju ar vates tamponu.<br \/>\nLab\u0101kam rezult\u0101tam masku ieteicams lietot 2-3 reizes ned\u0113\u013c\u0101. Maska paredz\u0113ta vienai lieto&scaron;anai. Masku ieteicams lietot uzreiz p\u0113c iepakojuma atv\u0113r&scaron;anas.&nbsp;<\/p>\n<p><strong>Uzman\u012bbu: <\/strong>pirms lieto&scaron;anas maska ir j\u0101p\u0101rbauda uz neliela \u0101das laukuma. Ja tiek konstat\u0113ta aler\u0123iska reakcija, p\u0101rtrauciet lieto&scaron;anu. Tikai \u0101r\u012bgai lieto&scaron;anai.<\/p>\n<p><strong>Kontrindik\u0101cijas:<\/strong> individu\u0101la neieciet\u012bba pret maskas sast\u0101vda\u013c\u0101m. Uzglab\u0101t temperat\u016br\u0101 no +5&deg;C l\u012bdz +25&deg;C un relat\u012bvaj\u0101 mitrum\u0101 55-70% viet\u0101 aizsarg\u0101t\u0101 no tie&scaron;iem saules stariem vismaz viena metra att\u0101lum\u0101 no augstas temperat\u016bras avotiem.<\/p>\n","protected":false},"excerpt":{"rendered":"<p>AUDUMA MASKA &quot;ALVEJA-MEDUS&quot; satur maigu g\u0113la emulsiju, kas att\u012bra, dzi\u013ci mitrina un atsvaidzina, nov\u0113r&scaron; oksid\u0101cijas procesus &scaron;\u016bn\u0101s un pal\u0113nina to izn\u012bcin\u0101&scaron;anu, pal\u012bdz izl\u012bdzin\u0101t grumbas. Alveja dzi\u013ci mitrina \u0101du un nov\u0113r&scaron; t\u0101s at\u016bde\u0146o&scaron;anos, uzturot optim\u0101lu mitruma daudzumu epidermas sl\u0101\u0146os, stimul\u0113 kolag\u0113na un hialuronsk\u0101bes ra\u017eo&scaron;anu, lai \u0101da ilg\u0101k saglab\u0101tos tvirta un gluda &ndash; bez krunci\u0146\u0101m un &quot;riev\u0101m&quot;. [&#8230;]\n","protected":false},"featured_media":86950,"template":"","meta":[],"product_cat":[1999],"product_tag":[],"class_list":{"0":"post-37588","1":"product","2":"type-product","3":"status-publish","4":"has-post-thumbnail","6":"product_brand-naturpro_ua","7":"product_cat-bez-kategorijas","9":"first","10":"instock","11":"taxable","12":"shipping-taxable","13":"product-type-simple"},"_links":{"self":[{"href":"https:\/\/e.kosmolat.eu\/lv\/wp-json\/wp\/v2\/product\/37588","targetHints":{"allow":["GET"]}}],"collection":[{"href":"https:\/\/e.kosmolat.eu\/lv\/wp-json\/wp\/v2\/product"}],"about":[{"href":"https:\/\/e.kosmolat.eu\/lv\/wp-json\/wp\/v2\/types\/product"}],"wp:featuredmedia":[{"embeddable":true,"href":"https:\/\/e.kosmolat.eu\/lv\/wp-json\/wp\/v2\/media\/86950"}],"wp:attachment":[{"href":"https:\/\/e.kosmolat.eu\/lv\/wp-json\/wp\/v2\/media?parent=37588"}],"wp:term":[{"taxonomy":"product_cat","embeddable":true,"href":"https:\/\/e.kosmolat.eu\/lv\/wp-json\/wp\/v2\/product_cat?post=37588"},{"taxonomy":"product_tag","embeddable":true,"href":"https:\/\/e.kosmolat.eu\/lv\/wp-json\/wp\/v2\/product_tag?post=37588"}],"curies":[{"name":"wp","href":"https:\/\/api.w.org\/{rel}","templated":true}]}}