{"id":37584,"date":"2023-12-22T20:02:13","date_gmt":"2023-12-22T20:02:13","guid":{"rendered":"https:\/\/e.kosmolat.eu\/product\/bd-auduma-maska-banans-piens-25-ml\/"},"modified":"2026-03-31T06:22:19","modified_gmt":"2026-03-31T06:22:19","slug":"bd-auduma-maska-banans-piens-25-ml","status":"publish","type":"product","link":"https:\/\/e.kosmolat.eu\/lv\/product\/bd-auduma-maska-banans-piens-25-ml\/","title":{"rendered":"BD Auduma maska &#8220;BAN\u0100NS-PIENS&#8221;, 25 ml"},"content":{"rendered":"<p><strong>AUDUMA MASKA &quot;BAN\u0100NS-PIENS&quot; <\/strong>satur maigu piena-ban\u0101nu emulsiju, kas veicina &scaron;\u016bnu vielmai\u0146as normaliz\u0113&scaron;anos, baro un mitrina \u0101du, saglab\u0101jot t\u0101s tvirtumu un elast\u012bbu.<br \/>\n<strong>Ban\u0101nos <\/strong>ir daudz noder\u012bgu vielu: kalcija, dzelzs, fosfora, C vitam\u012bna, beta karot\u012bna, vitam\u012bnu B1, B2, B5, PP un E savienojumus. K\u0101lijs ir atbild\u012bgs par bar\u012bbas vielu iek\u013c\u016b&scaron;anu &scaron;\u016bn\u0101s un toks\u012bnu izvad\u012b&scaron;anu; fosfors uzlabo \u0101das izskatu; B vitam\u012bni baro, mitrina un nomierina \u0101du; fitostiroli izl\u012bdzina mikroreljefu, samazina grumbi\u0146as. <strong>Piena prote\u012bniem<\/strong> ir izteikta m\u012bkstino&scaron;a un mitrino&scaron;a iedarb\u012bba, k\u0101 ar\u012b tie c\u012bn\u0101s pret \u0101das nel\u012bdzenumiem, tos m\u012bkstinot un izgaismojot.<\/p>\n<p><strong>Lieto&scaron;anas veids:&nbsp;<\/strong><br \/>\n1. Iz\u0146emiet masku no iepakojuma un uzkl\u0101jiet to uz iepriek&scaron; att\u012br\u012btas sejas, maigi izl\u012bdzinot ar pirkstu galiem.<br \/>\n2. Turiet masku uz \u0101das 15-20 min\u016btes.<br \/>\n3. P\u0101r\u0113jo emulsijas da\u013cu iemas\u0113jiet \u0101d\u0101. Neskalojiet. Ja nepiecie&scaron;ams, no\u0146emiet atliku&scaron;o emulsiju ar vates tamponu.<br \/>\nLab\u0101kam rezult\u0101tam masku ieteicams lietot 2-3 reizes ned\u0113\u013c\u0101. Maska paredz\u0113ta vienai lieto&scaron;anai. Masku ieteicams lietot uzreiz p\u0113c iepakojuma atv\u0113r&scaron;anas.<strong>&nbsp;<\/strong><\/p>\n<p><strong>Uzman\u012bbu: <\/strong>pirms lieto&scaron;anas maska ir j\u0101p\u0101rbauda uz neliela \u0101das laukuma. Ja tiek konstat\u0113ta aler\u0123iska reakcija, p\u0101rtrauciet lieto&scaron;anu. Tikai \u0101r\u012bgai lieto&scaron;anai.<\/p>\n<p><strong>Kontrindik\u0101cijas: <\/strong>individu\u0101la neieciet\u012bba pret maskas sast\u0101vda\u013c\u0101m. Uzglab\u0101t temperat\u016br\u0101 no +5&deg;C l\u012bdz +25&deg;C un relat\u012bvaj\u0101 mitrum\u0101 55-75% viet\u0101 aizsarg\u0101t\u0101 no tie&scaron;iem saules stariem vismaz viena metra att\u0101lum\u0101 no augstas temperat\u016bras avotiem.<\/p>\n","protected":false},"excerpt":{"rendered":"<p>AUDUMA MASKA &quot;BAN\u0100NS-PIENS&quot; satur maigu piena-ban\u0101nu emulsiju, kas veicina &scaron;\u016bnu vielmai\u0146as normaliz\u0113&scaron;anos, baro un mitrina \u0101du, saglab\u0101jot t\u0101s tvirtumu un elast\u012bbu. Ban\u0101nos ir daudz noder\u012bgu vielu: kalcija, dzelzs, fosfora, C vitam\u012bna, beta karot\u012bna, vitam\u012bnu B1, B2, B5, PP un E savienojumus. K\u0101lijs ir atbild\u012bgs par bar\u012bbas vielu iek\u013c\u016b&scaron;anu &scaron;\u016bn\u0101s un toks\u012bnu izvad\u012b&scaron;anu; fosfors uzlabo \u0101das [&#8230;]\n","protected":false},"featured_media":86946,"template":"","meta":[],"product_cat":[1367],"product_tag":[],"class_list":{"0":"post-37584","1":"product","2":"type-product","3":"status-publish","4":"has-post-thumbnail","6":"product_brand-naturpro_ua","7":"product_cat-sejas-maskas","9":"first","10":"instock","11":"taxable","12":"shipping-taxable","13":"product-type-simple"},"_links":{"self":[{"href":"https:\/\/e.kosmolat.eu\/lv\/wp-json\/wp\/v2\/product\/37584","targetHints":{"allow":["GET"]}}],"collection":[{"href":"https:\/\/e.kosmolat.eu\/lv\/wp-json\/wp\/v2\/product"}],"about":[{"href":"https:\/\/e.kosmolat.eu\/lv\/wp-json\/wp\/v2\/types\/product"}],"wp:featuredmedia":[{"embeddable":true,"href":"https:\/\/e.kosmolat.eu\/lv\/wp-json\/wp\/v2\/media\/86946"}],"wp:attachment":[{"href":"https:\/\/e.kosmolat.eu\/lv\/wp-json\/wp\/v2\/media?parent=37584"}],"wp:term":[{"taxonomy":"product_cat","embeddable":true,"href":"https:\/\/e.kosmolat.eu\/lv\/wp-json\/wp\/v2\/product_cat?post=37584"},{"taxonomy":"product_tag","embeddable":true,"href":"https:\/\/e.kosmolat.eu\/lv\/wp-json\/wp\/v2\/product_tag?post=37584"}],"curies":[{"name":"wp","href":"https:\/\/api.w.org\/{rel}","templated":true}]}}