{"id":37580,"date":"2023-12-22T20:01:43","date_gmt":"2023-12-22T20:01:43","guid":{"rendered":"https:\/\/e.kosmolat.eu\/product\/bd-auduma-maska-ogu-smutijs-25-ml\/"},"modified":"2026-04-23T09:20:28","modified_gmt":"2026-04-23T09:20:28","slug":"bd-auduma-maska-ogu-smutijs-25-ml","status":"publish","type":"product","link":"https:\/\/e.kosmolat.eu\/lv\/product\/bd-auduma-maska-ogu-smutijs-25-ml\/","title":{"rendered":"BD Auduma maska &#8220;OGU SM\u016aTIJS&#8221;, 25 ml"},"content":{"rendered":"<p><strong>AUDUMA MASKA &quot; OGU SM\u016aTIJS&quot;<\/strong> ir \u012bsts vitam\u012bnu kokteilis, kas ide\u0101li baro \u0101du, pie&scaron;\u0137ir mirdzumu, uzlabo tekst\u016bru, toniz\u0113 un pie&scaron;\u0137ir elast\u012bbu.<\/p>\n<ul>\n<li>Ogu ekstrakti stimul\u0113 \u0101das atjauno&scaron;anos un kolag\u0113na ra\u017eo&scaron;anu, pal\u012bdz izl\u012bdzin\u0101t grumbas un c\u012bn\u012bties ar noveco&scaron;an\u0101s paz\u012bm\u0113m; toniz\u0113 un pies\u0101tina \u0101du ar vitam\u012bniem A, PP, B, C, E, K.<\/li>\n<li>Zeme\u0146u ekstrakts att\u012bra taukainu \u0101du, pal\u012bdz sa&scaron;aurin\u0101t papla&scaron;in\u0101t\u0101s poras, c\u012bn\u0101s ar nepiln\u012bb\u0101m un tam piem\u012bt balino&scaron;s efekts.<\/li>\n<li>Melle\u0146u ekstrakts ir antioksidantu avots, kas baro nov\u0101jin\u0101tu, saspringtu \u0101du.<\/li>\n<li>Kaze\u0146u ekstrakts atsvaidzina \u0101du, nov\u0113r&scaron; pel\u0113ko toni, noloba atmiru&scaron;\u0101s &scaron;\u016bnas un atjauno \u0101das mirdzo&scaron;u izskatu.<\/li>\n<\/ul>\n<p><strong>Lieto&scaron;anas veids:&nbsp;<\/strong><br \/>\n1. Iz\u0146emiet masku no iepakojuma un uzkl\u0101jiet to uz iepriek&scaron; att\u012br\u012btas sejas, maigi izl\u012bdzinot ar pirkstu galiem.<br \/>\n2. Turiet masku uz \u0101das 15-20 min\u016btes.<br \/>\n3. P\u0101r\u0113jo emulsijas da\u013cu iemas\u0113jiet \u0101d\u0101. Neskalojiet. Ja nepiecie&scaron;ams, no\u0146emiet atliku&scaron;o emulsiju ar vates tamponu.<br \/>\nLab\u0101kam rezult\u0101tam masku ieteicams lietot 2-3 reizes ned\u0113\u013c\u0101. Maska paredz\u0113ta vienai lieto&scaron;anai. Masku ieteicams lietot uzreiz p\u0113c iepakojuma atv\u0113r&scaron;anas.<strong>&nbsp;<\/strong><\/p>\n<p><strong>Uzman\u012bbu: <\/strong>pirms lieto&scaron;anas maska ir j\u0101p\u0101rbauda uz neliela \u0101das laukuma. Ja tiek konstat\u0113ta aler\u0123iska reakcija, p\u0101rtrauciet lieto&scaron;anu. Tikai \u0101r\u012bgai lieto&scaron;anai.<\/p>\n<p><strong>Kontrindik\u0101cijas: <\/strong>individu\u0101la neieciet\u012bba pret maskas sast\u0101vda\u013c\u0101m. Uzglab\u0101t temperat\u016br\u0101 no +5&deg;C l\u012bdz +25&deg;C un relat\u012bvaj\u0101 mitrum\u0101 55-70% viet\u0101 aizsarg\u0101t\u0101 no tie&scaron;iem saules stariem vismaz viena metra att\u0101lum\u0101 no augstas temperat\u016bras avotiem.<\/p>\n","protected":false},"excerpt":{"rendered":"<p>AUDUMA MASKA &quot; OGU SM\u016aTIJS&quot; ir \u012bsts vitam\u012bnu kokteilis, kas ide\u0101li baro \u0101du, pie&scaron;\u0137ir mirdzumu, uzlabo tekst\u016bru, toniz\u0113 un pie&scaron;\u0137ir elast\u012bbu. Ogu ekstrakti stimul\u0113 \u0101das atjauno&scaron;anos un kolag\u0113na ra\u017eo&scaron;anu, pal\u012bdz izl\u012bdzin\u0101t grumbas un c\u012bn\u012bties ar noveco&scaron;an\u0101s paz\u012bm\u0113m; toniz\u0113 un pies\u0101tina \u0101du ar vitam\u012bniem A, PP, B, C, E, K. Zeme\u0146u ekstrakts att\u012bra taukainu \u0101du, pal\u012bdz [&#8230;]\n","protected":false},"featured_media":86942,"template":"","meta":[],"product_cat":[1999],"product_tag":[],"class_list":{"0":"post-37580","1":"product","2":"type-product","3":"status-publish","4":"has-post-thumbnail","6":"product_brand-naturpro_ua","7":"product_cat-bez-kategorijas","9":"first","10":"instock","11":"taxable","12":"shipping-taxable","13":"product-type-simple"},"_links":{"self":[{"href":"https:\/\/e.kosmolat.eu\/lv\/wp-json\/wp\/v2\/product\/37580","targetHints":{"allow":["GET"]}}],"collection":[{"href":"https:\/\/e.kosmolat.eu\/lv\/wp-json\/wp\/v2\/product"}],"about":[{"href":"https:\/\/e.kosmolat.eu\/lv\/wp-json\/wp\/v2\/types\/product"}],"wp:featuredmedia":[{"embeddable":true,"href":"https:\/\/e.kosmolat.eu\/lv\/wp-json\/wp\/v2\/media\/86942"}],"wp:attachment":[{"href":"https:\/\/e.kosmolat.eu\/lv\/wp-json\/wp\/v2\/media?parent=37580"}],"wp:term":[{"taxonomy":"product_cat","embeddable":true,"href":"https:\/\/e.kosmolat.eu\/lv\/wp-json\/wp\/v2\/product_cat?post=37580"},{"taxonomy":"product_tag","embeddable":true,"href":"https:\/\/e.kosmolat.eu\/lv\/wp-json\/wp\/v2\/product_tag?post=37580"}],"curies":[{"name":"wp","href":"https:\/\/api.w.org\/{rel}","templated":true}]}}