{"id":37576,"date":"2023-12-22T20:01:12","date_gmt":"2023-12-22T20:01:12","guid":{"rendered":"https:\/\/e.kosmolat.eu\/product\/ec-auduma-maska-intensiva-mitrinasana-25-ml\/"},"modified":"2026-04-16T06:51:20","modified_gmt":"2026-04-16T06:51:20","slug":"ec-auduma-maska-intensiva-mitrinasana-25-ml","status":"publish","type":"product","link":"https:\/\/e.kosmolat.eu\/lv\/product\/ec-auduma-maska-intensiva-mitrinasana-25-ml\/","title":{"rendered":"EC Auduma maska &#8220;Intens\u012bv\u0101 mitrin\u0101\u0161ana&#8221;, 25 ml"},"content":{"rendered":"<p><strong>Auduma maska &ldquo;Intens\u012bv\u0101 mitrin\u0101&scaron;ana&rdquo;<\/strong>. L\u012bdzsvarota melna auduma maska ar Aloe Vera lapu sulu, keram\u012bdu kompleksu un bambusa og\u013cu ekstraktu veicina dzi\u013cu \u0101das att\u012br\u012b&scaron;anu, piepild\u012b&scaron;anu un mitrin\u0101&scaron;anu.<br \/>\n<strong>Aloe Vera lapu sula<\/strong> toniz\u0113 sejas \u0101du, sniedzot svaiguma un t\u012br\u012bbas saj\u016btu.<br \/>\n<strong>Keram\u012bdu komplekss<\/strong> pal\u012bdz atjaunot un uztur\u0113t epidermas aizsargfunkciju un saglab\u0101t mitrumu \u0101d\u0101.<br \/>\n<strong>Bambusa og\u013cu ekstrakts<\/strong> absorb\u0113 net\u012brumus, att\u012bra poras, atst\u0101jot \u0101du mitrin\u0101tu un atsvaidzin\u0101tu.<\/p>\n<p><strong>Lieto&scaron;anas veids:&nbsp;<\/strong><br \/>\n1. Iz\u0146emiet masku no iepakojuma un uzkl\u0101jiet to uz iepriek&scaron; att\u012br\u012btas sejas, maigi izl\u012bdzinot ar pirkstu galiem.<br \/>\n2. Turiet masku uz \u0101das 15-20 min\u016btes.<br \/>\n3. P\u0101r\u0113jo emulsijas da\u013cu iemas\u0113jiet \u0101d\u0101. Neskalojiet. Ja nepiecie&scaron;ams, no\u0146emiet atliku&scaron;o emulsiju ar vates disku.<\/p>\n<p><strong>Uzman\u012bbu:<\/strong> neizmantojiet auduma masku divreiz! Ieteicams lietot 1-2 reizes ned\u0113\u013c\u0101. Pirms lieto&scaron;anas maska ir j\u0101p\u0101rbauda uz neliela \u0101das laukuma. Ja tiek konstat\u0113ta aler\u0123iska reakcija, p\u0101rtrauciet lieto&scaron;anu. Tikai \u0101r\u012bgai lieto&scaron;anai. Masku ieteicams lietot uzreiz p\u0113c iepakojuma atv\u0113r&scaron;anas. Ja nok\u013c\u016bst ac\u012bs, r\u016bp\u012bgi izskalojiet ar lielu daudzumu teko&scaron;a \u016bdens.<\/p>\n<p><strong>Kontrindik\u0101cijas:<\/strong> individu\u0101la neieciet\u012bba pret maskas sast\u0101vda\u013c\u0101m. Uzglab\u0101t temperat\u016br\u0101 no +5&deg;C l\u012bdz +25&deg;C un relat\u012bvaj\u0101 mitrum\u0101 55-70% viet\u0101 aizsarg\u0101t\u0101 no tie&scaron;iem saules stariem vismaz viena metra att\u0101lum\u0101 no augstas temperat\u016bras avotiem.<br \/>\n&nbsp;<\/p>\n","protected":false},"excerpt":{"rendered":"<p>Auduma maska &ldquo;Intens\u012bv\u0101 mitrin\u0101&scaron;ana&rdquo;. L\u012bdzsvarota melna auduma maska ar Aloe Vera lapu sulu, keram\u012bdu kompleksu un bambusa og\u013cu ekstraktu veicina dzi\u013cu \u0101das att\u012br\u012b&scaron;anu, piepild\u012b&scaron;anu un mitrin\u0101&scaron;anu. Aloe Vera lapu sula toniz\u0113 sejas \u0101du, sniedzot svaiguma un t\u012br\u012bbas saj\u016btu. Keram\u012bdu komplekss pal\u012bdz atjaunot un uztur\u0113t epidermas aizsargfunkciju un saglab\u0101t mitrumu \u0101d\u0101. Bambusa og\u013cu ekstrakts absorb\u0113 net\u012brumus, [&#8230;]\n","protected":false},"featured_media":86938,"template":"","meta":[],"product_cat":[1999],"product_tag":[],"class_list":{"0":"post-37576","1":"product","2":"type-product","3":"status-publish","4":"has-post-thumbnail","6":"product_brand-naturpro_ua","7":"product_cat-bez-kategorijas","9":"first","10":"instock","11":"taxable","12":"shipping-taxable","13":"product-type-simple"},"_links":{"self":[{"href":"https:\/\/e.kosmolat.eu\/lv\/wp-json\/wp\/v2\/product\/37576","targetHints":{"allow":["GET"]}}],"collection":[{"href":"https:\/\/e.kosmolat.eu\/lv\/wp-json\/wp\/v2\/product"}],"about":[{"href":"https:\/\/e.kosmolat.eu\/lv\/wp-json\/wp\/v2\/types\/product"}],"wp:featuredmedia":[{"embeddable":true,"href":"https:\/\/e.kosmolat.eu\/lv\/wp-json\/wp\/v2\/media\/86938"}],"wp:attachment":[{"href":"https:\/\/e.kosmolat.eu\/lv\/wp-json\/wp\/v2\/media?parent=37576"}],"wp:term":[{"taxonomy":"product_cat","embeddable":true,"href":"https:\/\/e.kosmolat.eu\/lv\/wp-json\/wp\/v2\/product_cat?post=37576"},{"taxonomy":"product_tag","embeddable":true,"href":"https:\/\/e.kosmolat.eu\/lv\/wp-json\/wp\/v2\/product_tag?post=37576"}],"curies":[{"name":"wp","href":"https:\/\/api.w.org\/{rel}","templated":true}]}}