{"id":37572,"date":"2023-12-22T20:00:47","date_gmt":"2023-12-22T20:00:47","guid":{"rendered":"https:\/\/e.kosmolat.eu\/product\/ec-intensiva-auduma-sejas-maska-mangosteen-hyaluronic-acid-25-ml\/"},"modified":"2026-04-22T07:45:24","modified_gmt":"2026-04-22T07:45:24","slug":"ec-intensiva-auduma-sejas-maska-mangosteen-hyaluronic-acid-25-ml","status":"publish","type":"product","link":"https:\/\/e.kosmolat.eu\/lv\/product\/ec-intensiva-auduma-sejas-maska-mangosteen-hyaluronic-acid-25-ml\/","title":{"rendered":"EC Intens\u012bva auduma sejas maska Mangosteen &#038; Hyaluronic Acid, 25 ml"},"content":{"rendered":"<p>Intens\u012bva auduma sejas maska Mangosteen &amp; Hyaluronic Acid mitrina \u0101du un pal\u012bdz c\u012bn\u012bties ar \u0101das noguruma paz\u012bm\u0113m.<\/p>\n<p><strong>Lieto\u0161ana:<\/strong> 1. Iz\u0146emiet masku no iepakojuma un uzkl\u0101jiet to uz att\u012br\u012btas sejas \u0101das, sak\u0101rtojot to. 2. P\u0113c 15-20 min\u016bt\u0113m no\u0146emiet masku. 3. Emulsijas paliekas iemas\u0113jiet \u0101d\u0101.<\/p>\n<p><strong>Uzman\u012bbu: <\/strong>Nelietot auduma masku vair\u0101kk\u0101rt\u012bgi!&nbsp; Ieteicams lietot 1-2 reizes ned\u0113\u013ca. Pirms lieto\u0161anas maska ir j\u0101p\u0101rbauda uz neliela \u0101das laukuma. Ja rodas aler\u0123iska reakcija, p\u0101rtrauciet lieto\u0161anu. Tikai \u0101r\u012bgai lieto\u0161anai. Masku ieteicams lietot uzreiz p\u0113c iepakojuma atv\u0113r\u0161anas. Ja iek\u013c\u016bst ac\u012bs, r\u016bp\u012bgi izskalojiet ar lielu daudzumu teko\u0161a \u016bdens.<\/p>\n<p><strong>Kontrindik\u0101cijas:<\/strong> individu\u0101la nepanes\u012bba pret maskas sast\u0101vda\u013c\u0101m.<\/p>\n<p>Uzglab\u0101t temperat\u016br\u0101 no +5&deg;C l\u012bdz +25&deg;C un relat\u012bvaj\u0101 mitrum\u0101 55-70%, sarg\u0101jot no tie\u0161iem saules stariem, ne tuv\u0101k par vienu metru no siltuma avotiem.&nbsp;<\/p>\n","protected":false},"excerpt":{"rendered":"<p>Intens\u012bva auduma sejas maska Mangosteen &amp; Hyaluronic Acid mitrina \u0101du un pal\u012bdz c\u012bn\u012bties ar \u0101das noguruma paz\u012bm\u0113m. Lieto\u0161ana: 1. Iz\u0146emiet masku no iepakojuma un uzkl\u0101jiet to uz att\u012br\u012btas sejas \u0101das, sak\u0101rtojot to. 2. P\u0113c 15-20 min\u016bt\u0113m no\u0146emiet masku. 3. Emulsijas paliekas iemas\u0113jiet \u0101d\u0101. Uzman\u012bbu: Nelietot auduma masku vair\u0101kk\u0101rt\u012bgi!&nbsp; Ieteicams lietot 1-2 reizes ned\u0113\u013ca. Pirms lieto\u0161anas [&#8230;]\n","protected":false},"featured_media":86934,"template":"","meta":[],"product_cat":[1999],"product_tag":[],"class_list":{"0":"post-37572","1":"product","2":"type-product","3":"status-publish","4":"has-post-thumbnail","6":"product_brand-naturpro_ua","7":"product_cat-bez-kategorijas","9":"first","10":"instock","11":"taxable","12":"shipping-taxable","13":"product-type-simple"},"_links":{"self":[{"href":"https:\/\/e.kosmolat.eu\/lv\/wp-json\/wp\/v2\/product\/37572","targetHints":{"allow":["GET"]}}],"collection":[{"href":"https:\/\/e.kosmolat.eu\/lv\/wp-json\/wp\/v2\/product"}],"about":[{"href":"https:\/\/e.kosmolat.eu\/lv\/wp-json\/wp\/v2\/types\/product"}],"wp:featuredmedia":[{"embeddable":true,"href":"https:\/\/e.kosmolat.eu\/lv\/wp-json\/wp\/v2\/media\/86934"}],"wp:attachment":[{"href":"https:\/\/e.kosmolat.eu\/lv\/wp-json\/wp\/v2\/media?parent=37572"}],"wp:term":[{"taxonomy":"product_cat","embeddable":true,"href":"https:\/\/e.kosmolat.eu\/lv\/wp-json\/wp\/v2\/product_cat?post=37572"},{"taxonomy":"product_tag","embeddable":true,"href":"https:\/\/e.kosmolat.eu\/lv\/wp-json\/wp\/v2\/product_tag?post=37572"}],"curies":[{"name":"wp","href":"https:\/\/api.w.org\/{rel}","templated":true}]}}