{"id":37568,"date":"2023-12-22T20:00:16","date_gmt":"2023-12-22T20:00:16","guid":{"rendered":"https:\/\/e.kosmolat.eu\/product\/ec-intensiva-auduma-sejas-maska-snail-mucincollagen-25-ml\/"},"modified":"2026-04-23T07:17:39","modified_gmt":"2026-04-23T07:17:39","slug":"ec-intensiva-auduma-sejas-maska-snail-mucincollagen-25-ml","status":"publish","type":"product","link":"https:\/\/e.kosmolat.eu\/lv\/product\/ec-intensiva-auduma-sejas-maska-snail-mucincollagen-25-ml\/","title":{"rendered":"EC Intens\u012bv\u0101 auduma sejas maska &#8220;Snail mucin&#038;Collagen&#8221;, 25 ml"},"content":{"rendered":"<p>Intens\u012bv\u0101 auduma sejas maska &ldquo;Snail mucin&amp;Collagen&rdquo; mitrina un nov\u0113r\u0161 ar vecumu saist\u012btas \u0101das izmai\u0146as.<\/p>\n<p><strong>Glieme\u017eu muc\u012bns<\/strong> pal\u012bdz veicin\u0101t epidermas turgora paaugstin\u0101\u0161anos un grumbu skaita un dzi\u013cuma samazin\u0101\u0161anos.<br \/>\n<strong>Hidroliz\u0113ts kolag\u0113ns<\/strong> stiprina epidermu, izl\u012bdzina tonusu un padara seju toniz\u0113tu un svaigu.<br \/>\n<strong>Hialuronsk\u0101be<\/strong> dzi\u013ci mitrina \u0101du, pal\u012bdz uzlabot \u0101das elast\u012bbu un veicina \u0161\u016bnu atjauno\u0161anos.<\/p>\n<p><strong>Lieto\u0161anas veids:&nbsp;<\/strong><br \/>\n1. Iz\u0146emiet masku no iepakojuma, uzkl\u0101jiet to uz iepriek\u0161 att\u012br\u012btas sejas \u0101das un izl\u012bdziniet.<br \/>\n2. No\u0146emiet masku p\u0113c 15-20 min\u016bt\u0113m.<br \/>\n3. Emulsijas paliekas iemas\u0113jiet \u0101d\u0101.&nbsp;<\/p>\n<p><strong>Uzman\u012bbu:<\/strong>&nbsp;Maska lietojama tikai vienu reizi! Ieteicams lietot 1-2 reizes ned\u0113\u013c\u0101. Pirms lieto\u0161anas maska ir j\u0101p\u0101rbauda uz neliela \u0101das laukuma. Ja trodas aler\u0123iska reakcija, p\u0101rtrauciet lieto\u0161anu. Tikai \u0101r\u012bgai lieto\u0161anai. Masku ieteicams lietot uzreiz p\u0113c iepakojuma atv\u0113r\u0161anas. Ja iek\u013c\u016bst ac\u012bs, r\u016bp\u012bgi izskalojiet ar lielu daudzumu teko\u0161a \u016bdens.<\/p>\n<p><strong>Kontrindik\u0101cijas:<\/strong> individu\u0101la jut\u012bba pret maskas sast\u0101vda\u013c\u0101m.<\/p>\n<p>Uzglab\u0101t temperat\u016br\u0101 no +5&deg;C l\u012bdz +25&deg;C un relat\u012bvaj\u0101 mitrum\u0101 55-70% viet\u0101 aizsarg\u0101t\u0101 no tie\u0161iem saules stariem vismaz viena metra att\u0101lum\u0101 no siltuma avotiem.<br \/>\n&nbsp;<\/p>\n","protected":false},"excerpt":{"rendered":"<p>Intens\u012bv\u0101 auduma sejas maska &ldquo;Snail mucin&amp;Collagen&rdquo; mitrina un nov\u0113r\u0161 ar vecumu saist\u012btas \u0101das izmai\u0146as. Glieme\u017eu muc\u012bns pal\u012bdz veicin\u0101t epidermas turgora paaugstin\u0101\u0161anos un grumbu skaita un dzi\u013cuma samazin\u0101\u0161anos. Hidroliz\u0113ts kolag\u0113ns stiprina epidermu, izl\u012bdzina tonusu un padara seju toniz\u0113tu un svaigu. Hialuronsk\u0101be dzi\u013ci mitrina \u0101du, pal\u012bdz uzlabot \u0101das elast\u012bbu un veicina \u0161\u016bnu atjauno\u0161anos. Lieto\u0161anas veids:&nbsp; 1. Iz\u0146emiet [&#8230;]\n","protected":false},"featured_media":86930,"template":"","meta":[],"product_cat":[1369],"product_tag":[],"class_list":{"0":"post-37568","1":"product","2":"type-product","3":"status-publish","4":"has-post-thumbnail","6":"product_brand-naturpro_ua","7":"product_cat-veido-kaukes","9":"first","10":"instock","11":"taxable","12":"shipping-taxable","13":"product-type-simple"},"_links":{"self":[{"href":"https:\/\/e.kosmolat.eu\/lv\/wp-json\/wp\/v2\/product\/37568","targetHints":{"allow":["GET"]}}],"collection":[{"href":"https:\/\/e.kosmolat.eu\/lv\/wp-json\/wp\/v2\/product"}],"about":[{"href":"https:\/\/e.kosmolat.eu\/lv\/wp-json\/wp\/v2\/types\/product"}],"wp:featuredmedia":[{"embeddable":true,"href":"https:\/\/e.kosmolat.eu\/lv\/wp-json\/wp\/v2\/media\/86930"}],"wp:attachment":[{"href":"https:\/\/e.kosmolat.eu\/lv\/wp-json\/wp\/v2\/media?parent=37568"}],"wp:term":[{"taxonomy":"product_cat","embeddable":true,"href":"https:\/\/e.kosmolat.eu\/lv\/wp-json\/wp\/v2\/product_cat?post=37568"},{"taxonomy":"product_tag","embeddable":true,"href":"https:\/\/e.kosmolat.eu\/lv\/wp-json\/wp\/v2\/product_tag?post=37568"}],"curies":[{"name":"wp","href":"https:\/\/api.w.org\/{rel}","templated":true}]}}