{"id":37564,"date":"2023-12-22T19:59:46","date_gmt":"2023-12-22T19:59:46","guid":{"rendered":"https:\/\/e.kosmolat.eu\/product\/bd-putu-auduma-maska-25-ml\/"},"modified":"2026-04-17T11:25:26","modified_gmt":"2026-04-17T11:25:26","slug":"bd-putu-auduma-maska-25-ml","status":"publish","type":"product","link":"https:\/\/e.kosmolat.eu\/lv\/product\/bd-putu-auduma-maska-25-ml\/","title":{"rendered":"BD Putu auduma maska, 25 ml"},"content":{"rendered":"<p><strong>PUTU AUDUMA MASKA <\/strong>uzreiz p\u0113c uzkl\u0101\u0161anas p\u0101rv\u0113r\u0161as par sk\u0101bekli saturo\u0161\u0101m put\u0101m. Maska veicina maigu mitrin\u0101\u0161anu, maigu baro\u0161anu, \u0161\u016bnu atjauno\u0161anos, \u0101das mikroreljefa izl\u012bdzin\u0101\u0161anu un sejas kr\u0101sas uzlabo\u0161anos. Pateicoties maskas serum\u0101 eso\u0161ajai<strong> AKTIV\u0112TAJAI OGLEI<\/strong>, kas pla\u0161i paz\u012bstama ar savu absorb\u0113jo\u0161o iedarb\u012bbu, t\u0101 efekt\u012bvi att\u012bra \u0101du un normaliz\u0113 tauku dziedzeru darb\u012bbu. Pal\u012bdz uzlabot problem\u0101tisk\u0101s \u0101das st\u0101vokli. <strong>HIALURONSK\u0100BE <\/strong>dzi\u013ci atjauno un mitrina epidermu, stimul\u0113 \u0101das atvese\u013co\u0161anas un atjauno\u0161an\u0101s procesus, kompens\u0113 mitruma defic\u012btu, ilgsto\u0161i nov\u0113r\u0161ot sausumu.<br \/>\n<strong>Ilgtermi\u0146a lieto\u0161anas rezult\u0101ti:<\/strong><br \/>\n&#8211; veicina poru izm\u0113ra samazin\u0101\u0161anos,<br \/>\n&#8211; veicina atmiru\u0161o \u0161\u016bnu nolob\u012b\u0161anos,<br \/>\n&#8211; uzlabo \u0101das elast\u012bbu,<br \/>\n&#8211; mitrina un atjauno to.<br \/>\n<strong>Lieto\u0161anas veids:<\/strong> iz\u0146emiet masku no iepakojuma un uzkl\u0101jiet to uz iepriek\u0161 att\u012br\u012btas sejas, maigi izl\u012bdzinot ar pirkstu galiem. Turiet masku uz \u0101das 15-20 min\u016btes. &Scaron;aj\u0101 laik\u0101 uz j\u016bsu sejas veidosies m\u012bkstas sk\u0101bek\u013ca putas. P\u0113c nor\u0101d\u012bt\u0101 laika no\u0146emiet masku un ar mas\u0101\u017eas kust\u012bb\u0101m noskalojiet atlikumus ar siltu \u016bdeni.<br \/>\n<strong>Uzman\u012bbu: <\/strong>pirms lieto\u0161anas maska ir j\u0101p\u0101rbauda uz neliela \u0101das laukuma. Ja tiek konstat\u0113ta aler\u0123iska reakcija, p\u0101rtrauciet lieto\u0161anu.&nbsp;<br \/>\n<strong>Kontrindik\u0101cijas: <\/strong>individu\u0101la neieciet\u012bba pret maskas sast\u0101vda\u013c\u0101m. Uzglab\u0101t temperat\u016br\u0101 no +5&deg;C l\u012bdz +25&deg;C un relat\u012bvaj\u0101 mitrum\u0101 55-70% viet\u0101 aizsarg\u0101t\u0101 no tie\u0161iem saules stariem vismaz viena metra att\u0101lum\u0101 no augstas temperat\u016bras avotiem.<\/p>\n","protected":false},"excerpt":{"rendered":"<p>PUTU AUDUMA MASKA uzreiz p\u0113c uzkl\u0101\u0161anas p\u0101rv\u0113r\u0161as par sk\u0101bekli saturo\u0161\u0101m put\u0101m. Maska veicina maigu mitrin\u0101\u0161anu, maigu baro\u0161anu, \u0161\u016bnu atjauno\u0161anos, \u0101das mikroreljefa izl\u012bdzin\u0101\u0161anu un sejas kr\u0101sas uzlabo\u0161anos. Pateicoties maskas serum\u0101 eso\u0161ajai AKTIV\u0112TAJAI OGLEI, kas pla\u0161i paz\u012bstama ar savu absorb\u0113jo\u0161o iedarb\u012bbu, t\u0101 efekt\u012bvi att\u012bra \u0101du un normaliz\u0113 tauku dziedzeru darb\u012bbu. Pal\u012bdz uzlabot problem\u0101tisk\u0101s \u0101das st\u0101vokli. HIALURONSK\u0100BE dzi\u013ci [&#8230;]\n","protected":false},"featured_media":86926,"template":"","meta":[],"product_cat":[1370],"product_tag":[],"class_list":{"0":"post-37564","1":"product","2":"type-product","3":"status-publish","4":"has-post-thumbnail","6":"product_brand-naturpro_ua","7":"product_cat-1370","9":"first","10":"instock","11":"taxable","12":"shipping-taxable","13":"product-type-simple"},"_links":{"self":[{"href":"https:\/\/e.kosmolat.eu\/lv\/wp-json\/wp\/v2\/product\/37564","targetHints":{"allow":["GET"]}}],"collection":[{"href":"https:\/\/e.kosmolat.eu\/lv\/wp-json\/wp\/v2\/product"}],"about":[{"href":"https:\/\/e.kosmolat.eu\/lv\/wp-json\/wp\/v2\/types\/product"}],"wp:featuredmedia":[{"embeddable":true,"href":"https:\/\/e.kosmolat.eu\/lv\/wp-json\/wp\/v2\/media\/86926"}],"wp:attachment":[{"href":"https:\/\/e.kosmolat.eu\/lv\/wp-json\/wp\/v2\/media?parent=37564"}],"wp:term":[{"taxonomy":"product_cat","embeddable":true,"href":"https:\/\/e.kosmolat.eu\/lv\/wp-json\/wp\/v2\/product_cat?post=37564"},{"taxonomy":"product_tag","embeddable":true,"href":"https:\/\/e.kosmolat.eu\/lv\/wp-json\/wp\/v2\/product_tag?post=37564"}],"curies":[{"name":"wp","href":"https:\/\/api.w.org\/{rel}","templated":true}]}}