{"id":37560,"date":"2023-12-22T19:59:21","date_gmt":"2023-12-22T19:59:21","guid":{"rendered":"https:\/\/e.kosmolat.eu\/product\/bd-putu-sejas-maska-mineral-bubble-7-ml\/"},"modified":"2026-04-23T07:17:21","modified_gmt":"2026-04-23T07:17:21","slug":"bd-putu-sejas-maska-mineral-bubble-7-ml","status":"publish","type":"product","link":"https:\/\/e.kosmolat.eu\/lv\/product\/bd-putu-sejas-maska-mineral-bubble-7-ml\/","title":{"rendered":"BD Putu sejas maska Mineral Bubble, 7 ml"},"content":{"rendered":"<p><strong>BEAUTYDERM Putu sejas maska Mineral Bubble. Miner\u0101la sk\u0101bek\u013ca maska ar hialuronsk\u0101bi<\/strong>, kas uzreiz p\u0113c uzkl\u0101\u0161anas p\u0101rv\u0113r\u0161as ar sk\u0101bekli bag\u0101tin\u0101t\u0101s put\u0101s. Maska veicina dzi\u013cu mitrin\u0101\u0161anu, maigu baro\u0161anu, \u0161\u016bnu atjauno\u0161anos, mikroreljefa izl\u012bdzin\u0101\u0161anu un sejas \u0101das uzlabo\u0161anos.<br \/>\n<strong>Lieto\u0161anas veids:<\/strong> uzkl\u0101jiet masku uz att\u012br\u012btas sejas \u0101das, p\u0113c 10-15 min\u016bt\u0113m noskalojiet.<br \/>\n<strong>Uzman\u012bbu:<\/strong> pirms lieto\u0161anas maska ir j\u0101p\u0101rbauda uz neliela \u0101das laukuma. Ja tiek konstat\u0113ta aler\u0123iska reakcija, p\u0101rtrauciet lieto\u0161anu.<br \/>\n<strong>Kontrindik\u0101cijas:<\/strong> individu\u0101la neieciet\u012bba pret maskas sast\u0101vda\u013c\u0101m. Uzglab\u0101t temperat\u016br\u0101 no +5&deg;C l\u012bdz +25&deg;C un relat\u012bvaj\u0101 mitrum\u0101 55-70% viet\u0101 aizsarg\u0101t\u0101 no tie\u0161iem saules stariem vismaz viena metra att\u0101lum\u0101 no augstas temperat\u016bras avotiem.<\/p>\n","protected":false},"excerpt":{"rendered":"<p>BEAUTYDERM Putu sejas maska Mineral Bubble. Miner\u0101la sk\u0101bek\u013ca maska ar hialuronsk\u0101bi, kas uzreiz p\u0113c uzkl\u0101\u0161anas p\u0101rv\u0113r\u0161as ar sk\u0101bekli bag\u0101tin\u0101t\u0101s put\u0101s. Maska veicina dzi\u013cu mitrin\u0101\u0161anu, maigu baro\u0161anu, \u0161\u016bnu atjauno\u0161anos, mikroreljefa izl\u012bdzin\u0101\u0161anu un sejas \u0101das uzlabo\u0161anos. Lieto\u0161anas veids: uzkl\u0101jiet masku uz att\u012br\u012btas sejas \u0101das, p\u0113c 10-15 min\u016bt\u0113m noskalojiet. Uzman\u012bbu: pirms lieto\u0161anas maska ir j\u0101p\u0101rbauda uz neliela \u0101das [&#8230;]\n","protected":false},"featured_media":86918,"template":"","meta":[],"product_cat":[1367],"product_tag":[],"class_list":{"0":"post-37560","1":"product","2":"type-product","3":"status-publish","4":"has-post-thumbnail","6":"product_brand-naturpro_ua","7":"product_cat-sejas-maskas","9":"first","10":"instock","11":"taxable","12":"shipping-taxable","13":"product-type-simple"},"_links":{"self":[{"href":"https:\/\/e.kosmolat.eu\/lv\/wp-json\/wp\/v2\/product\/37560","targetHints":{"allow":["GET"]}}],"collection":[{"href":"https:\/\/e.kosmolat.eu\/lv\/wp-json\/wp\/v2\/product"}],"about":[{"href":"https:\/\/e.kosmolat.eu\/lv\/wp-json\/wp\/v2\/types\/product"}],"wp:featuredmedia":[{"embeddable":true,"href":"https:\/\/e.kosmolat.eu\/lv\/wp-json\/wp\/v2\/media\/86918"}],"wp:attachment":[{"href":"https:\/\/e.kosmolat.eu\/lv\/wp-json\/wp\/v2\/media?parent=37560"}],"wp:term":[{"taxonomy":"product_cat","embeddable":true,"href":"https:\/\/e.kosmolat.eu\/lv\/wp-json\/wp\/v2\/product_cat?post=37560"},{"taxonomy":"product_tag","embeddable":true,"href":"https:\/\/e.kosmolat.eu\/lv\/wp-json\/wp\/v2\/product_tag?post=37560"}],"curies":[{"name":"wp","href":"https:\/\/api.w.org\/{rel}","templated":true}]}}