{"id":37556,"date":"2023-12-22T19:58:59","date_gmt":"2023-12-22T19:58:59","guid":{"rendered":"https:\/\/e.kosmolat.eu\/product\/bd-putu-sejas-maska-black-bubble-7-ml\/"},"modified":"2026-04-17T08:30:05","modified_gmt":"2026-04-17T08:30:05","slug":"bd-putu-sejas-maska-black-bubble-7-ml","status":"publish","type":"product","link":"https:\/\/e.kosmolat.eu\/lv\/product\/bd-putu-sejas-maska-black-bubble-7-ml\/","title":{"rendered":"BD Putu sejas maska Black Bubble, 7 ml"},"content":{"rendered":"<p><strong>BEAUTYDERM Putu sejas maska Black Bubble. Ogles sk\u0101bek\u013ca maska<\/strong>, kas uzreiz p\u0113c uzkl\u0101\u0161anas p\u0101rv\u0113r\u0161as ar sk\u0101bekli bag\u0101tin\u0101t\u0101s put\u0101s. Maska veicina maigu att\u012br\u012b\u0161anu, sejas \u0101das \u0161\u016bnu atjauno\u0161anos, \u0101das mikroreljefa izl\u012bdzin\u0101\u0161anu, kr\u0101sas uzlabo\u0161anu. Maskas tekst\u016bra un darb\u012bbas meh\u0101nisms pal\u012bdz samazin\u0101t poru izm\u0113ru, nolob\u012bt atmiru\u0161\u0101s \u0101das \u0161\u016bnas, t\u0101d\u0113j\u0101di atvieglojot \u0161\u016bnu elpo\u0161anu, palielina \u0101das elast\u012bbu un atjauno to.<br \/>\n<strong>Lieto\u0161anas veids:<\/strong> uzkl\u0101jiet masku uz att\u012br\u012btas sejas \u0101das, p\u0113c 10-15 min\u016bt\u0113m noskalojiet.<br \/>\n<strong>Uzman\u012bbu:<\/strong> pirms lieto\u0161anas maska ir j\u0101p\u0101rbauda uz neliela \u0101das laukuma. Ja tiek konstat\u0113ta aler\u0123iska reakcija, p\u0101rtrauciet lieto\u0161anu.<br \/>\n<strong>Kontrindik\u0101cijas:<\/strong> individu\u0101la neieciet\u012bba pret maskas sast\u0101vda\u013c\u0101m. Uzglab\u0101t temperat\u016br\u0101 no +5&deg;C l\u012bdz +25&deg;C un relat\u012bvaj\u0101 mitrum\u0101 55-70% viet\u0101 aizsarg\u0101t\u0101 no tie\u0161iem saules stariem vismaz viena metra att\u0101lum\u0101 no augstas temperat\u016bras avotiem.<\/p>\n","protected":false},"excerpt":{"rendered":"<p>BEAUTYDERM Putu sejas maska Black Bubble. Ogles sk\u0101bek\u013ca maska, kas uzreiz p\u0113c uzkl\u0101\u0161anas p\u0101rv\u0113r\u0161as ar sk\u0101bekli bag\u0101tin\u0101t\u0101s put\u0101s. Maska veicina maigu att\u012br\u012b\u0161anu, sejas \u0101das \u0161\u016bnu atjauno\u0161anos, \u0101das mikroreljefa izl\u012bdzin\u0101\u0161anu, kr\u0101sas uzlabo\u0161anu. Maskas tekst\u016bra un darb\u012bbas meh\u0101nisms pal\u012bdz samazin\u0101t poru izm\u0113ru, nolob\u012bt atmiru\u0161\u0101s \u0101das \u0161\u016bnas, t\u0101d\u0113j\u0101di atvieglojot \u0161\u016bnu elpo\u0161anu, palielina \u0101das elast\u012bbu un atjauno to. Lieto\u0161anas [&#8230;]\n","protected":false},"featured_media":86914,"template":"","meta":[],"product_cat":[1999],"product_tag":[],"class_list":{"0":"post-37556","1":"product","2":"type-product","3":"status-publish","4":"has-post-thumbnail","6":"product_brand-naturpro_ua","7":"product_cat-bez-kategorijas","9":"first","10":"instock","11":"taxable","12":"shipping-taxable","13":"product-type-simple"},"_links":{"self":[{"href":"https:\/\/e.kosmolat.eu\/lv\/wp-json\/wp\/v2\/product\/37556","targetHints":{"allow":["GET"]}}],"collection":[{"href":"https:\/\/e.kosmolat.eu\/lv\/wp-json\/wp\/v2\/product"}],"about":[{"href":"https:\/\/e.kosmolat.eu\/lv\/wp-json\/wp\/v2\/types\/product"}],"wp:featuredmedia":[{"embeddable":true,"href":"https:\/\/e.kosmolat.eu\/lv\/wp-json\/wp\/v2\/media\/86914"}],"wp:attachment":[{"href":"https:\/\/e.kosmolat.eu\/lv\/wp-json\/wp\/v2\/media?parent=37556"}],"wp:term":[{"taxonomy":"product_cat","embeddable":true,"href":"https:\/\/e.kosmolat.eu\/lv\/wp-json\/wp\/v2\/product_cat?post=37556"},{"taxonomy":"product_tag","embeddable":true,"href":"https:\/\/e.kosmolat.eu\/lv\/wp-json\/wp\/v2\/product_tag?post=37556"}],"curies":[{"name":"wp","href":"https:\/\/api.w.org\/{rel}","templated":true}]}}