{"id":37548,"date":"2023-12-22T19:57:57","date_gmt":"2023-12-22T19:57:57","guid":{"rendered":"https:\/\/e.kosmolat.eu\/product\/bd-alginata-maska-hyaluron-active-20-g\/"},"modified":"2026-04-09T14:01:45","modified_gmt":"2026-04-09T14:01:45","slug":"bd-alginata-maska-hyaluron-active-20-g","status":"publish","type":"product","link":"https:\/\/e.kosmolat.eu\/lv\/product\/bd-alginata-maska-hyaluron-active-20-g\/","title":{"rendered":"BD Algin\u0101ta maska \u201cHyaluron Active\u201d, 20 g"},"content":{"rendered":"<p><strong>Hialuronsk\u0101be<\/strong> ir dabiska cilv\u0113ka \u0101das sast\u0101vda\u013ca, ko organisms labi panes, neizraisot aler\u0123iju un atgr\u016b&scaron;anu. T\u0101 atgrie\u017e \u0101dai skaistumu un jaun\u012bbu un ir dro&scaron;\u0101kais l\u012bdzeklis kont\u016bru veido&scaron;anai.<br \/>\n<strong>Kolag\u0113ns<\/strong> ir dabisks \u0101d\u0101 atrodams prote\u012bns, kas uztur dabisko elast\u012bbas l\u012bmeni un uzlabo \u0101das tekst\u016bru.<br \/>\n<strong>Zil\u0101 lotosa ekstrakts<\/strong>, kas ir iek\u013cauts algin\u0101ta maskas pamat\u0101, pateicoties flavono\u012bdu saturam, sp\u0113j pal\u0113nin\u0101t noveco&scaron;an\u0101s procesus, kas saist\u012bti ar glikozes metabolismu &scaron;\u016bnu l\u012bmen\u012b.<\/p>\n<p><strong>Lieto&scaron;ana:&nbsp;<\/strong><br \/>\n1.&nbsp;Sajauciet 20 g saus\u0101 pulvera ar 60 ml auksta \u016bdens (20-25&deg;C), attiec\u012bb\u0101 1:3.&nbsp;<br \/>\n2. R\u016bp\u012bgi samaisiet l\u012bdz izveidojas viendab\u012bga masa.<br \/>\n3. Uzkl\u0101jiet masku uz att\u012br\u012btas sejas \u0101das ar 3-5 mm biezu sl\u0101ni.<br \/>\n4. Varat to uzkl\u0101t uz visas sejas, ieskaitot l\u016bpas un plaksti\u0146us.<br \/>\n5. P\u0113c 5-7 min. MASKA IZVEIDO BL\u012aVU ELAST\u012aGU PL\u0112VI.<br \/>\n6. No\u0146emiet to p\u0113c 15-20 min. ar vienu sl\u0101ni NO APAK&Scaron;AS UZ AUG&Scaron;U.<br \/>\nLai ieg\u016btu vislab\u0101ko efektu, lietojiet masku regul\u0101ri (2-3 reizes ned\u0113\u013c\u0101).<\/p>\n<p><strong>Uzman\u012bbu:<\/strong> pirms lieto&scaron;anas maska ir j\u0101p\u0101rbauda uz neliela \u0101das laukuma. Ja tiek konstat\u0113ta aler\u0123iska reakcija, p\u0101rtrauciet lieto&scaron;anu. L\u012bdzeklis ir paredz\u0113ts vienai lieto&scaron;anas reizei. Masku ieteicams lietot uzreiz p\u0113c iepakojuma atv\u0113r&scaron;anas.<\/p>\n<p><strong>Kontrindik\u0101cijas:<\/strong> individu\u0101la neieciet\u012bba pret maskas sast\u0101vda\u013c\u0101m.<\/p>\n<p>Uzglab\u0101t temperat\u016br\u0101 no +5&deg;C l\u012bdz +25&deg;C un relat\u012bvaj\u0101 mitrum\u0101 55-70% viet\u0101 aizsarg\u0101t\u0101 no tie&scaron;iem saules stariem. Nav at\u013cauts uzglab\u0101t produktu maz\u0101k par 1 m att\u0101lum\u0101 no augstas temperat\u016bras avotiem.<\/p>\n","protected":false},"excerpt":{"rendered":"<p>Hialuronsk\u0101be ir dabiska cilv\u0113ka \u0101das sast\u0101vda\u013ca, ko organisms labi panes, neizraisot aler\u0123iju un atgr\u016b&scaron;anu. T\u0101 atgrie\u017e \u0101dai skaistumu un jaun\u012bbu un ir dro&scaron;\u0101kais l\u012bdzeklis kont\u016bru veido&scaron;anai. Kolag\u0113ns ir dabisks \u0101d\u0101 atrodams prote\u012bns, kas uztur dabisko elast\u012bbas l\u012bmeni un uzlabo \u0101das tekst\u016bru. Zil\u0101 lotosa ekstrakts, kas ir iek\u013cauts algin\u0101ta maskas pamat\u0101, pateicoties flavono\u012bdu saturam, sp\u0113j pal\u0113nin\u0101t [&#8230;]\n","protected":false},"featured_media":86906,"template":"","meta":[],"product_cat":[1999],"product_tag":[],"class_list":{"0":"post-37548","1":"product","2":"type-product","3":"status-publish","4":"has-post-thumbnail","6":"product_brand-naturpro_ua","7":"product_cat-bez-kategorijas","9":"first","10":"instock","11":"taxable","12":"shipping-taxable","13":"product-type-simple"},"_links":{"self":[{"href":"https:\/\/e.kosmolat.eu\/lv\/wp-json\/wp\/v2\/product\/37548","targetHints":{"allow":["GET"]}}],"collection":[{"href":"https:\/\/e.kosmolat.eu\/lv\/wp-json\/wp\/v2\/product"}],"about":[{"href":"https:\/\/e.kosmolat.eu\/lv\/wp-json\/wp\/v2\/types\/product"}],"wp:featuredmedia":[{"embeddable":true,"href":"https:\/\/e.kosmolat.eu\/lv\/wp-json\/wp\/v2\/media\/86906"}],"wp:attachment":[{"href":"https:\/\/e.kosmolat.eu\/lv\/wp-json\/wp\/v2\/media?parent=37548"}],"wp:term":[{"taxonomy":"product_cat","embeddable":true,"href":"https:\/\/e.kosmolat.eu\/lv\/wp-json\/wp\/v2\/product_cat?post=37548"},{"taxonomy":"product_tag","embeddable":true,"href":"https:\/\/e.kosmolat.eu\/lv\/wp-json\/wp\/v2\/product_tag?post=37548"}],"curies":[{"name":"wp","href":"https:\/\/api.w.org\/{rel}","templated":true}]}}