{"id":37544,"date":"2023-12-22T19:57:28","date_gmt":"2023-12-22T19:57:28","guid":{"rendered":"https:\/\/e.kosmolat.eu\/product\/bd-alginata-maska-botox-20-g\/"},"modified":"2026-04-22T11:09:32","modified_gmt":"2026-04-22T11:09:32","slug":"bd-alginata-maska-botox-20-g","status":"publish","type":"product","link":"https:\/\/e.kosmolat.eu\/lv\/product\/bd-alginata-maska-botox-20-g\/","title":{"rendered":"BD Algin\u0101ta maska \u201cBotox+\u201d, 20 g"},"content":{"rendered":"<p><strong>Argirel\u012bns<\/strong> ir dro&scaron;a alternat\u012bva botoksam, jo tas sp\u0113j samazin\u0101t m\u012bmikas grumbas.&nbsp;<strong>Hialuronsk\u0101be<\/strong> nov\u0113r&scaron; noveco&scaron;anos un uztur optim\u0101lu \u0101das mitrin\u0101&scaron;anas l\u012bmeni.<\/p>\n<p><strong>Lieto&scaron;ana:&nbsp;<\/strong><br \/>\n1.&nbsp;Sajauciet 20 g saus\u0101 pulvera ar 60 ml auksta \u016bdens (20-25&deg;C), attiec\u012bb\u0101 1:3.&nbsp;<br \/>\n2. R\u016bp\u012bgi samaisiet l\u012bdz veidojas viendab\u012bga masa.<br \/>\n3. Uzkl\u0101jiet masku uz att\u012br\u012btas sejas \u0101das 3-5 mm biez\u0101 k\u0101rti\u0146\u0101.<br \/>\n4. Varat uzkl\u0101t uz visas sejas, ieskaitot l\u016bpas un plaksti\u0146us.<br \/>\n5. P\u0113c 5-7 min\u016bt\u0113m veidojas bl\u012bva elast\u012bga pl\u0113ve.<br \/>\n6. P\u0113c 15-20 min\u016btem no\u0146emiet visu masku virzien\u0101 no apak&scaron;as uz aug&scaron;u.<\/p>\n<p><strong>Uzman\u012bbu:<\/strong> pirms lieto&scaron;anas maska ir j\u0101p\u0101rbauda uz neliela \u0101das laukuma. Ja tiek konstat\u0113ta aler\u0123iska reakcija, p\u0101rtrauciet lieto&scaron;anu.&nbsp;<\/p>\n<p><strong>Kontrindik\u0101cijas:<\/strong> individu\u0101la nepanes\u012bba pret maskas sast\u0101vda\u013c\u0101m.<\/p>\n<p>Uzglab\u0101t temperat\u016br\u0101 no +5 &deg;C l\u012bdz +25 &deg;C un relat\u012bvaj\u0101 mitrum\u0101 55-70%, sarg\u0101jot no tie&scaron;iem saules stariem, ne tuv\u0101k par 1 m no siltuma avotiem.<\/p>\n","protected":false},"excerpt":{"rendered":"<p>Argirel\u012bns ir dro&scaron;a alternat\u012bva botoksam, jo tas sp\u0113j samazin\u0101t m\u012bmikas grumbas.&nbsp;Hialuronsk\u0101be nov\u0113r&scaron; noveco&scaron;anos un uztur optim\u0101lu \u0101das mitrin\u0101&scaron;anas l\u012bmeni. Lieto&scaron;ana:&nbsp; 1.&nbsp;Sajauciet 20 g saus\u0101 pulvera ar 60 ml auksta \u016bdens (20-25&deg;C), attiec\u012bb\u0101 1:3.&nbsp; 2. R\u016bp\u012bgi samaisiet l\u012bdz veidojas viendab\u012bga masa. 3. Uzkl\u0101jiet masku uz att\u012br\u012btas sejas \u0101das 3-5 mm biez\u0101 k\u0101rti\u0146\u0101. 4. Varat uzkl\u0101t uz [&#8230;]\n","protected":false},"featured_media":86902,"template":"","meta":[],"product_cat":[1370],"product_tag":[],"class_list":{"0":"post-37544","1":"product","2":"type-product","3":"status-publish","4":"has-post-thumbnail","6":"product_brand-naturpro_ua","7":"product_cat-1370","9":"first","10":"outofstock","11":"taxable","12":"shipping-taxable","13":"product-type-simple"},"_links":{"self":[{"href":"https:\/\/e.kosmolat.eu\/lv\/wp-json\/wp\/v2\/product\/37544","targetHints":{"allow":["GET"]}}],"collection":[{"href":"https:\/\/e.kosmolat.eu\/lv\/wp-json\/wp\/v2\/product"}],"about":[{"href":"https:\/\/e.kosmolat.eu\/lv\/wp-json\/wp\/v2\/types\/product"}],"wp:featuredmedia":[{"embeddable":true,"href":"https:\/\/e.kosmolat.eu\/lv\/wp-json\/wp\/v2\/media\/86902"}],"wp:attachment":[{"href":"https:\/\/e.kosmolat.eu\/lv\/wp-json\/wp\/v2\/media?parent=37544"}],"wp:term":[{"taxonomy":"product_cat","embeddable":true,"href":"https:\/\/e.kosmolat.eu\/lv\/wp-json\/wp\/v2\/product_cat?post=37544"},{"taxonomy":"product_tag","embeddable":true,"href":"https:\/\/e.kosmolat.eu\/lv\/wp-json\/wp\/v2\/product_tag?post=37544"}],"curies":[{"name":"wp","href":"https:\/\/api.w.org\/{rel}","templated":true}]}}